{"id":44310,"date":"2023-04-14T10:19:10","date_gmt":"2023-04-14T03:19:10","guid":{"rendered":"https:\/\/mouldking.store\/shop\/custom-81067-venator-class-republic-attack-cruiser-with-5458-pieces\/"},"modified":"2023-04-14T10:19:10","modified_gmt":"2023-04-14T03:19:10","slug":"custom-81067-venator-class-republic-attack-cruiser-with-5458-pieces","status":"publish","type":"product","link":"https:\/\/mouldking.store\/de\/shop\/custom-81067-venator-class-republic-attack-cruiser-with-5458-pieces\/","title":{"rendered":"Custom 81067 Republic Attack Cruiser der Venator-Klasse mit 5458 Teilen"},"content":{"rendered":"<div>\u2705 Custom 81067 Republic Attack Cruiser der Venator-Klasse<br \/>&nbsp;<br \/>\u2705Im Star Wars-Universum ist der Republic Attack Cruiser der Venator-Klasse eine Art Kriegsschiff, das von der Galaktischen Republik w\u00e4hrend der Klonkriege eingesetzt wurde. Es ist ein gro\u00dfes, m\u00e4chtiges Schiff, das sowohl f\u00fcr den Weltraumkampf als auch f\u00fcr Bodenangriffe ausgelegt ist.<br \/>&nbsp;<br \/>\ud83d\udeab WICHTIG!&nbsp;<br \/>&nbsp;<br \/>Produktname: Republik-Angriffskreuzer der Venator-Klasse<br \/>&nbsp;<br \/>Kategorie: Krieg der Sterne<br \/>&nbsp;<br \/>Dieses Kit enth\u00e4lt: Benutzerdefiniert 81067<br \/>&nbsp;<br \/>5458 St\u00fcck Steine von guter Qualit\u00e4t&nbsp;<br \/>&nbsp;<br \/>Gr\u00f6\u00dfe: 112 \u00d7 59 \u00d7 31 cm<br \/>&nbsp;<br \/>Manuelle Anweisungen&nbsp;<br \/>&nbsp;<br \/>\ud83d\udcccNatur des Protagonisten&nbsp;<br \/>&nbsp;<br \/>Die Einf\u00fchrung unserer stolzen Kollektion mit dem Namen \u201eRepublikischer Angriffskreuzer der Venator-Klasse\u201c sollten Sie sich nicht entgehen lassen.&nbsp;<br \/>&nbsp;<br \/>Der Kreuzer der Venator-Klasse ist \u00fcber einen Kilometer lang und mit einer Vielzahl von Waffen bewaffnet, darunter Turbolaser, Ionenkanonen und Ersch\u00fctterungsraketenwerfer. Es hat auch eine Reihe von Sternenj\u00e4gern, darunter Jedi-Sternenj\u00e4ger, ARC-170 und V-Wings, die von seinen Hangarbuchten aus gestartet werden k\u00f6nnen. Der Kreuzer der Venator-Klasse wurde von der republikanischen Marine w\u00e4hrend der Klonkriege ausgiebig eingesetzt und spielte eine wichtige Rolle in vielen der wichtigsten Schlachten des Konflikts, wie der Schlacht von Coruscant und der Schlacht von Kashyyyk. Nach dem Fall der Republik und dem Aufstieg des Galaktischen Imperiums wurden viele Kreuzer der Venator-Klasse vom neuen Regime au\u00dfer Dienst gestellt oder umfunktioniert.<\/div>","protected":false},"excerpt":{"rendered":"<p>Marke: Benutzerdefiniert<br \/>\nGeschlecht: Unisex<br \/>\nAltersspanne: &gt; 14 Jahre alt<br \/>\nModellnummer: 81067<br \/>\nEinstufung: Assemblage<br \/>\nKunststoffblockform: Selbstsichernde Steine<br \/>\nMaterial: Kunststoff<br \/>\nKunststofftyp: ABS<br \/>\nZiegelsteine: 5458 +<br \/>\nKeine Originalverpackung<\/p>","protected":false},"featured_media":44309,"comment_status":"open","ping_status":"closed","template":"","meta":{"_acf_changed":false},"product_cat":[581,6016,415,1408],"product_tag":[11328,5541,434,3443,2276,436,11729],"class_list":["product","first","instock","shipping-taxable","purchasable","product-type-simple"],"acf":[],"_links":{"self":[{"href":"https:\/\/mouldking.store\/de\/wp-json\/wp\/v2\/product\/44310","targetHints":{"allow":["GET"]}}],"collection":[{"href":"https:\/\/mouldking.store\/de\/wp-json\/wp\/v2\/product"}],"about":[{"href":"https:\/\/mouldking.store\/de\/wp-json\/wp\/v2\/types\/product"}],"replies":[{"embeddable":true,"href":"https:\/\/mouldking.store\/de\/wp-json\/wp\/v2\/comments?post=44310"}],"wp:featuredmedia":[{"embeddable":true,"href":"https:\/\/mouldking.store\/de\/wp-json\/wp\/v2\/media\/44309"}],"wp:attachment":[{"href":"https:\/\/mouldking.store\/de\/wp-json\/wp\/v2\/media?parent=44310"}],"wp:term":[{"taxonomy":"product_cat","embeddable":true,"href":"https:\/\/mouldking.store\/de\/wp-json\/wp\/v2\/product_cat?post=44310"},{"taxonomy":"product_tag","embeddable":true,"href":"https:\/\/mouldking.store\/de\/wp-json\/wp\/v2\/product_tag?post=44310"}],"curies":[{"name":"wp","href":"https:\/\/api.w.org\/{rel}","templated":true}]}}