{"id":44333,"date":"2023-04-14T11:13:20","date_gmt":"2023-04-14T04:13:20","guid":{"rendered":"https:\/\/mouldking.store\/shop\/keeppley-k20509-ichiraku-ramen-noodle-shop-with-2240-pieces\/"},"modified":"2023-04-14T11:13:20","modified_gmt":"2023-04-14T04:13:20","slug":"keeppley-k20509-ichiraku-ramen-noodle-shop-with-2240-pieces","status":"publish","type":"product","link":"https:\/\/mouldking.store\/de\/shop\/keeppley-k20509-ichiraku-ramen-noodle-shop-with-2240-pieces\/","title":{"rendered":"Keeppley K20509 Ichiraku Ramen Noodle Shop mit 2240 St\u00fcck"},"content":{"rendered":"<div>\u2705 Keeppley K20509 Ichiraku Ramen Nudelladen&nbsp;<br \/>&nbsp;<br \/>\u2705Das Keeppley K20509 Movie &amp; Game Noodle Shop Building Blocks Set ist ein sehr detailliertes und kompliziertes Bausteinset, mit dem Sie einen Nudelladen im japanischen Stil bauen k\u00f6nnen. Das Set enth\u00e4lt 2240 \u00b1 Teile einzelner Bausteine und ist f\u00fcr erfahrene Bastler konzipiert, die Spa\u00df daran haben, komplexe Modelle zu bauen und anzupassen.<br \/>&nbsp;<br \/>\ud83d\udeab WICHTIG!&nbsp;<br \/>&nbsp;<br \/>Produktname: Ichiraku Ramen Nudelladen&nbsp;<br \/>&nbsp;<br \/>Kategorie: Modulares Bauen<br \/>&nbsp;<br \/>Dieses Kit enth\u00e4lt: Keeppley K20509<br \/>&nbsp;<br \/>2240 St\u00fcck Ziegel von guter Qualit\u00e4t&nbsp;<br \/>&nbsp;<br \/>Gr\u00f6\u00dfe: 25,3 \u00d7 25,3 \u00d7 24 cm<br \/>&nbsp;<br \/>Manuelle Anweisungen&nbsp;<br \/>&nbsp;<br \/>\ud83d\udcccNatur des Protagonisten&nbsp;<br \/>&nbsp;<br \/>Die Einf\u00fchrung unserer stolzen Kollektion mit dem Namen \u201e Ichiraku Ramen Noodle Shop \u201c sollten Sie nicht verpassen.&nbsp;<br \/>&nbsp;<br \/>Das Nudelladen-Modell hat ein authentisches und realistisches Aussehen mit detaillierter Architektur und Dekoration im japanischen Stil, darunter traditionelle Laternen, Bambusz\u00e4une und Kirschbl\u00fctenb\u00e4ume. Die im Set verwendeten Bausteine bestehen aus hochwertigem ABS-Kunststoff, der strapazierf\u00e4hig und langlebig ist. Das Keeppley K20509-Set ist Teil der Movie &amp; Game-Serie, die ein Unterthema der Bausteinsets ist, mit dem Sie Geb\u00e4ude oder Charaktere basierend auf beliebten Filmen und Videospielen konstruieren k\u00f6nnen. Es ist kompatibel mit anderen Bausteinsets aus der gleichen Serie sowie mit anderen gro\u00dfen Bausteinmarken.<\/div>","protected":false},"excerpt":{"rendered":"<p>Marke: Keeppley<br \/>\nGeschlecht: Unisex<br \/>\nAltersspanne: &gt; 6 Jahre alt<br \/>\nModellnummer: K20509<br \/>\nEinstufung: Assemblage<br \/>\nKunststoffblockform: Selbstsichernde Steine<br \/>\nMaterial: Kunststoff<br \/>\nKunststofftyp: ABS<br \/>\nZiegelsteine: 2240 +<br \/>\nKeine Minifiguren<\/p>","protected":false},"featured_media":44328,"comment_status":"open","ping_status":"closed","template":"","meta":{"_acf_changed":false},"product_cat":[1395,390],"product_tag":[11260,4883,5434,392,2383,11734,11735,11736,1711],"class_list":["product","first","instock","shipping-taxable","purchasable","product-type-simple"],"acf":[],"_links":{"self":[{"href":"https:\/\/mouldking.store\/de\/wp-json\/wp\/v2\/product\/44333","targetHints":{"allow":["GET"]}}],"collection":[{"href":"https:\/\/mouldking.store\/de\/wp-json\/wp\/v2\/product"}],"about":[{"href":"https:\/\/mouldking.store\/de\/wp-json\/wp\/v2\/types\/product"}],"replies":[{"embeddable":true,"href":"https:\/\/mouldking.store\/de\/wp-json\/wp\/v2\/comments?post=44333"}],"wp:featuredmedia":[{"embeddable":true,"href":"https:\/\/mouldking.store\/de\/wp-json\/wp\/v2\/media\/44328"}],"wp:attachment":[{"href":"https:\/\/mouldking.store\/de\/wp-json\/wp\/v2\/media?parent=44333"}],"wp:term":[{"taxonomy":"product_cat","embeddable":true,"href":"https:\/\/mouldking.store\/de\/wp-json\/wp\/v2\/product_cat?post=44333"},{"taxonomy":"product_tag","embeddable":true,"href":"https:\/\/mouldking.store\/de\/wp-json\/wp\/v2\/product_tag?post=44333"}],"curies":[{"name":"wp","href":"https:\/\/api.w.org\/{rel}","templated":true}]}}