{"id":44962,"date":"2023-05-04T12:00:02","date_gmt":"2023-05-04T05:00:02","guid":{"rendered":"https:\/\/mouldking.store\/shop\/joytoy-jt5161-grenadier-with-1-pieces\/"},"modified":"2023-05-04T12:00:02","modified_gmt":"2023-05-04T05:00:02","slug":"joytoy-jt5161-grenadier-with-1-pieces","status":"publish","type":"product","link":"https:\/\/mouldking.store\/de\/shop\/joytoy-jt5161-grenadier-with-1-pieces\/","title":{"rendered":"Joytoy JT5161 GRENADIER mit 1 St\u00fcck"},"content":{"rendered":"<div>\u2705 JOYTOY JT5161 GRENADIER<br \/>&nbsp;<br \/>\u2705Im Warhammer-40.000-Universum ist ein Grenadier eine spezialisierte Rolle innerhalb des Astra Militarum (Imperial Guard), die f\u00fcr den Einsatz schwerer Waffen wie Granatwerfer und Raketenwerfer verantwortlich ist. Grenadiere sind typischerweise mit schwererer Panzerung und Bewaffnung ausgestattet als Standardinfanterie und werden oft eingesetzt, um anderen Einheiten Feuerunterst\u00fctzung zu geben oder befestigte Stellungen oder Fahrzeuge auszuschalten.<br \/>&nbsp;<br \/>\ud83d\udeab WICHTIG!&nbsp;<br \/>&nbsp;<br \/>Produktname: GRENADIER<br \/>&nbsp;<br \/>Kategorie: Sch\u00f6pfer&nbsp;<br \/>&nbsp;<br \/>Dieses Kit enth\u00e4lt: JOYTOY JT5161<br \/>&nbsp;<br \/>1 St\u00fcck Ziegel von guter Qualit\u00e4t&nbsp;<br \/>&nbsp;<br \/>Gr\u00f6\u00dfe: 10,7 cm<br \/>&nbsp;<br \/>Manuelle Anweisungen&nbsp;<br \/>&nbsp;<br \/>\ud83d\udcccNatur des Protagonisten&nbsp;<br \/>&nbsp;<br \/>Wir stellen Ihnen unsere stolze Kollektion mit dem Namen \u201eGRENADIER\u201c vor, die Sie nicht verpassen sollten.&nbsp;<br \/>&nbsp;<br \/>Grenadiere k\u00f6nnen auch f\u00fcr den Einsatz von Spezialmunition wie Splittergranaten oder Krak-Raketen zust\u00e4ndig sein, um bestimmte Ziele auszuschalten. Sie verf\u00fcgen m\u00f6glicherweise \u00fcber spezielle Ausr\u00fcstung wie Granatengurte oder Munitionsg\u00fcrtel, um ihre schweren Waffen und Munition zu tragen. In manchen Regimenten des Astra Militarum k\u00f6nnen Grenadiere eine separate Einheit sein, w\u00e4hrend sie in anderen in Standard-Infanterieeinheiten integriert sind. Grenadiere k\u00f6nnen in Warhammer 40.000 auch \u00fcber besondere Regeln oder F\u00e4higkeiten verf\u00fcgen, beispielsweise die F\u00e4higkeit, Deckungsboni zu ignorieren oder Fahrzeugen zus\u00e4tzlichen Schaden zuzuf\u00fcgen.<\/div>","protected":false},"excerpt":{"rendered":"<p>Marke: Joytoy<br \/>\nGeschlecht: Unisex<br \/>\nAltersspanne: &gt; 6 Jahre alt<br \/>\nModellnummer: JT5161<br \/>\nEinstufung: Assemblage<br \/>\nKunststoffblockform: Selbstsichernde Steine<br \/>\nMaterial: Kunststoff<br \/>\nKunststofftyp: ABS<br \/>\nZiegelsteine: 1 +<br \/>\nVorverkauf<\/p>","protected":false},"featured_media":44960,"comment_status":"open","ping_status":"closed","template":"","meta":{"_acf_changed":false},"product_cat":[1365,371],"product_tag":[11072,8452,11834,11824],"class_list":["product","first","instock","shipping-taxable","purchasable","product-type-simple"],"acf":[],"_links":{"self":[{"href":"https:\/\/mouldking.store\/de\/wp-json\/wp\/v2\/product\/44962","targetHints":{"allow":["GET"]}}],"collection":[{"href":"https:\/\/mouldking.store\/de\/wp-json\/wp\/v2\/product"}],"about":[{"href":"https:\/\/mouldking.store\/de\/wp-json\/wp\/v2\/types\/product"}],"replies":[{"embeddable":true,"href":"https:\/\/mouldking.store\/de\/wp-json\/wp\/v2\/comments?post=44962"}],"wp:featuredmedia":[{"embeddable":true,"href":"https:\/\/mouldking.store\/de\/wp-json\/wp\/v2\/media\/44960"}],"wp:attachment":[{"href":"https:\/\/mouldking.store\/de\/wp-json\/wp\/v2\/media?parent=44962"}],"wp:term":[{"taxonomy":"product_cat","embeddable":true,"href":"https:\/\/mouldking.store\/de\/wp-json\/wp\/v2\/product_cat?post=44962"},{"taxonomy":"product_tag","embeddable":true,"href":"https:\/\/mouldking.store\/de\/wp-json\/wp\/v2\/product_tag?post=44962"}],"curies":[{"name":"wp","href":"https:\/\/api.w.org\/{rel}","templated":true}]}}