{"id":45070,"date":"2023-05-10T09:45:26","date_gmt":"2023-05-10T02:45:26","guid":{"rendered":"https:\/\/mouldking.store\/shop\/taigaole-t5025b-red-mini-cooper-s-with-2292-pieces\/"},"modified":"2023-05-10T09:45:26","modified_gmt":"2023-05-10T02:45:26","slug":"taigaole-t5025b-red-mini-cooper-s-with-2292-pieces","status":"publish","type":"product","link":"https:\/\/mouldking.store\/de\/shop\/taigaole-t5025b-red-mini-cooper-s-with-2292-pieces\/","title":{"rendered":"TaiGaoLe T5025B Roter MINI Cooper S mit 2292 Teilen"},"content":{"rendered":"<div>\u2705 TAIGAOLE T5025B Red MINI Cooper S&nbsp;<br \/>&nbsp;<br \/>\u2705Der MINI Cooper S ist eine sportliche Version des MINI Cooper, eines Kleinwagens des britischen Automobilherstellers MINI. Das \u201eS\u201c im Namen steht f\u00fcr \u201eSport\u201c und weist darauf hin, dass diese Version des MINI Cooper f\u00fcr verbesserte Leistung und ein besseres Fahrerlebnis konzipiert ist.<br \/>&nbsp;<br \/>\ud83d\udeab WICHTIG!&nbsp;<br \/>&nbsp;<br \/>Product Name: Red MINI Cooper S&nbsp;<br \/>&nbsp;<br \/>Kategorie: Technik<br \/>&nbsp;<br \/>This Kit Contains: TAIGAOLE T5025B<br \/>&nbsp;<br \/>2292 St\u00fcck hochwertige Steine&nbsp;<br \/>&nbsp;<br \/>Gr\u00f6\u00dfe: 39 \u00d7 22,5 \u00d7 15,6 cm<br \/>&nbsp;<br \/>Manuelle Anweisungen&nbsp;<br \/>&nbsp;<br \/>\ud83d\udcccNatur des Protagonisten&nbsp;<br \/>&nbsp;<br \/>Introducing our proud collection named \u201cRed MINI Cooper S \u201d you should not miss.&nbsp;<br \/>&nbsp;<br \/>Der MINI Cooper S wird von einem Turbomotor angetrieben, der mehr Leistung als der Standard-Cooper bietet. Er verf\u00fcgt au\u00dferdem \u00fcber ein sportlich abgestimmtes Fahrwerk, gr\u00f6\u00dfere Bremsen und einzigartige Designelemente, die ihn vom regul\u00e4ren MINI Cooper abheben. Der MINI Cooper S ist als Zweit\u00fcrer, Viert\u00fcrer und Cabrio erh\u00e4ltlich. Der MINI Cooper S ist bei Autoliebhabern und Fahrbegeisterten wegen seiner Kombination aus agilem Handling, temperamentvoller Leistung und unverwechselbarem Stil beliebt.<\/div>","protected":false},"excerpt":{"rendered":"<p>Marke: TaiGaoLe<br \/>\nGeschlecht: Unisex<br \/>\nAltersspanne: &gt; 8 Jahre alt<br \/>\nModel Number: T5025B<br \/>\nEinstufung: Assemblage<br \/>\nKunststoffblockform: Selbstsichernde Steine<br \/>\nMaterial: Kunststoff<br \/>\nKunststofftyp: ABS<br \/>\nZiegelsteine: 2292 +<br \/>\nKeine Originalverpackung<\/p>","protected":false},"featured_media":45064,"comment_status":"open","ping_status":"closed","template":"","meta":{"_acf_changed":false},"product_cat":[1360,1357,364],"product_tag":[457,11861,479,389,11080],"class_list":["product","first","instock","shipping-taxable","purchasable","product-type-simple"],"acf":[],"_links":{"self":[{"href":"https:\/\/mouldking.store\/de\/wp-json\/wp\/v2\/product\/45070","targetHints":{"allow":["GET"]}}],"collection":[{"href":"https:\/\/mouldking.store\/de\/wp-json\/wp\/v2\/product"}],"about":[{"href":"https:\/\/mouldking.store\/de\/wp-json\/wp\/v2\/types\/product"}],"replies":[{"embeddable":true,"href":"https:\/\/mouldking.store\/de\/wp-json\/wp\/v2\/comments?post=45070"}],"wp:featuredmedia":[{"embeddable":true,"href":"https:\/\/mouldking.store\/de\/wp-json\/wp\/v2\/media\/45064"}],"wp:attachment":[{"href":"https:\/\/mouldking.store\/de\/wp-json\/wp\/v2\/media?parent=45070"}],"wp:term":[{"taxonomy":"product_cat","embeddable":true,"href":"https:\/\/mouldking.store\/de\/wp-json\/wp\/v2\/product_cat?post=45070"},{"taxonomy":"product_tag","embeddable":true,"href":"https:\/\/mouldking.store\/de\/wp-json\/wp\/v2\/product_tag?post=45070"}],"curies":[{"name":"wp","href":"https:\/\/api.w.org\/{rel}","templated":true}]}}