{"id":45363,"date":"2023-05-17T17:59:59","date_gmt":"2023-05-17T10:59:59","guid":{"rendered":"https:\/\/mouldking.store\/shop\/rastar-99310-audi-r8-lms-gt3-sports-car-with-3314-pieces\/"},"modified":"2023-05-17T17:59:59","modified_gmt":"2023-05-17T10:59:59","slug":"rastar-99310-audi-r8-lms-gt3-sports-car-with-3314-pieces","status":"publish","type":"product","link":"https:\/\/mouldking.store\/de\/shop\/rastar-99310-audi-r8-lms-gt3-sports-car-with-3314-pieces\/","title":{"rendered":"Rastar 99310 Audi R8 LMS GT3 Sports Car with 3314 Pieces"},"content":{"rendered":"<div>\u2705 RASTAR 99310 Audi R8 LMS GT3 Sports Car<br \/>&nbsp;<br \/>\u2705The Audi R8 LMS GT3 is a high-performance sports car designed specifically for GT3 racing. It is based on the road-going Audi R8 but has been extensively modified for track use. The R8 LMS GT3 is built by Audi Sport, the motorsport division of Audi.<br \/>&nbsp;<br \/>\ud83d\udeab WICHTIG!&nbsp;<br \/>&nbsp;<br \/>Produktname: Audi R8 LMS GT3 Sportwagen<br \/>&nbsp;<br \/>Kategorie: Technik&nbsp;<br \/>&nbsp;<br \/>This Kit Contains: RASTAR 99310<br \/>&nbsp;<br \/>3314 St\u00fcck Ziegel von guter Qualit\u00e4t&nbsp;<br \/>&nbsp;<br \/>Gr\u00f6\u00dfe: 56,5 \u00d7 27 \u00d7 14 cm<br \/>&nbsp;<br \/>Manuelle Anweisungen&nbsp;<br \/>&nbsp;<br \/>\ud83d\udcccNatur des Protagonisten&nbsp;<br \/>&nbsp;<br \/>Die Einf\u00fchrung unserer stolzen Kollektion mit dem Namen \u201eAudi R8 LMS GT3 Sports Car\u201c sollten Sie nicht verpassen.&nbsp;<br \/>&nbsp;<br \/>The R8 LMS GT3 is powered by a 5.2-liter naturally aspirated V10 engine, which produces over 550 horsepower, although the exact power output can vary depending on the Balance of Performance (BoP) regulations of the racing series it competes in. The Audi R8 LMS GT3 has enjoyed significant success in GT3 racing around the world. It has achieved numerous victories in prestigious events such as the 24 Hours of N\u00fcrburgring, 24 Hours of Spa, and the Blancpain GT Series. The Audi R8 LMS GT3 is a purpose-built racing car that combines power, precision, and aerodynamic excellence to deliver outstanding performance on the track. It embodies Audi&#8217;s motorsport heritage and engineering expertise, making it a formidable competitor in GT3 racing championships.<\/div>","protected":false},"excerpt":{"rendered":"<p>Marke: Rastar<br \/>\nGeschlecht: Unisex<br \/>\nAltersspanne: &gt; 14 Jahre alt<br \/>\nModel Number: 99310<br \/>\nEinstufung: Assemblage<br \/>\nKunststoffblockform: Selbstsichernde Steine<br \/>\nMaterial: Kunststoff<br \/>\nKunststofftyp: ABS<br \/>\nZiegelsteine: 3314 +<br \/>\nNur einstellen<br \/>\nKeine Originalverpackung<\/p>","protected":false},"featured_media":45356,"comment_status":"open","ping_status":"closed","template":"","meta":{"_acf_changed":false},"product_cat":[1360,1357,364],"product_tag":[1845,457,11375,11150,389,11080],"class_list":["product","first","instock","shipping-taxable","purchasable","product-type-simple"],"acf":[],"_links":{"self":[{"href":"https:\/\/mouldking.store\/de\/wp-json\/wp\/v2\/product\/45363","targetHints":{"allow":["GET"]}}],"collection":[{"href":"https:\/\/mouldking.store\/de\/wp-json\/wp\/v2\/product"}],"about":[{"href":"https:\/\/mouldking.store\/de\/wp-json\/wp\/v2\/types\/product"}],"replies":[{"embeddable":true,"href":"https:\/\/mouldking.store\/de\/wp-json\/wp\/v2\/comments?post=45363"}],"wp:featuredmedia":[{"embeddable":true,"href":"https:\/\/mouldking.store\/de\/wp-json\/wp\/v2\/media\/45356"}],"wp:attachment":[{"href":"https:\/\/mouldking.store\/de\/wp-json\/wp\/v2\/media?parent=45363"}],"wp:term":[{"taxonomy":"product_cat","embeddable":true,"href":"https:\/\/mouldking.store\/de\/wp-json\/wp\/v2\/product_cat?post=45363"},{"taxonomy":"product_tag","embeddable":true,"href":"https:\/\/mouldking.store\/de\/wp-json\/wp\/v2\/product_tag?post=45363"}],"curies":[{"name":"wp","href":"https:\/\/api.w.org\/{rel}","templated":true}]}}