{"id":45563,"date":"2023-05-19T11:23:17","date_gmt":"2023-05-19T04:23:17","guid":{"rendered":"https:\/\/mouldking.store\/shop\/wangao-288002-long-march-5-launch-vehicle-with-1000-pieces\/"},"modified":"2023-05-19T11:23:17","modified_gmt":"2023-05-19T04:23:17","slug":"wangao-288002-long-march-5-launch-vehicle-with-1000-pieces","status":"publish","type":"product","link":"https:\/\/mouldking.store\/de\/shop\/wangao-288002-long-march-5-launch-vehicle-with-1000-pieces\/","title":{"rendered":"Wangao 288002 Tr\u00e4gerrakete Langer Marsch 5 mit 1000 Teilen"},"content":{"rendered":"<div>\u2705 Wangao 288002 Long March 5 Launch Vehicle<\/p>\n<p>\u2705The Long March 5 is a Chinese expendable heavy-lift launch vehicle developed by the China National Space Administration (CNSA). It is designed to launch large payloads into space, including communication satellites, scientific missions, and modules for China&#8217;s space station.<br \/>&nbsp;<br \/>\ud83d\udeab WICHTIG!&nbsp;<br \/>&nbsp;<br \/>Product Name: Long March 5 Launch Vehicle<\/p>\n<p>Kategorie: Weltraum<br \/>&nbsp;<br \/>This Kit Contains: Wangao 288002<br \/>&nbsp;<br \/>1000 St\u00fcck Steine von guter Qualit\u00e4t&nbsp;<br \/>&nbsp;<br \/>Size:&nbsp; 8.9 \u00d7 8.9 \u00d7 34.6 cm<br \/>&nbsp;<br \/>Manuelle Anweisungen&nbsp;<br \/>&nbsp;<br \/>\ud83d\udcccNatur des Protagonisten&nbsp;<br \/>&nbsp;<br \/>Introducing our proud collection named \u201cLong March 5 Launch Vehicle\u201d you should not miss.&nbsp;<br \/>&nbsp;<br \/>The Long March 5 has a payload capacity of approximately 14 metric tons to geostationary transfer orbit (GTO) or up to 25 metric tons to low Earth orbit (LEO). This makes it one of China&#8217;s most powerful rockets and enables it to carry substantial payloads. The Long March 5 represents a significant advancement in China&#8217;s space launch capabilities. Its development has helped expand China&#8217;s space exploration and satellite deployment capabilities. Additionally, a more powerful variant of the Long March 5, known as the Long March 5B, has been developed for launching the Tianzhou cargo spacecraft and core modules of China&#8217;s space station.<\/div>","protected":false},"excerpt":{"rendered":"<p>Brand: Wangao<br \/>\nGeschlecht: Unisex<br \/>\nAltersspanne: &gt; 6 Jahre alt<br \/>\nModel Number: 288002<br \/>\nEinstufung: Assemblage<br \/>\nKunststoffblockform: Selbstsichernde Steine<br \/>\nMaterial: Kunststoff<br \/>\nKunststofftyp: ABS<br \/>\nZiegelsteine: 1000 +<br \/>\nSt\u00fccke k\u00f6nnen sich \u00e4ndern<br \/>\nKeine Originalverpackung<\/p>","protected":false},"featured_media":45557,"comment_status":"open","ping_status":"closed","template":"","meta":{"_acf_changed":false},"product_cat":[1357,6016,364],"product_tag":[11481,11917,11918,2276,389,2803],"class_list":["product","first","instock","shipping-taxable","purchasable","product-type-simple"],"acf":[],"_links":{"self":[{"href":"https:\/\/mouldking.store\/de\/wp-json\/wp\/v2\/product\/45563","targetHints":{"allow":["GET"]}}],"collection":[{"href":"https:\/\/mouldking.store\/de\/wp-json\/wp\/v2\/product"}],"about":[{"href":"https:\/\/mouldking.store\/de\/wp-json\/wp\/v2\/types\/product"}],"replies":[{"embeddable":true,"href":"https:\/\/mouldking.store\/de\/wp-json\/wp\/v2\/comments?post=45563"}],"wp:featuredmedia":[{"embeddable":true,"href":"https:\/\/mouldking.store\/de\/wp-json\/wp\/v2\/media\/45557"}],"wp:attachment":[{"href":"https:\/\/mouldking.store\/de\/wp-json\/wp\/v2\/media?parent=45563"}],"wp:term":[{"taxonomy":"product_cat","embeddable":true,"href":"https:\/\/mouldking.store\/de\/wp-json\/wp\/v2\/product_cat?post=45563"},{"taxonomy":"product_tag","embeddable":true,"href":"https:\/\/mouldking.store\/de\/wp-json\/wp\/v2\/product_tag?post=45563"}],"curies":[{"name":"wp","href":"https:\/\/api.w.org\/{rel}","templated":true}]}}