{"id":46259,"date":"2023-05-26T12:33:38","date_gmt":"2023-05-26T05:33:38","guid":{"rendered":"https:\/\/mouldking.store\/shop\/joytoy-jt4614jt4621jt4638-adepta-sororitas-battle-sisters-order-of-the-argent-shroud-sister-with-3-pieces\/"},"modified":"2023-05-26T12:33:38","modified_gmt":"2023-05-26T05:33:38","slug":"joytoy-jt4614jt4621jt4638-adepta-sororitas-battle-sisters-order-of-the-argent-shroud-sister-with-3-pieces","status":"publish","type":"product","link":"https:\/\/mouldking.store\/de\/shop\/joytoy-jt4614jt4621jt4638-adepta-sororitas-battle-sisters-order-of-the-argent-shroud-sister-with-3-pieces\/","title":{"rendered":"Joytoy JT4614+JT4621+JT4638 Adepta Sororitas Battle Sisters Order of the Argent Shroud Schwester mit 3 Teilen"},"content":{"rendered":"<div>\u2705 JOYTOY JT4614+JT4621+JT4638 Adepta Sororitas Battle Sisters Orden der Argentum-Schwester<br \/>&nbsp;<br \/>\u2705Die Battle Sisters des Order of the Argent Shroud sind eine spezielle Fraktion innerhalb der Adepta Sororitas, auch bekannt als die Sisters of Battle, im Warhammer-40.000-Universum.&nbsp;<br \/>&nbsp;<br \/>\ud83d\udeab WICHTIG!&nbsp;<br \/>&nbsp;<br \/>Produktname: Adepta Sororitas Battle Sisters Orden der Argentum-Shroud-Schwester<br \/>&nbsp;<br \/>Kategorie: Sch\u00f6pfer&nbsp;<br \/>&nbsp;<br \/>Dieses Kit enth\u00e4lt: JOYTOY JT4614+JT4621+JT4638<br \/>&nbsp;<br \/>3 St\u00fcck Ziegel von guter Qualit\u00e4t&nbsp;<br \/>&nbsp;<br \/>Gr\u00f6\u00dfe: 13,6 cm<br \/>&nbsp;<br \/>Manuelle Anweisungen&nbsp;<br \/>&nbsp;<br \/>\ud83d\udcccNatur des Protagonisten&nbsp;<br \/>&nbsp;<br \/>Wir stellen Ihnen unsere stolze Kollektion mit dem Namen \u201eAdepta Sororitas Battle Sisters Order of the Argent Shroud Sister\u201c vor, die Sie nicht verpassen sollten.&nbsp;<br \/>&nbsp;<br \/>Der Orden des Silbertuchs ist f\u00fcr seine disziplinierte und effiziente Kampff\u00fchrung sowie seine silberfarbene R\u00fcstung und Hingabe an den Kaiser bekannt. Die Adepta Sororitas besteht aus zahlreichen einzelnen Schwestern, die alle zur gemeinsamen St\u00e4rke und zum gemeinsamen Ziel des Ordens beitragen. Sie sind hochtrainierte Kriegerinnen, die sich der Ausrottung der Ketzerei und dem Schutz des Imperiums verschrieben haben.<\/div>","protected":false},"excerpt":{"rendered":"<p>Marke: Joytoy<br \/>\nGeschlecht: Unisex<br \/>\nAltersspanne: &gt; 6 Jahre alt<br \/>\nModellnummer: JT4614+JT4621+JT4638<br \/>\nEinstufung: Assemblage<br \/>\nKunststoffblockform: Selbstsichernde Steine<br \/>\nMaterial: Kunststoff<br \/>\nKunststofftyp: ABS<br \/>\nZiegelsteine: 3 +<br \/>\nKeine Originalverpackung<\/p>","protected":false},"featured_media":46255,"comment_status":"open","ping_status":"closed","template":"","meta":{"_acf_changed":false},"product_cat":[1365,371],"product_tag":[11827,9077,11072,8452,12042,12021,11828,11824],"class_list":["product","first","instock","shipping-taxable","purchasable","product-type-simple"],"acf":[],"_links":{"self":[{"href":"https:\/\/mouldking.store\/de\/wp-json\/wp\/v2\/product\/46259","targetHints":{"allow":["GET"]}}],"collection":[{"href":"https:\/\/mouldking.store\/de\/wp-json\/wp\/v2\/product"}],"about":[{"href":"https:\/\/mouldking.store\/de\/wp-json\/wp\/v2\/types\/product"}],"replies":[{"embeddable":true,"href":"https:\/\/mouldking.store\/de\/wp-json\/wp\/v2\/comments?post=46259"}],"wp:featuredmedia":[{"embeddable":true,"href":"https:\/\/mouldking.store\/de\/wp-json\/wp\/v2\/media\/46255"}],"wp:attachment":[{"href":"https:\/\/mouldking.store\/de\/wp-json\/wp\/v2\/media?parent=46259"}],"wp:term":[{"taxonomy":"product_cat","embeddable":true,"href":"https:\/\/mouldking.store\/de\/wp-json\/wp\/v2\/product_cat?post=46259"},{"taxonomy":"product_tag","embeddable":true,"href":"https:\/\/mouldking.store\/de\/wp-json\/wp\/v2\/product_tag?post=46259"}],"curies":[{"name":"wp","href":"https:\/\/api.w.org\/{rel}","templated":true}]}}