{"id":46347,"date":"2023-05-29T10:19:06","date_gmt":"2023-05-29T03:19:06","guid":{"rendered":"https:\/\/mouldking.store\/shop\/mould-king-15077-power-motor-green-robot-dog-with-886-pieces\/"},"modified":"2023-05-29T10:19:06","modified_gmt":"2023-05-29T03:19:06","slug":"mould-king-15077-power-motor-green-robot-dog-with-886-pieces","status":"publish","type":"product","link":"https:\/\/mouldking.store\/de\/shop\/mould-king-15077-power-motor-green-robot-dog-with-886-pieces\/","title":{"rendered":"MOULD KING 15077 Power Motor Gr\u00fcner Roboterhund mit 886 Teilen"},"content":{"rendered":"<div>\u2705Mould King 15077 Power Motor Gr\u00fcner Roboterhund<br \/>&nbsp;<br \/>\u2705Der Mould King 15077 Technic Power Motor Green Robot Dog Building Blocks ist ein spezieller Bausteinsatz zum Bau eines Roboterhundemodells. Er besteht aus etwa 886 Teilen oder Steinen.&nbsp;<br \/>&nbsp;<br \/>\ud83d\udeab WICHTIG!&nbsp;<br \/>&nbsp;<br \/>Produktname: Power Motor Gr\u00fcn Roboter Hund<br \/>&nbsp;<br \/>Kategorie: Sch\u00f6pfer&nbsp;<\/p>\n<p>Dieses Kit enth\u00e4lt: Mould King 15077&nbsp;<br \/>&nbsp;<br \/>886 St\u00fcck hochwertige Steine&nbsp;<br \/>&nbsp;<br \/>Manuelle Anweisungen&nbsp;<br \/>&nbsp;<br \/>\ud83d\udcccNatur des Protagonisten&nbsp;<br \/>&nbsp;<br \/>Wir stellen Ihnen unsere stolze Kollektion mit dem Namen \u201ePower Motor Green Robot Dog\u201c vor, die Sie nicht verpassen sollten.&nbsp;<br \/>&nbsp;<br \/>Der Technic Power Motor l\u00e4sst darauf schlie\u00dfen, dass dieser Roboterhund \u00fcber motorisierte Funktionen verf\u00fcgen k\u00f6nnte, wie etwa Gehen oder Schwanzwedeln, die mithilfe einer Stromquelle gesteuert werden k\u00f6nnen.&nbsp;<\/div>","protected":false},"excerpt":{"rendered":"<p>Marke: MOLD KING<br \/>\nGeschlecht: Unisex<br \/>\nAltersspanne: &gt; 8 Jahre alt<br \/>\nModellnummer: 15077<br \/>\nEinstufung: Assemblage<br \/>\nKunststoffblockform: Selbstsichernde Steine<br \/>\nMaterial: Kunststoff<br \/>\nKunststofftyp: ABS<br \/>\nZiegelsteine: 886 +<br \/>\nKeine Originalverpackung<\/p>","protected":false},"featured_media":46342,"comment_status":"open","ping_status":"closed","template":"","meta":{"_acf_changed":false},"product_cat":[1365,1357,371,364],"product_tag":[11072,8452,11777,7978,12059,389],"class_list":["product","first","instock","shipping-taxable","purchasable","product-type-simple"],"acf":[],"_links":{"self":[{"href":"https:\/\/mouldking.store\/de\/wp-json\/wp\/v2\/product\/46347","targetHints":{"allow":["GET"]}}],"collection":[{"href":"https:\/\/mouldking.store\/de\/wp-json\/wp\/v2\/product"}],"about":[{"href":"https:\/\/mouldking.store\/de\/wp-json\/wp\/v2\/types\/product"}],"replies":[{"embeddable":true,"href":"https:\/\/mouldking.store\/de\/wp-json\/wp\/v2\/comments?post=46347"}],"wp:featuredmedia":[{"embeddable":true,"href":"https:\/\/mouldking.store\/de\/wp-json\/wp\/v2\/media\/46342"}],"wp:attachment":[{"href":"https:\/\/mouldking.store\/de\/wp-json\/wp\/v2\/media?parent=46347"}],"wp:term":[{"taxonomy":"product_cat","embeddable":true,"href":"https:\/\/mouldking.store\/de\/wp-json\/wp\/v2\/product_cat?post=46347"},{"taxonomy":"product_tag","embeddable":true,"href":"https:\/\/mouldking.store\/de\/wp-json\/wp\/v2\/product_tag?post=46347"}],"curies":[{"name":"wp","href":"https:\/\/api.w.org\/{rel}","templated":true}]}}