{"id":47689,"date":"2023-07-07T09:47:16","date_gmt":"2023-07-07T02:47:16","guid":{"rendered":"https:\/\/mouldking.store\/shop\/moc-factory-89311-mimic-chests-from-the-legend-of-zelda-tears-of-the-kingdom-with-276-pieces\/"},"modified":"2025-12-16T22:24:51","modified_gmt":"2025-12-16T15:24:51","slug":"moc-factory-89311-mimic-chests-from-the-legend-of-zelda-tears-of-the-kingdom-with-276-pieces","status":"publish","type":"product","link":"https:\/\/mouldking.store\/de\/shop\/moc-factory-89311-mimic-chests-from-the-legend-of-zelda-tears-of-the-kingdom-with-276-pieces\/","title":{"rendered":"MOC Factory 89311 Mimic-Truhen aus The Legend of Zelda: Tears of the Kingdom mit 276 Teilen"},"content":{"rendered":"<div>\u2705 MOC-89311 Mimik-Truhen aus The Legend of Zelda: Tears of the Kingdom<\/p>\n<p>\u2705In vielen Legend of Zelda-Spielen sind Mimik-Truhen Gegner, die als Schatztruhen getarnt sind. Sie wirken harmlos, bis man sich ihnen n\u00e4hert oder sie \u00f6ffnet. Dann erst enth\u00fcllen sie ihr wahres Gesicht und greifen den Spieler an.<\/p>\n<p>\ud83d\udeab WICHTIG!<\/p>\n<p>Produktname: Mimik-Truhen aus The Legend of Zelda: Tears of the Kingdom<\/p>\n<p>Kategorie: Film<\/p>\n<p>Dieses Set enth\u00e4lt: C9615&nbsp;<\/p>\n<p>276 St\u00fcck hochwertige Ziegelsteine<\/p>\n<p>Gr\u00f6\u00dfe: 11,4 x 7,1 x 8,5 cm<\/p>\n<p>Gewicht: 0,17 kg<\/p>\n<p>PDF-Anleitung<\/p>\n<p>\ud83d\udcccNatur des Protagonisten<\/p>\n<p>Wir pr\u00e4sentieren Ihnen unsere stolze Kollektion \u201eMimik-Truhen aus The Legend of Zelda: Tears of the Kingdom\u201c, die Sie sich nicht entgehen lassen sollten.<\/p>\n<p>Mimik-Truhen weisen typischerweise besondere Merkmale auf, die sie von normalen Truhen unterscheiden, wie beispielsweise ein leicht ver\u00e4ndertes Aussehen, zahnartige Ausw\u00fcchse oder ein bedrohlicheres Design. Sie k\u00f6nnen oft nach dem Spieler greifen oder Projektile abfeuern und sind daher gef\u00e4hrliche Gegner. Um eine Mimik-Truhe zu besiegen, m\u00fcssen Spieler in der Regel k\u00e4mpfen und ihre Waffen oder Spezialf\u00e4higkeiten einsetzen, um den Feind zu verletzen und zu besiegen. Nach ihrer Niederlage kann die Mimik-Truhe Gegenst\u00e4nde, Rubine oder andere Belohnungen wie ein normaler Gegner fallen lassen.<\/p><\/div>","protected":false},"excerpt":{"rendered":"<p>Marke: MOC-Fabrik<br \/>\nGeschlecht: Unisex<br \/>\nAltersspanne: &gt; 6 Jahre alt<br \/>\nModellnummer: 89311<br \/>\nEinstufung: Assemblage<br \/>\nKunststoffblockform: Selbstsichernde Steine<br \/>\nMaterial: Kunststoff<br \/>\nKunststofftyp: ABS<br \/>\nZiegelsteine: 276 +<br \/>\nKeine Originalverpackung<\/p>","protected":false},"featured_media":47685,"comment_status":"open","ping_status":"closed","template":"","meta":{"_acf_changed":false},"product_cat":[1365,371,581,1408],"product_tag":[12203,11072,8452,11216,11082,11083,12202,434,12204,5773],"class_list":["product","first","instock","shipping-taxable","purchasable","product-type-simple"],"acf":[],"_links":{"self":[{"href":"https:\/\/mouldking.store\/de\/wp-json\/wp\/v2\/product\/47689","targetHints":{"allow":["GET"]}}],"collection":[{"href":"https:\/\/mouldking.store\/de\/wp-json\/wp\/v2\/product"}],"about":[{"href":"https:\/\/mouldking.store\/de\/wp-json\/wp\/v2\/types\/product"}],"replies":[{"embeddable":true,"href":"https:\/\/mouldking.store\/de\/wp-json\/wp\/v2\/comments?post=47689"}],"wp:featuredmedia":[{"embeddable":true,"href":"https:\/\/mouldking.store\/de\/wp-json\/wp\/v2\/media\/47685"}],"wp:attachment":[{"href":"https:\/\/mouldking.store\/de\/wp-json\/wp\/v2\/media?parent=47689"}],"wp:term":[{"taxonomy":"product_cat","embeddable":true,"href":"https:\/\/mouldking.store\/de\/wp-json\/wp\/v2\/product_cat?post=47689"},{"taxonomy":"product_tag","embeddable":true,"href":"https:\/\/mouldking.store\/de\/wp-json\/wp\/v2\/product_tag?post=47689"}],"curies":[{"name":"wp","href":"https:\/\/api.w.org\/{rel}","templated":true}]}}