{"id":47703,"date":"2023-07-07T10:05:50","date_gmt":"2023-07-07T03:05:50","guid":{"rendered":"https:\/\/mouldking.store\/shop\/moc-factory-89309-skibidi-toilet-blaster-tank-with-121-pieces\/"},"modified":"2025-12-16T22:24:50","modified_gmt":"2025-12-16T15:24:50","slug":"moc-factory-89309-skibidi-toilet-blaster-tank-with-121-pieces","status":"publish","type":"product","link":"https:\/\/mouldking.store\/de\/shop\/moc-factory-89309-skibidi-toilet-blaster-tank-with-121-pieces\/","title":{"rendered":"MOC Factory 89309 Skibidi Toilet Blaster Tank with 121 Pieces"},"content":{"rendered":"<div>\u2705 MOC-89309 Skibidi Toilet Blaster Tank<\/p>\n<p>\u2705Die Skibidi-Toiletten, kurz Toiletten, sind eine seltsame Anomalie und die Antagonisten von Skibidi Toilet. Es handelt sich um Toiletten mit K\u00f6pfen, die aus den Toiletten herausragen und die Kameraleute und Sprecher verfolgen und t\u00f6ten. Die Skibidi-Toiletten sterben meist, indem sie heruntergesp\u00fclt werden, da ihre Sch\u00e4del dabei zerquetscht werden.<\/p>\n<p>\ud83d\udeab WICHTIG!<\/p>\n<p>Product Name: Skibidi Toilet Blaster Tank<\/p>\n<p>Kategorie: Film<\/p>\n<p>This Kit Contains: C9634Y04<\/p>\n<p>121 pcs Good Quality Bricks<\/p>\n<p>Size: 10.1 x 7.8 x 8.5 cm<\/p>\n<p>Gewicht: 0,11 kg<\/p>\n<p>PDF-Anleitung<\/p>\n<p>\ud83d\udcccNatur des Protagonisten<\/p>\n<p>Introducing our proud collection named \u201cSkibidi Toilet Blaster Tank\u201d you should not miss.<\/p>\n<p>Skibidi Toilet Blaster Tank is a mini set with 121 bricks, made of ABS Plastic. Our Skibidi Toilet Blaster Tank rises to the occasion as your ultimate ally against these misbehaving Toilets. With unrivaled speed and precision, it embarks on daring adventures where danger lurks at every corner. As you take control of this remarkable machine, channel your creative prowess to outsmart the agile adversaries that threaten your mission&#8217;s success.<\/p><\/div>","protected":false},"excerpt":{"rendered":"<p>Marke: MOC-Fabrik<br \/>\nGeschlecht: Unisex<br \/>\nAltersspanne: &gt; 6 Jahre alt<br \/>\nModel Number: 89309<br \/>\nEinstufung: Assemblage<br \/>\nKunststoffblockform: Selbstsichernde Steine<br \/>\nMaterial: Kunststoff<br \/>\nKunststofftyp: ABS<br \/>\nBricks Blocks: 121 +<br \/>\nKeine Originalverpackung<\/p>","protected":false},"featured_media":47699,"comment_status":"open","ping_status":"closed","template":"","meta":{"_acf_changed":false},"product_cat":[1365,371,581,1408],"product_tag":[12054,11072,8452,434,12101,485,12200],"class_list":["product","first","instock","shipping-taxable","purchasable","product-type-simple"],"acf":[],"_links":{"self":[{"href":"https:\/\/mouldking.store\/de\/wp-json\/wp\/v2\/product\/47703","targetHints":{"allow":["GET"]}}],"collection":[{"href":"https:\/\/mouldking.store\/de\/wp-json\/wp\/v2\/product"}],"about":[{"href":"https:\/\/mouldking.store\/de\/wp-json\/wp\/v2\/types\/product"}],"replies":[{"embeddable":true,"href":"https:\/\/mouldking.store\/de\/wp-json\/wp\/v2\/comments?post=47703"}],"wp:featuredmedia":[{"embeddable":true,"href":"https:\/\/mouldking.store\/de\/wp-json\/wp\/v2\/media\/47699"}],"wp:attachment":[{"href":"https:\/\/mouldking.store\/de\/wp-json\/wp\/v2\/media?parent=47703"}],"wp:term":[{"taxonomy":"product_cat","embeddable":true,"href":"https:\/\/mouldking.store\/de\/wp-json\/wp\/v2\/product_cat?post=47703"},{"taxonomy":"product_tag","embeddable":true,"href":"https:\/\/mouldking.store\/de\/wp-json\/wp\/v2\/product_tag?post=47703"}],"curies":[{"name":"wp","href":"https:\/\/api.w.org\/{rel}","templated":true}]}}