{"id":47719,"date":"2023-07-07T10:25:13","date_gmt":"2023-07-07T03:25:13","guid":{"rendered":"https:\/\/mouldking.store\/shop\/moc-factory-89306-skibidi-toilet-radioman-with-116-pieces\/"},"modified":"2025-12-16T22:24:50","modified_gmt":"2025-12-16T15:24:50","slug":"moc-factory-89306-skibidi-toilet-radioman-with-116-pieces","status":"publish","type":"product","link":"https:\/\/mouldking.store\/de\/shop\/moc-factory-89306-skibidi-toilet-radioman-with-116-pieces\/","title":{"rendered":"MOC Factory 89306 Skibidi Toilet Radioman mit 116 Teilen"},"content":{"rendered":"<div>\u2705 MOC-89306 Skibidi Toilettenfunker<\/p>\n<p>\u2705Die Skibidi-Toiletten, kurz Toiletten, sind eine seltsame Anomalie und die Antagonisten von Skibidi Toilet. Es handelt sich um Toiletten mit K\u00f6pfen, die aus den Toiletten herausragen und die Kameraleute und Sprecher verfolgen und t\u00f6ten. Die Skibidi-Toiletten sterben meist, indem sie heruntergesp\u00fclt werden, da ihre Sch\u00e4del dabei zerquetscht werden.<\/p>\n<p>\ud83d\udeab WICHTIG!<\/p>\n<p>Produktname: Skibidi Toilet Radioman<\/p>\n<p>Kategorie: Film<\/p>\n<p>Dieses Set enth\u00e4lt: C9623Y01<\/p>\n<p>116 St\u00fcck hochwertige Ziegelsteine<\/p>\n<p>Gr\u00f6\u00dfe: 8,6 x 4 x 18,6 cm<\/p>\n<p>Gewicht: 0,06 kg<\/p>\n<p>PDF-Anleitung<\/p>\n<p>\ud83d\udcccNatur des Protagonisten<\/p>\n<p>Wir pr\u00e4sentieren Ihnen unsere stolze Kollektion \u201eSkibidi Toilet Radioman\u201c, die Sie sich nicht entgehen lassen sollten.<\/p>\n<p>Skibidi Toilet Radioman \u2013 ein Meisterwerk f\u00fcr alle Baubegeisterten! Mit seinen beeindruckenden 116 Teilen aus ABS-Kunststoff regt dieses Wunderwerk die Fantasie an. Pr\u00e4zise gefertigt und mit den Ma\u00dfen 8,6 x 4 x 18,6 cm garantiert es stundenlangen Bauspa\u00df. Mit einem Gewicht von nur 0,06 kg wird dieses leichte Modell schnell zum Blickfang in jeder Sammlung. Lassen Sie Ihrer Kreativit\u00e4t freien Lauf und erwecken Sie Ihre Kreationen mit dem Skibidi Toilet Radioman zum Leben \u2013 wo Innovation auf pure Freude trifft!<\/p><\/div>","protected":false},"excerpt":{"rendered":"<p>Marke: MOC-Fabrik<br \/>\nGeschlecht: Unisex<br \/>\nAltersspanne: &gt; 6 Jahre alt<br \/>\nModellnummer: 89306<br \/>\nEinstufung: Assemblage<br \/>\nKunststoffblockform: Selbstsichernde Steine<br \/>\nMaterial: Kunststoff<br \/>\nKunststofftyp: ABS<br \/>\nZiegelsteine: 116 +<br \/>\nKeine Originalverpackung<\/p>","protected":false},"featured_media":47715,"comment_status":"open","ping_status":"closed","template":"","meta":{"_acf_changed":false},"product_cat":[1365,371,581,1408],"product_tag":[11072,8452,434,12207,12101,12200],"class_list":["product","first","instock","shipping-taxable","purchasable","product-type-simple"],"acf":[],"_links":{"self":[{"href":"https:\/\/mouldking.store\/de\/wp-json\/wp\/v2\/product\/47719","targetHints":{"allow":["GET"]}}],"collection":[{"href":"https:\/\/mouldking.store\/de\/wp-json\/wp\/v2\/product"}],"about":[{"href":"https:\/\/mouldking.store\/de\/wp-json\/wp\/v2\/types\/product"}],"replies":[{"embeddable":true,"href":"https:\/\/mouldking.store\/de\/wp-json\/wp\/v2\/comments?post=47719"}],"wp:featuredmedia":[{"embeddable":true,"href":"https:\/\/mouldking.store\/de\/wp-json\/wp\/v2\/media\/47715"}],"wp:attachment":[{"href":"https:\/\/mouldking.store\/de\/wp-json\/wp\/v2\/media?parent=47719"}],"wp:term":[{"taxonomy":"product_cat","embeddable":true,"href":"https:\/\/mouldking.store\/de\/wp-json\/wp\/v2\/product_cat?post=47719"},{"taxonomy":"product_tag","embeddable":true,"href":"https:\/\/mouldking.store\/de\/wp-json\/wp\/v2\/product_tag?post=47719"}],"curies":[{"name":"wp","href":"https:\/\/api.w.org\/{rel}","templated":true}]}}