{"id":47768,"date":"2023-07-07T11:09:18","date_gmt":"2023-07-07T04:09:18","guid":{"rendered":"https:\/\/mouldking.store\/shop\/52toys-bb-03bn-jojo-jobana-with-100-pieces\/"},"modified":"2023-07-07T11:09:18","modified_gmt":"2023-07-07T04:09:18","slug":"52toys-bb-03bn-jojo-jobana-with-100-pieces","status":"publish","type":"product","link":"https:\/\/mouldking.store\/de\/shop\/52toys-bb-03bn-jojo-jobana-with-100-pieces\/","title":{"rendered":"52TOYS BB-03BN JOJO Jobana with 100 Pieces"},"content":{"rendered":"<div>\u2705 52TOYS BB-03BN JOJO Jobana<br \/>&nbsp;<br \/>\ud83d\udeab WICHTIG!&nbsp;<br \/>&nbsp;<br \/>Product Name: JOJO Jobana<br \/>&nbsp;<br \/>Kategorie: Sch\u00f6pfer&nbsp;<\/p>\n<p>This kit contains:&nbsp; 52TOYS BB-03BN<br \/>&nbsp;<br \/>100 St\u00fcck Steine von guter Qualit\u00e4t&nbsp;<br \/>&nbsp;<br \/>Size:&nbsp; 7.9 cm<br \/>&nbsp;<br \/>Manuelle Anweisungen&nbsp;<br \/>&nbsp;<br \/>\ud83d\udcccNatur des Protagonisten&nbsp;<br \/>&nbsp;<br \/>Introducing our proud collection named \u201cJOJO Jobana\u201d you should not miss.&nbsp;<br \/>&nbsp;<br \/>JOJO the gorilla gets a new release in the BeastBOX figure series from 52Toys, in a yellow and black color scheme! In addition to some design upgrades, he&#8217;s packing a new banana gun. He transforms from his gorilla form to a 5cm cube with ease, and he&#8217;d make a great addition to your collection<\/div>","protected":false},"excerpt":{"rendered":"<p>Marke: 52TOYS<br \/>\nGeschlecht: Unisex<br \/>\nAltersspanne: &gt; 6 Jahre alt<br \/>\nModel Number: BB-03BN<br \/>\nEinstufung: Assemblage<br \/>\nKunststoffblockform: Selbstsichernde Steine<br \/>\nMaterial: Kunststoff<br \/>\nKunststofftyp: ABS<br \/>\nZiegelsteine: 100 +<br \/>\nKeine Originalverpackung<br \/>\nSt\u00fccke k\u00f6nnen sich \u00e4ndern<\/p>","protected":false},"author":83,"featured_media":47759,"comment_status":"open","ping_status":"closed","template":"","meta":{"_acf_changed":false},"product_cat":[1365,371],"product_tag":[11072,8452,12212,6922,12211],"class_list":["product","first","instock","shipping-taxable","purchasable","product-type-simple"],"acf":[],"_links":{"self":[{"href":"https:\/\/mouldking.store\/de\/wp-json\/wp\/v2\/product\/47768","targetHints":{"allow":["GET"]}}],"collection":[{"href":"https:\/\/mouldking.store\/de\/wp-json\/wp\/v2\/product"}],"about":[{"href":"https:\/\/mouldking.store\/de\/wp-json\/wp\/v2\/types\/product"}],"author":[{"embeddable":true,"href":"https:\/\/mouldking.store\/de\/wp-json\/wp\/v2\/users\/83"}],"replies":[{"embeddable":true,"href":"https:\/\/mouldking.store\/de\/wp-json\/wp\/v2\/comments?post=47768"}],"wp:featuredmedia":[{"embeddable":true,"href":"https:\/\/mouldking.store\/de\/wp-json\/wp\/v2\/media\/47759"}],"wp:attachment":[{"href":"https:\/\/mouldking.store\/de\/wp-json\/wp\/v2\/media?parent=47768"}],"wp:term":[{"taxonomy":"product_cat","embeddable":true,"href":"https:\/\/mouldking.store\/de\/wp-json\/wp\/v2\/product_cat?post=47768"},{"taxonomy":"product_tag","embeddable":true,"href":"https:\/\/mouldking.store\/de\/wp-json\/wp\/v2\/product_tag?post=47768"}],"curies":[{"name":"wp","href":"https:\/\/api.w.org\/{rel}","templated":true}]}}