{"id":47792,"date":"2023-07-07T11:32:06","date_gmt":"2023-07-07T04:32:06","guid":{"rendered":"https:\/\/mouldking.store\/shop\/52toys-bb-58-mortalcoil-with-100-pieces\/"},"modified":"2023-07-07T11:32:06","modified_gmt":"2023-07-07T04:32:06","slug":"52toys-bb-58-mortalcoil-with-100-pieces","status":"publish","type":"product","link":"https:\/\/mouldking.store\/de\/shop\/52toys-bb-58-mortalcoil-with-100-pieces\/","title":{"rendered":"52TOYS BB-58 MORTALCOIL with 100 Pieces"},"content":{"rendered":"<div>\u2705 52TOYS BB-58 MORTALCOIL<br \/>&nbsp;<br \/>\u2705BeastBOX is an originally designed series of robotic style creatures that transform into little cubes. The BB-58 Mortalcoil is a robotic crane creature that is 7.10 inches long in beast mode.<br \/>&nbsp;<br \/>\ud83d\udeab WICHTIG!&nbsp;<br \/>&nbsp;<br \/>Product Name: MORTALCOIL<br \/>&nbsp;<br \/>Kategorie: Sch\u00f6pfer&nbsp;<br \/>&nbsp;<br \/>This Kit Contains: 52TOYS BB-58<br \/>&nbsp;<br \/>100 St\u00fcck Steine von guter Qualit\u00e4t&nbsp;<br \/>&nbsp;<br \/>Size: 11 cm<br \/>&nbsp;<br \/>Manuelle Anweisungen&nbsp;<br \/>&nbsp;<br \/>\ud83d\udcccNatur des Protagonisten&nbsp;<br \/>&nbsp;<br \/>Introducing our proud collection named \u201cMORTALCOIL\u201d you should not miss.&nbsp;<br \/>&nbsp;<br \/>The newest member of the &#8220;BeastBox&#8221; lineup from 52Toys is Mortalcoil, which unfolds from a 5cm-square cube into a beautiful and graceful mechanical crane! When its wings are unfolded, it&#8217;ll be a sizable 25cm across, and it&#8217;s full posable so you can display it in lots of dynamic positions.<\/div>","protected":false},"excerpt":{"rendered":"<p>Marke: 52TOYS<br \/>\nGeschlecht: Unisex<br \/>\nAltersspanne: &gt; 6 Jahre alt<br \/>\nModel Number: BB-58<br \/>\nEinstufung: Assemblage<br \/>\nKunststoffblockform: Selbstsichernde Steine<br \/>\nMaterial: Kunststoff<br \/>\nKunststofftyp: ABS<br \/>\nZiegelsteine: 100 +<br \/>\nKeine Originalverpackung<br \/>\nSt\u00fccke k\u00f6nnen sich \u00e4ndern<\/p>","protected":false},"featured_media":47783,"comment_status":"open","ping_status":"closed","template":"","meta":{"_acf_changed":false},"product_cat":[1365,371],"product_tag":[11072,8452,12216],"class_list":["product","first","instock","shipping-taxable","purchasable","product-type-simple"],"acf":[],"_links":{"self":[{"href":"https:\/\/mouldking.store\/de\/wp-json\/wp\/v2\/product\/47792","targetHints":{"allow":["GET"]}}],"collection":[{"href":"https:\/\/mouldking.store\/de\/wp-json\/wp\/v2\/product"}],"about":[{"href":"https:\/\/mouldking.store\/de\/wp-json\/wp\/v2\/types\/product"}],"replies":[{"embeddable":true,"href":"https:\/\/mouldking.store\/de\/wp-json\/wp\/v2\/comments?post=47792"}],"wp:featuredmedia":[{"embeddable":true,"href":"https:\/\/mouldking.store\/de\/wp-json\/wp\/v2\/media\/47783"}],"wp:attachment":[{"href":"https:\/\/mouldking.store\/de\/wp-json\/wp\/v2\/media?parent=47792"}],"wp:term":[{"taxonomy":"product_cat","embeddable":true,"href":"https:\/\/mouldking.store\/de\/wp-json\/wp\/v2\/product_cat?post=47792"},{"taxonomy":"product_tag","embeddable":true,"href":"https:\/\/mouldking.store\/de\/wp-json\/wp\/v2\/product_tag?post=47792"}],"curies":[{"name":"wp","href":"https:\/\/api.w.org\/{rel}","templated":true}]}}