{"id":47797,"date":"2023-07-07T11:37:45","date_gmt":"2023-07-07T04:37:45","guid":{"rendered":"https:\/\/mouldking.store\/shop\/joytoy-jt0814-mecha-depot-weapon-section-with-200-pieces\/"},"modified":"2023-07-07T11:37:45","modified_gmt":"2023-07-07T04:37:45","slug":"joytoy-jt0814-mecha-depot-weapon-section-with-200-pieces","status":"publish","type":"product","link":"https:\/\/mouldking.store\/de\/shop\/joytoy-jt0814-mecha-depot-weapon-section-with-200-pieces\/","title":{"rendered":"Joytoy JT0814 Mecha Depot Weapon Section with 200 Pieces"},"content":{"rendered":"<div>\u2705 JOYTOY JT0814 Mecha Depot Weapon Section<br \/>&nbsp;<br \/>\u2705&nbsp; The weapon section is specifically designed to be compatible with JOYTOY&#8217;s 1:18 scale mecha figures. It includes various weapons and accessories that can be used to enhance the playability and customization options of these figures.<br \/>&nbsp;<br \/>\ud83d\udeab WICHTIG!&nbsp;<br \/>&nbsp;<br \/>Product Name: Mecha Depot Weapon Section<br \/>&nbsp;<br \/>Kategorie: Milit\u00e4r<br \/>&nbsp;<br \/>This Kit Contains:&nbsp; JOYTOY JT0814&nbsp;<br \/>&nbsp;<br \/>200 pcs Good Quality Bricks&nbsp;<br \/>&nbsp;<br \/>Size: 27 x 22.5 x 29.4 cm&nbsp;<br \/>&nbsp;<br \/>Manuelle Anweisungen&nbsp;<br \/>&nbsp;<br \/>\ud83d\udcccNatur des Protagonisten&nbsp;<br \/>&nbsp;<br \/>Introducing our proud collection named \u201cMecha Depot Weapon Section\u201d you should not miss.&nbsp;<br \/>&nbsp;<br \/>JOYTOY products are generally known for their high level of detail and quality. The Mecha Depot Weapon Section is likely crafted with attention to detail, providing intricate designs and paint applications to enhance the overall appearance of the mecha figures. The JOYTOY Mecha Depot Weapon Section is sought after by collectors and fans of the 1:18 scale mecha figures. It offers additional options for customization and allows collectors to expand their displays and scenes with a wider range of weaponry and accessories.<\/div>","protected":false},"excerpt":{"rendered":"<p>Marke: Joytoy<br \/>\nGeschlecht: Unisex<br \/>\nAltersspanne: &gt; 6 Jahre alt<br \/>\nModel Number: JT0814<br \/>\nEinstufung: Assemblage<br \/>\nKunststoffblockform: Selbstsichernde Steine<br \/>\nMaterial: Kunststoff<br \/>\nKunststofftyp: ABS<br \/>\nBricks Blocks: 200 +<br \/>\nKeine Originalverpackung<br \/>\nSt\u00fccke k\u00f6nnen sich \u00e4ndern<\/p>","protected":false},"featured_media":47793,"comment_status":"open","ping_status":"closed","template":"","meta":{"_acf_changed":false},"product_cat":[1365,1350,371,372],"product_tag":[11072,8452,12217,9302,374,12218,3243],"class_list":["product","first","instock","shipping-taxable","purchasable","product-type-simple"],"acf":[],"_links":{"self":[{"href":"https:\/\/mouldking.store\/de\/wp-json\/wp\/v2\/product\/47797","targetHints":{"allow":["GET"]}}],"collection":[{"href":"https:\/\/mouldking.store\/de\/wp-json\/wp\/v2\/product"}],"about":[{"href":"https:\/\/mouldking.store\/de\/wp-json\/wp\/v2\/types\/product"}],"replies":[{"embeddable":true,"href":"https:\/\/mouldking.store\/de\/wp-json\/wp\/v2\/comments?post=47797"}],"wp:featuredmedia":[{"embeddable":true,"href":"https:\/\/mouldking.store\/de\/wp-json\/wp\/v2\/media\/47793"}],"wp:attachment":[{"href":"https:\/\/mouldking.store\/de\/wp-json\/wp\/v2\/media?parent=47797"}],"wp:term":[{"taxonomy":"product_cat","embeddable":true,"href":"https:\/\/mouldking.store\/de\/wp-json\/wp\/v2\/product_cat?post=47797"},{"taxonomy":"product_tag","embeddable":true,"href":"https:\/\/mouldking.store\/de\/wp-json\/wp\/v2\/product_tag?post=47797"}],"curies":[{"name":"wp","href":"https:\/\/api.w.org\/{rel}","templated":true}]}}