{"id":47837,"date":"2023-07-07T12:08:39","date_gmt":"2023-07-07T05:08:39","guid":{"rendered":"https:\/\/mouldking.store\/shop\/magic-square-ms-b26-tornado-team-starscream-thundercracker-skywarp-with-300-pieces\/"},"modified":"2025-01-09T10:37:27","modified_gmt":"2025-01-09T03:37:27","slug":"magic-square-ms-b26-tornado-team-starscream-thundercracker-skywarp-with-300-pieces","status":"publish","type":"product","link":"https:\/\/mouldking.store\/de\/shop\/magic-square-ms-b26-tornado-team-starscream-thundercracker-skywarp-with-300-pieces\/","title":{"rendered":"MAGIC SQUARE MS-B26 Tornado Team Starscream Thundercracker Skywarp with 300 Pieces"},"content":{"rendered":"<div>\u2705MS-TOYS MS-B26 G1 Tornado Team Starscream Thundercracker Skywarp<br \/>&nbsp;<br \/>\u2705The &#8220;Tornado Team&#8221; refers to a sub-group of Decepticons in the Transformers franchise, consisting of Starscream, Thundercracker, and Skywarp. These characters are known for their jet forms and their association with the Decepticon Seekers.<br \/>&nbsp;<br \/>\ud83d\udeab WICHTIG!&nbsp;<br \/>&nbsp;<br \/>Product Name: Tornado Team Starscream Thundercracker Skywarp<br \/>&nbsp;<br \/>Kategorie: Sch\u00f6pfer&nbsp;<br \/>&nbsp;<br \/>This Kit Contains: MS-TOYS MS-B26<br \/>&nbsp;<br \/>300 pcs Good Quality Bricks&nbsp;<br \/>&nbsp;<br \/>Gr\u00f6\u00dfe: 12cm<br \/>&nbsp;<br \/>Manuelle Anweisungen&nbsp;<br \/>&nbsp;<br \/>\ud83d\udcccNatur des Protagonisten&nbsp;<br \/>&nbsp;<br \/>Introducing our proud collection named \u201cTornado Team Starscream Thundercracker Skywarp\u201d you should not miss.&nbsp;<br \/>&nbsp;<br \/>Starscream is one of the most prominent Decepticon Seekers and a member of the Tornado Team. He is known for his ambition, treachery, and desire to overthrow Megatron and take command of the Decepticons. Thundercracker is another member of the Tornado Team. He is characterized as a loyal soldier to the Decepticon cause and often serves as an aerial combat specialist. Skywarp is the third member of the Tornado Team. He is known for his teleportation abilities and is often portrayed as the trickster of the group.<\/div>","protected":false},"excerpt":{"rendered":"<p>Brand: MAGIC SQUARE<br \/>\nGeschlecht: Unisex<br \/>\nAltersspanne: &gt; 6 Jahre alt<br \/>\nModel Number: MS-B26<br \/>\nEinstufung: Assemblage<br \/>\nKunststoffblockform: Selbstsichernde Steine<br \/>\nMaterial: Kunststoff<br \/>\nKunststofftyp: ABS<br \/>\nBricks Blocks: 300 +<br \/>\nKeine Originalverpackung<br \/>\nSt\u00fccke k\u00f6nnen sich \u00e4ndern<\/p>","protected":false},"featured_media":47832,"comment_status":"open","ping_status":"closed","template":"","meta":{"_acf_changed":false},"product_cat":[1365,371],"product_tag":[11072,8452,12228,11605,10866,12227,12226,6795],"class_list":["product","first","outofstock","shipping-taxable","purchasable","product-type-simple"],"acf":[],"_links":{"self":[{"href":"https:\/\/mouldking.store\/de\/wp-json\/wp\/v2\/product\/47837","targetHints":{"allow":["GET"]}}],"collection":[{"href":"https:\/\/mouldking.store\/de\/wp-json\/wp\/v2\/product"}],"about":[{"href":"https:\/\/mouldking.store\/de\/wp-json\/wp\/v2\/types\/product"}],"replies":[{"embeddable":true,"href":"https:\/\/mouldking.store\/de\/wp-json\/wp\/v2\/comments?post=47837"}],"wp:featuredmedia":[{"embeddable":true,"href":"https:\/\/mouldking.store\/de\/wp-json\/wp\/v2\/media\/47832"}],"wp:attachment":[{"href":"https:\/\/mouldking.store\/de\/wp-json\/wp\/v2\/media?parent=47837"}],"wp:term":[{"taxonomy":"product_cat","embeddable":true,"href":"https:\/\/mouldking.store\/de\/wp-json\/wp\/v2\/product_cat?post=47837"},{"taxonomy":"product_tag","embeddable":true,"href":"https:\/\/mouldking.store\/de\/wp-json\/wp\/v2\/product_tag?post=47837"}],"curies":[{"name":"wp","href":"https:\/\/api.w.org\/{rel}","templated":true}]}}