{"id":48481,"date":"2023-07-25T09:26:46","date_gmt":"2023-07-25T02:26:46","guid":{"rendered":"https:\/\/mouldking.store\/shop\/magic-square-ms-b53-combaticons-onslaught-ver-g1-with-200-pieces\/"},"modified":"2025-01-09T10:37:27","modified_gmt":"2025-01-09T03:37:27","slug":"magic-square-ms-b53-combaticons-onslaught-ver-g1-with-200-pieces","status":"publish","type":"product","link":"https:\/\/mouldking.store\/de\/shop\/magic-square-ms-b53-combaticons-onslaught-ver-g1-with-200-pieces\/","title":{"rendered":"MAGIC SQUARE MS-B53 Combaticons Onslaught Ver.G1 with 200 Pieces"},"content":{"rendered":"<div>\u2705 MS TOYS MS-B53 Combaticons Onslaught Ver.G1<br \/>&nbsp;<br \/>\u2705Combaticons Onslaught Ver.G1 refers to a specific version of the character Onslaught from the Transformers franchise, specifically from the Generation 1 (G1) era. In G1, Onslaught is a member of the Combaticons, a group of Decepticon warriors who can combine to form the powerful robot known as Bruticus.<br \/>&nbsp;<br \/>\ud83d\udeab WICHTIG!&nbsp;<br \/>&nbsp;<br \/>Product Name: Combaticons Onslaught Ver.G1<br \/>&nbsp;<br \/>Kategorie: Sch\u00f6pfer&nbsp;<br \/>&nbsp;<br \/>This Kit Contains: MS TOYS MS-B53<br \/>&nbsp;<br \/>200 pcs Good Quality Bricks&nbsp;<br \/>&nbsp;<br \/>Size: 13cm<br \/>&nbsp;<br \/>Manuelle Anweisungen&nbsp;<br \/>&nbsp;<br \/>\ud83d\udcccNatur des Protagonisten&nbsp;<br \/>&nbsp;<br \/>Introducing our proud collection named \u201cCombaticons Onslaught Ver.G1\u201d you should not miss.&nbsp;<br \/>&nbsp;<br \/>Onslaught, as the leader of the Combaticons, is typically portrayed as a military strategist and tactician. He transforms into a green and purple military transport truck, equipped with various weapons and defenses. The Ver.G1 designation is often used to differentiate between different versions or releases of Transformers figures. It signifies a design or representation that closely resembles the original Generation 1 iteration of the character. Ver.G1 figures typically aim to capture the look and feel of the character as it appeared in the classic 1980s animated series and toy line.<\/div>","protected":false},"excerpt":{"rendered":"<p>Brand: MAGIC SQUARE<br \/>\nGeschlecht: Unisex<br \/>\nAltersspanne: &gt; 6 Jahre alt<br \/>\nModel Number: MS-B53<br \/>\nEinstufung: Assemblage<br \/>\nKunststoffblockform: Selbstsichernde Steine<br \/>\nMaterial: Kunststoff<br \/>\nKunststofftyp: ABS<br \/>\nBricks Blocks: 200 +<br \/>\nKeine Originalverpackung<br \/>\nSt\u00fccke k\u00f6nnen sich \u00e4ndern<\/p>","protected":false},"featured_media":48474,"comment_status":"open","ping_status":"closed","template":"","meta":{"_acf_changed":false},"product_cat":[1365,371],"product_tag":[12221,11072,8452,12339,590],"class_list":["product","first","outofstock","shipping-taxable","purchasable","product-type-simple"],"acf":[],"_links":{"self":[{"href":"https:\/\/mouldking.store\/de\/wp-json\/wp\/v2\/product\/48481","targetHints":{"allow":["GET"]}}],"collection":[{"href":"https:\/\/mouldking.store\/de\/wp-json\/wp\/v2\/product"}],"about":[{"href":"https:\/\/mouldking.store\/de\/wp-json\/wp\/v2\/types\/product"}],"replies":[{"embeddable":true,"href":"https:\/\/mouldking.store\/de\/wp-json\/wp\/v2\/comments?post=48481"}],"wp:featuredmedia":[{"embeddable":true,"href":"https:\/\/mouldking.store\/de\/wp-json\/wp\/v2\/media\/48474"}],"wp:attachment":[{"href":"https:\/\/mouldking.store\/de\/wp-json\/wp\/v2\/media?parent=48481"}],"wp:term":[{"taxonomy":"product_cat","embeddable":true,"href":"https:\/\/mouldking.store\/de\/wp-json\/wp\/v2\/product_cat?post=48481"},{"taxonomy":"product_tag","embeddable":true,"href":"https:\/\/mouldking.store\/de\/wp-json\/wp\/v2\/product_tag?post=48481"}],"curies":[{"name":"wp","href":"https:\/\/api.w.org\/{rel}","templated":true}]}}