{"id":48507,"date":"2023-07-25T09:42:08","date_gmt":"2023-07-25T02:42:08","guid":{"rendered":"https:\/\/mouldking.store\/shop\/sluban-m38b-p8003-astronaut-out-of-cabin-ornament-with-2000-pieces\/"},"modified":"2023-07-25T09:42:08","modified_gmt":"2023-07-25T02:42:08","slug":"sluban-m38b-p8003-astronaut-out-of-cabin-ornament-with-2000-pieces","status":"publish","type":"product","link":"https:\/\/mouldking.store\/de\/shop\/sluban-m38b-p8003-astronaut-out-of-cabin-ornament-with-2000-pieces\/","title":{"rendered":"Sluban M38B-P8003 Astronaut Out of Cabin Ornament with 2000 Pieces"},"content":{"rendered":"<div>\u2705 Sluban M38B-P8003 Astronaut Out of Cabin Ornament<br \/>&nbsp;<br \/>\u2705An astronaut is a person who is trained and qualified to travel and work in space. Astronauts are part of space exploration programs conducted by various countries, such as NASA (National Aeronautics and Space Administration) in the United States, Roscosmos in Russia, ESA (European Space Agency), and others.<br \/>&nbsp;<br \/>\ud83d\udeab WICHTIG!&nbsp;<br \/>&nbsp;<br \/>Product Name: Astronaut Out of Cabin Ornament<br \/>&nbsp;<br \/>Kategorie: Weltraum&nbsp;<br \/>&nbsp;<br \/>This Kit Contains: Sluban M38B-P8003<br \/>&nbsp;<br \/>2000 St\u00fcck Steine von guter Qualit\u00e4t&nbsp;<br \/>&nbsp;<br \/>Size:&nbsp; 17.2 \u00d7 27.5 cm<br \/>&nbsp;<br \/>Manuelle Anweisungen&nbsp;<br \/>&nbsp;<br \/>\ud83d\udcccNatur des Protagonisten&nbsp;<br \/>&nbsp;<br \/>Introducing our proud collection named \u201cAstronaut Out of Cabin Ornament\u201d you should not miss.&nbsp;<br \/>&nbsp;<br \/>Astronauts undergo extensive training to prepare for the physical, mental, and technical challenges they will face during space missions. This training typically includes learning about spacecraft systems, performing scientific experiments, practicing spacewalks, undergoing physical fitness training, and learning to live in isolated and confined environments. Some well-known astronauts include Neil Armstrong, the first person to walk on the Moon during the Apollo 11 mission, and Buzz Aldrin, who also walked on the Moon during that same mission. Other notable astronauts include Yuri Gagarin, the first human to orbit the Earth, and Sally Ride, the first American woman in space.<\/div>","protected":false},"excerpt":{"rendered":"<p>Marke: Sluban<br \/>\nGeschlecht: Unisex<br \/>\nAltersspanne: &gt; 12 Jahre alt<br \/>\nModel Number: M38B-P8003<br \/>\nEinstufung: Assemblage<br \/>\nKunststoffblockform: Selbstsichernde Steine<br \/>\nMaterial: Kunststoff<br \/>\nKunststofftyp: ABS<br \/>\nZiegelsteine: 2000 +<br \/>\nKeine Originalverpackung<br \/>\nSt\u00fccke k\u00f6nnen sich \u00e4ndern<\/p>","protected":false},"featured_media":48502,"comment_status":"open","ping_status":"closed","template":"","meta":{"_acf_changed":false},"product_cat":[1365,371,6016],"product_tag":[11921,11072,8452,12351,2276],"class_list":["product","first","instock","shipping-taxable","purchasable","product-type-simple"],"acf":[],"_links":{"self":[{"href":"https:\/\/mouldking.store\/de\/wp-json\/wp\/v2\/product\/48507","targetHints":{"allow":["GET"]}}],"collection":[{"href":"https:\/\/mouldking.store\/de\/wp-json\/wp\/v2\/product"}],"about":[{"href":"https:\/\/mouldking.store\/de\/wp-json\/wp\/v2\/types\/product"}],"replies":[{"embeddable":true,"href":"https:\/\/mouldking.store\/de\/wp-json\/wp\/v2\/comments?post=48507"}],"wp:featuredmedia":[{"embeddable":true,"href":"https:\/\/mouldking.store\/de\/wp-json\/wp\/v2\/media\/48502"}],"wp:attachment":[{"href":"https:\/\/mouldking.store\/de\/wp-json\/wp\/v2\/media?parent=48507"}],"wp:term":[{"taxonomy":"product_cat","embeddable":true,"href":"https:\/\/mouldking.store\/de\/wp-json\/wp\/v2\/product_cat?post=48507"},{"taxonomy":"product_tag","embeddable":true,"href":"https:\/\/mouldking.store\/de\/wp-json\/wp\/v2\/product_tag?post=48507"}],"curies":[{"name":"wp","href":"https:\/\/api.w.org\/{rel}","templated":true}]}}