{"id":49318,"date":"2023-08-15T18:37:37","date_gmt":"2023-08-15T11:37:37","guid":{"rendered":"https:\/\/mouldking.store\/shop\/mould-king-20016-all-terrain-wheat-wheeler-with-motor-with-617-pieces\/"},"modified":"2024-03-11T06:46:11","modified_gmt":"2024-03-10T23:46:11","slug":"mould-king-20016-all-terrain-wheat-wheeler-with-motor-with-617-pieces","status":"publish","type":"product","link":"https:\/\/mouldking.store\/de\/shop\/mould-king-20016-all-terrain-wheat-wheeler-with-motor-with-617-pieces\/","title":{"rendered":"MOULD KING 20016 Gel\u00e4ndeg\u00e4ngiger Weizenradler mit Motor mit 617 Teilen"},"content":{"rendered":"<div>\u2705 Mould King 20016 Gel\u00e4nde-Weizenrad mit Motor<br \/>&nbsp;<br \/>\u2705 Erobern Sie jedes Gel\u00e4nde mit beispielloser Kraft! Wir pr\u00e4sentieren den Mould King Military All-Terrain Wheat Wheeler, eine Macht, mit der man rechnen muss.<br \/>&nbsp;<br \/>\ud83d\udeab WICHTIG!&nbsp;<br \/>&nbsp;<br \/>Produktname: Gel\u00e4ndeg\u00e4ngiger Weizenradler mit Motor<br \/>&nbsp;<br \/>Kategorie: Milit\u00e4r<br \/>&nbsp;<br \/>Dieses Kit enth\u00e4lt: Mould King 20016&nbsp;<br \/>&nbsp;<br \/>617 St\u00fcck hochwertige Steine&nbsp;<br \/>&nbsp;<br \/>Gr\u00f6\u00dfe: 26 \u00d7 16,6 \u00d7 19 cm<br \/>&nbsp;<br \/>Manuelle Anweisungen&nbsp;<br \/>&nbsp;<br \/>\ud83d\udcccNatur des Protagonisten&nbsp;<br \/>&nbsp;<br \/>Wir stellen Ihnen unsere stolze Kollektion mit dem Namen \u201eGel\u00e4ndewagen mit Motor\u201c vor, die Sie sich nicht entgehen lassen sollten.&nbsp;<br \/>&nbsp;<br \/>Mit 617 robusten Bausteinen ist dieses Kraftpaket so konstruiert, dass es jedes Hindernis \u00fcberwindet. Entwickelt f\u00fcr Milit\u00e4rbegeisterte, die un\u00fcbertroffene St\u00e4rke und Pr\u00e4zision suchen, verk\u00f6rpert unser Allradfahrzeug Widerstandsf\u00e4higkeit und Furchtlosigkeit. Dominiere das Schlachtfeld und zeige deine unersch\u00fctterliche Liebe zum Milit\u00e4r mit dieser bemerkenswerten Kreation. Mach dich bereit f\u00fcr eine Macht wie nie zuvor!<\/div>","protected":false},"excerpt":{"rendered":"<p>Marke: MOLD KING<br \/>\nGeschlecht: Unisex<br \/>\nAltersspanne: &gt; 14 Jahre alt<br \/>\nModellnummer: 20016<br \/>\nEinstufung: Assemblage<br \/>\nKunststoffblockform: Selbstsichernde Steine<br \/>\nMaterial: Kunststoff<br \/>\nKunststofftyp: ABS<br \/>\nZiegelsteine: 617 +<br \/>\nKeine Originalverpackung<\/p>","protected":false},"featured_media":49312,"comment_status":"open","ping_status":"closed","template":"","meta":{"_acf_changed":false},"product_cat":[1350,1357,372,364],"product_tag":[12445,374,389,12446,12447],"class_list":["product","first","instock","shipping-taxable","purchasable","product-type-simple"],"acf":[],"_links":{"self":[{"href":"https:\/\/mouldking.store\/de\/wp-json\/wp\/v2\/product\/49318","targetHints":{"allow":["GET"]}}],"collection":[{"href":"https:\/\/mouldking.store\/de\/wp-json\/wp\/v2\/product"}],"about":[{"href":"https:\/\/mouldking.store\/de\/wp-json\/wp\/v2\/types\/product"}],"replies":[{"embeddable":true,"href":"https:\/\/mouldking.store\/de\/wp-json\/wp\/v2\/comments?post=49318"}],"wp:featuredmedia":[{"embeddable":true,"href":"https:\/\/mouldking.store\/de\/wp-json\/wp\/v2\/media\/49312"}],"wp:attachment":[{"href":"https:\/\/mouldking.store\/de\/wp-json\/wp\/v2\/media?parent=49318"}],"wp:term":[{"taxonomy":"product_cat","embeddable":true,"href":"https:\/\/mouldking.store\/de\/wp-json\/wp\/v2\/product_cat?post=49318"},{"taxonomy":"product_tag","embeddable":true,"href":"https:\/\/mouldking.store\/de\/wp-json\/wp\/v2\/product_tag?post=49318"}],"curies":[{"name":"wp","href":"https:\/\/api.w.org\/{rel}","templated":true}]}}