{"id":49633,"date":"2023-08-25T09:36:20","date_gmt":"2023-08-25T02:36:20","guid":{"rendered":"https:\/\/mouldking.store\/shop\/magic-square-ms-b41a-42a-excavator-and-bulldozer-with-100-pieces\/"},"modified":"2025-01-09T10:37:27","modified_gmt":"2025-01-09T03:37:27","slug":"magic-square-ms-b41a-42a-excavator-and-bulldozer-with-100-pieces","status":"publish","type":"product","link":"https:\/\/mouldking.store\/de\/shop\/magic-square-ms-b41a-42a-excavator-and-bulldozer-with-100-pieces\/","title":{"rendered":"MAGIC SQUARE MS &#8211; B41A 42A Excavator and Bulldozer with 100 Pieces"},"content":{"rendered":"<div>\u2705MS TOYS MS &#8211; B41A 42A Excavator and Bulldozer<br \/>&nbsp;<br \/>\u2705An excavator and a bulldozer are both heavy construction equipment commonly used in various earthmoving and construction tasks. They each serve specific functions on construction sites and are essential for tasks like digging, moving, and shaping the terrain. &nbsp;<br \/>&nbsp;<br \/>\ud83d\udeab WICHTIG!&nbsp;<br \/>&nbsp;<br \/>Product Name: Excavator and Bulldozer<br \/>&nbsp;<br \/>Kategorie: Sch\u00f6pfer&nbsp;<br \/>&nbsp;<br \/>This Kit Contains: MS TOYS MS &#8211; B41A 42A<br \/>&nbsp;<br \/>100 St\u00fcck Steine von guter Qualit\u00e4t&nbsp;<br \/>&nbsp;<br \/>Manuelle Anweisungen&nbsp;<br \/>&nbsp;<br \/>\ud83d\udcccNatur des Protagonisten&nbsp;<br \/>&nbsp;<br \/>Introducing our proud collection named \u201cExcavator and Bulldozer\u201d you should not miss.&nbsp;<br \/>&nbsp;<br \/>In the Transformers franchise, Devastator is a combiner robot composed of several individual construction vehicle robots that merge together to form one large and powerful robot. The individual vehicles are based on construction equipment, like excavators and bulldozers.<\/div>","protected":false},"excerpt":{"rendered":"<p>Brand: MAGIC SQUARE<br \/>\nGeschlecht: Unisex<br \/>\nAltersspanne: &gt; 6 Jahre alt<br \/>\nModel Number: MS &#8211; B41A 42A<br \/>\nEinstufung: Assemblage<br \/>\nKunststoffblockform: Selbstsichernde Steine<br \/>\nMaterial: Kunststoff<br \/>\nKunststofftyp: ABS<br \/>\nZiegelsteine: 100 +<br \/>\nKeine Originalverpackung<br \/>\nSt\u00fccke k\u00f6nnen sich \u00e4ndern<\/p>","protected":false},"featured_media":49623,"comment_status":"open","ping_status":"closed","template":"","meta":{"_acf_changed":false},"product_cat":[1365,371],"product_tag":[2211,11072,8452,11621,755,590],"class_list":["product","first","outofstock","shipping-taxable","purchasable","product-type-simple"],"acf":[],"_links":{"self":[{"href":"https:\/\/mouldking.store\/de\/wp-json\/wp\/v2\/product\/49633","targetHints":{"allow":["GET"]}}],"collection":[{"href":"https:\/\/mouldking.store\/de\/wp-json\/wp\/v2\/product"}],"about":[{"href":"https:\/\/mouldking.store\/de\/wp-json\/wp\/v2\/types\/product"}],"replies":[{"embeddable":true,"href":"https:\/\/mouldking.store\/de\/wp-json\/wp\/v2\/comments?post=49633"}],"wp:featuredmedia":[{"embeddable":true,"href":"https:\/\/mouldking.store\/de\/wp-json\/wp\/v2\/media\/49623"}],"wp:attachment":[{"href":"https:\/\/mouldking.store\/de\/wp-json\/wp\/v2\/media?parent=49633"}],"wp:term":[{"taxonomy":"product_cat","embeddable":true,"href":"https:\/\/mouldking.store\/de\/wp-json\/wp\/v2\/product_cat?post=49633"},{"taxonomy":"product_tag","embeddable":true,"href":"https:\/\/mouldking.store\/de\/wp-json\/wp\/v2\/product_tag?post=49633"}],"curies":[{"name":"wp","href":"https:\/\/api.w.org\/{rel}","templated":true}]}}