{"id":50667,"date":"2023-09-25T16:27:32","date_gmt":"2023-09-25T09:27:32","guid":{"rendered":"https:\/\/mouldking.store\/shop\/52toys-bd-07-space-springer-with-100-pieces\/"},"modified":"2023-09-25T16:27:32","modified_gmt":"2023-09-25T09:27:32","slug":"52toys-bd-07-space-springer-with-100-pieces","status":"publish","type":"product","link":"https:\/\/mouldking.store\/de\/shop\/52toys-bd-07-space-springer-with-100-pieces\/","title":{"rendered":"52TOYS BD-07 Space Springer with 100 Pieces"},"content":{"rendered":"<div>\u270552TOYS BD-07 Space Springer<br \/>&nbsp;<br \/>\u270552TOYS BEASTDRIVE is a toy line produced by the Chinese toy company 52TOYS. This series focuses on transforming mecha-style figures that often have animal or creature themes. The figures in the BEASTDRIVE series are known for their intricate designs, articulation, and ability to transform between different forms.<br \/>&nbsp;<br \/>\ud83d\udeab WICHTIG!&nbsp;<br \/>&nbsp;<br \/>Product Name: Space Springer<br \/>&nbsp;<br \/>Kategorie: Sch\u00f6pfer&nbsp;<br \/>&nbsp;<br \/>This Kit Contains: 52TOYS BD-07<br \/>&nbsp;<br \/>100 St\u00fcck Steine von guter Qualit\u00e4t&nbsp;<br \/>&nbsp;<br \/>Gr\u00f6\u00dfe: 10 cm<br \/>&nbsp;<br \/>Manuelle Anweisungen&nbsp;<br \/>&nbsp;<br \/>\ud83d\udcccNatur des Protagonisten&nbsp;<br \/>&nbsp;<br \/>Introducing our proud collection named \u201cSpace Springer\u201d you should not miss.&nbsp;<br \/>&nbsp;<br \/>Each BEASTDRIVE figure typically represents a creature or animal, and they can be transformed into various modes, such as a robot mode, a vehicle mode, or a combination of both. These figures are popular among collectors and enthusiasts who appreciate the engineering and design of transforming toys. BeastDrive allows collectors to build a rabbit that also converts into a spaceship.&nbsp;<\/div>","protected":false},"excerpt":{"rendered":"<p>Marke: 52TOYS<br \/>\nGeschlecht: Unisex<br \/>\nAltersspanne: &gt; 6 Jahre alt<br \/>\nModel Number: BD-07<br \/>\nEinstufung: Assemblage<br \/>\nKunststoffblockform: Selbstsichernde Steine<br \/>\nMaterial: Kunststoff<br \/>\nKunststofftyp: ABS<br \/>\nZiegelsteine: 100 +<br \/>\nKeine Originalverpackung<br \/>\nSt\u00fccke k\u00f6nnen sich \u00e4ndern<\/p>","protected":false},"featured_media":50662,"comment_status":"open","ping_status":"closed","template":"","meta":{"_acf_changed":false},"product_cat":[1365,371,6016],"product_tag":[11072,8452,6677,590,2276,12639],"class_list":["product","first","instock","shipping-taxable","purchasable","product-type-simple"],"acf":[],"_links":{"self":[{"href":"https:\/\/mouldking.store\/de\/wp-json\/wp\/v2\/product\/50667","targetHints":{"allow":["GET"]}}],"collection":[{"href":"https:\/\/mouldking.store\/de\/wp-json\/wp\/v2\/product"}],"about":[{"href":"https:\/\/mouldking.store\/de\/wp-json\/wp\/v2\/types\/product"}],"replies":[{"embeddable":true,"href":"https:\/\/mouldking.store\/de\/wp-json\/wp\/v2\/comments?post=50667"}],"wp:featuredmedia":[{"embeddable":true,"href":"https:\/\/mouldking.store\/de\/wp-json\/wp\/v2\/media\/50662"}],"wp:attachment":[{"href":"https:\/\/mouldking.store\/de\/wp-json\/wp\/v2\/media?parent=50667"}],"wp:term":[{"taxonomy":"product_cat","embeddable":true,"href":"https:\/\/mouldking.store\/de\/wp-json\/wp\/v2\/product_cat?post=50667"},{"taxonomy":"product_tag","embeddable":true,"href":"https:\/\/mouldking.store\/de\/wp-json\/wp\/v2\/product_tag?post=50667"}],"curies":[{"name":"wp","href":"https:\/\/api.w.org\/{rel}","templated":true}]}}