{"id":50712,"date":"2023-09-25T16:31:46","date_gmt":"2023-09-25T09:31:46","guid":{"rendered":"https:\/\/mouldking.store\/shop\/lwck-60031-ancient-beasts-mechanical-monster-dinosaur-with-1552-pieces\/"},"modified":"2023-09-25T16:31:46","modified_gmt":"2023-09-25T09:31:46","slug":"lwck-60031-ancient-beasts-mechanical-monster-dinosaur-with-1552-pieces","status":"publish","type":"product","link":"https:\/\/mouldking.store\/de\/shop\/lwck-60031-ancient-beasts-mechanical-monster-dinosaur-with-1552-pieces\/","title":{"rendered":"LWCK 60031 Ancient Beasts Mechanischer Monster-Dinosaurier mit 1552 Teilen"},"content":{"rendered":"<div>\u2705LWCK 60031 Ancient Beasts Mechanischer Monsterdinosaurier<br \/>&nbsp;<br \/>\u2705Mechanische Monster-Dinosaurier-Spielzeuge verf\u00fcgen typischerweise \u00fcber verschiedene Funktionen wie Gelenke, Verwandlungsf\u00e4higkeiten und manchmal sogar \u00fcber elektronische Lichter und Ger\u00e4usche. Sie sind oft f\u00fcr fantasievolles Spielen konzipiert und k\u00f6nnen sowohl bei Kindern als auch bei Sammlern beliebt sein.<br \/>&nbsp;<br \/>\ud83d\udeab WICHTIG!&nbsp;<br \/>&nbsp;<br \/>Produktname: Ancient Beasts Mechanischer Monster-Dinosaurier<br \/>&nbsp;<br \/>Kategorie: Sch\u00f6pfer&nbsp;<br \/>&nbsp;<br \/>Dieses Kit enth\u00e4lt: LWCK 60031&nbsp;<br \/>&nbsp;<br \/>1552 St\u00fcck hochwertige Steine&nbsp;<br \/>&nbsp;<br \/>Gr\u00f6\u00dfe: 52 \u00d7 13 \u00d7 21 cm&nbsp;<\/p>\n<p>Manuelle Anweisungen&nbsp;<br \/>&nbsp;<br \/>\ud83d\udcccNatur des Protagonisten&nbsp;<br \/>&nbsp;<br \/>Wir stellen unsere stolze Kollektion mit dem Namen \u201eAncient Beasts Mechanical Monster Dinosaur\u201c vor, die Sie nicht verpassen sollten.&nbsp;<br \/>&nbsp;<br \/>Ancient Beasts Mechanical Monster Dinosaur zeigt dinosaurier\u00e4hnliche mechanische Monster. Diese Art von Spielzeug ist in der Welt der Actionfiguren und Sammlerst\u00fccke weit verbreitet und spricht oft Dinosaurier- und Science-Fiction-Fans an.<\/div>","protected":false},"excerpt":{"rendered":"<p>Marke: LWCK<br \/>\nGeschlecht: Unisex<br \/>\nAltersspanne: &gt; 6 Jahre alt<br \/>\nModellnummer: 60031<br \/>\nEinstufung: Assemblage<br \/>\nKunststoffblockform: Selbstsichernde Steine<br \/>\nMaterial: Kunststoff<br \/>\nKunststofftyp: ABS<br \/>\nZiegelsteine: 1552 +<br \/>\nKeine Originalverpackung<\/p>","protected":false},"featured_media":50706,"comment_status":"open","ping_status":"closed","template":"","meta":{"_acf_changed":false},"product_cat":[1365,371],"product_tag":[11270,12644,11072,8452,2541,9302,7345,468],"class_list":["product","first","instock","shipping-taxable","purchasable","product-type-simple"],"acf":[],"_links":{"self":[{"href":"https:\/\/mouldking.store\/de\/wp-json\/wp\/v2\/product\/50712","targetHints":{"allow":["GET"]}}],"collection":[{"href":"https:\/\/mouldking.store\/de\/wp-json\/wp\/v2\/product"}],"about":[{"href":"https:\/\/mouldking.store\/de\/wp-json\/wp\/v2\/types\/product"}],"replies":[{"embeddable":true,"href":"https:\/\/mouldking.store\/de\/wp-json\/wp\/v2\/comments?post=50712"}],"wp:featuredmedia":[{"embeddable":true,"href":"https:\/\/mouldking.store\/de\/wp-json\/wp\/v2\/media\/50706"}],"wp:attachment":[{"href":"https:\/\/mouldking.store\/de\/wp-json\/wp\/v2\/media?parent=50712"}],"wp:term":[{"taxonomy":"product_cat","embeddable":true,"href":"https:\/\/mouldking.store\/de\/wp-json\/wp\/v2\/product_cat?post=50712"},{"taxonomy":"product_tag","embeddable":true,"href":"https:\/\/mouldking.store\/de\/wp-json\/wp\/v2\/product_tag?post=50712"}],"curies":[{"name":"wp","href":"https:\/\/api.w.org\/{rel}","templated":true}]}}