{"id":50843,"date":"2023-09-25T16:49:29","date_gmt":"2023-09-25T09:49:29","guid":{"rendered":"https:\/\/mouldking.store\/shop\/52toys-bb-17gw-great-white-shark-with-50-pieces\/"},"modified":"2023-09-25T16:49:29","modified_gmt":"2023-09-25T09:49:29","slug":"52toys-bb-17gw-great-white-shark-with-50-pieces","status":"publish","type":"product","link":"https:\/\/mouldking.store\/de\/shop\/52toys-bb-17gw-great-white-shark-with-50-pieces\/","title":{"rendered":"52TOYS BB-17GW Great White Shark with 50 Pieces"},"content":{"rendered":"<div>\u2705 52TOYS BB-17GW Great White Shark<br \/>&nbsp;<br \/>\u2705The 52TOYS BeastBox BB-17GW Great White Shark is a specific figure within the BeastBox series by 52TOYS. The BeastBox series is known for producing collectible toy figures that can transform between various animal forms and robot forms, offering a combination of playability and display aesthetics.<br \/>&nbsp;<br \/>\ud83d\udeab WICHTIG!&nbsp;<br \/>&nbsp;<br \/>Product Name: Great White Shark<br \/>&nbsp;<br \/>Kategorie: Sch\u00f6pfer&nbsp;<br \/>&nbsp;<br \/>This Kit Contains: 52TOYS BB-17GW<br \/>&nbsp;<br \/>50 pcs Good Quality Bricks&nbsp;<br \/>&nbsp;<br \/>Gr\u00f6\u00dfe: 20cm&nbsp;<br \/>&nbsp;<br \/>Manuelle Anweisungen&nbsp;<br \/>&nbsp;<br \/>\ud83d\udcccNatur des Protagonisten&nbsp;<br \/>&nbsp;<br \/>Introducing our proud collection named \u201cGreat White Shark\u201d you should not miss.&nbsp;<br \/>&nbsp;<br \/>The &#8220;BB-17GW&#8221; designation likely indicates the model number or identifier for the Great White Shark figure within the BeastBox series. &#8220;Great White Shark&#8221; suggests that this particular figure transforms into a representation of a great white shark.&nbsp;<\/div>","protected":false},"excerpt":{"rendered":"<p>Marke: 52TOYS<br \/>\nGeschlecht: Unisex<br \/>\nAltersspanne: &gt; 6 Jahre alt<br \/>\nModel Number: BB-17GW<br \/>\nEinstufung: Assemblage<br \/>\nKunststoffblockform: Selbstsichernde Steine<br \/>\nMaterial: Kunststoff<br \/>\nKunststofftyp: ABS<br \/>\nBricks Blocks: 50 +<br \/>\nKeine Originalverpackung<br \/>\nSt\u00fccke k\u00f6nnen sich \u00e4ndern<\/p>","protected":false},"featured_media":50837,"comment_status":"open","ping_status":"closed","template":"","meta":{"_acf_changed":false},"product_cat":[1365,371],"product_tag":[11072,8452,11946,5968,590,5969],"class_list":["product","first","instock","shipping-taxable","purchasable","product-type-simple"],"acf":[],"_links":{"self":[{"href":"https:\/\/mouldking.store\/de\/wp-json\/wp\/v2\/product\/50843","targetHints":{"allow":["GET"]}}],"collection":[{"href":"https:\/\/mouldking.store\/de\/wp-json\/wp\/v2\/product"}],"about":[{"href":"https:\/\/mouldking.store\/de\/wp-json\/wp\/v2\/types\/product"}],"replies":[{"embeddable":true,"href":"https:\/\/mouldking.store\/de\/wp-json\/wp\/v2\/comments?post=50843"}],"wp:featuredmedia":[{"embeddable":true,"href":"https:\/\/mouldking.store\/de\/wp-json\/wp\/v2\/media\/50837"}],"wp:attachment":[{"href":"https:\/\/mouldking.store\/de\/wp-json\/wp\/v2\/media?parent=50843"}],"wp:term":[{"taxonomy":"product_cat","embeddable":true,"href":"https:\/\/mouldking.store\/de\/wp-json\/wp\/v2\/product_cat?post=50843"},{"taxonomy":"product_tag","embeddable":true,"href":"https:\/\/mouldking.store\/de\/wp-json\/wp\/v2\/product_tag?post=50843"}],"curies":[{"name":"wp","href":"https:\/\/api.w.org\/{rel}","templated":true}]}}