{"id":52104,"date":"2023-10-25T18:51:29","date_gmt":"2023-10-25T11:51:29","guid":{"rendered":"https:\/\/mouldking.store\/shop\/mould-king-27045-amg-gtc-speed-champions-racers-car-with-336-pieces-2\/"},"modified":"2023-10-25T18:51:29","modified_gmt":"2023-10-25T11:51:29","slug":"mould-king-27045-amg-gtc-speed-champions-racers-car-with-336-pieces-2","status":"publish","type":"product","link":"https:\/\/mouldking.store\/de\/shop\/mould-king-27045-amg-gtc-speed-champions-racers-car-with-336-pieces-2\/","title":{"rendered":"MOLD KING 27045 AMG GTC Speed Champions Racers Auto mit 336 Teilen"},"content":{"rendered":"<div>\u2705Mould King 27045 AMG GTC Speed Champions Racers Auto<br \/>&nbsp;<br \/>\u2705Der Mercedes-AMG GT C, oft auch als \u201eAMG GTC\u201c bezeichnet, ist ein Hochleistungssportwagen von Mercedes-AMG, der Performance- und Tuning-Abteilung von Mercedes-Benz. Der AMG GT C ist Teil der Mercedes-AMG GT-Serie und bekannt f\u00fcr seinen leistungsstarken Motor, sein atemberaubendes Design und seine beeindruckenden Leistungsmerkmale.&nbsp;<br \/>&nbsp;<br \/>\ud83d\udeab WICHTIG!&nbsp;<br \/>&nbsp;<br \/>Produktname: AMG GTC Speed Champions Racers Auto<br \/>&nbsp;<br \/>Kategorie: Technik<br \/>&nbsp;<br \/>Dieses Kit enth\u00e4lt: Mould King 27045<br \/>&nbsp;<br \/>336 St\u00fcck hochwertige Steine&nbsp;<br \/>&nbsp;<br \/>Gr\u00f6\u00dfe: 15,2 \u00d7 9,5 \u00d7 3,7 cm<br \/>&nbsp;<br \/>Manuelle Anweisungen&nbsp;<br \/>&nbsp;<br \/>\ud83d\udcccNatur des Protagonisten&nbsp;<br \/>&nbsp;<br \/>Wir stellen Ihnen unsere stolze Kollektion mit dem Namen \u201eAMG GTC Speed Champions Racers Car\u201c vor, die Sie sich nicht entgehen lassen sollten.<br \/>&nbsp;<br \/>&nbsp;Der AMG GT C hat ein markantes und aggressives Design mit langer Motorhaube, markantem Frontgrill und einer breiten, muskul\u00f6sen Haltung. Es handelt sich um ein zweit\u00fcriges Coup\u00e9 oder Roadster (Cabrio) mit niedrigem Profil und schlanken Linien. Das Herzst\u00fcck des AMG GT C ist sein leistungsstarker Motor. Das Auto wird typischerweise von einem 4,0-Liter-V8-Biturbomotor angetrieben, der erhebliche PS- und Drehmomentwerte erzeugt. Der Motor wird h\u00e4ufig mit einem AMG Speedshift 7-Gang-Doppelkupplungsgetriebe f\u00fcr schnelle und pr\u00e4zise Gangwechsel kombiniert. Der AMG GT C ist f\u00fcr seine au\u00dfergew\u00f6hnliche Leistung bekannt. Es kann in nur wenigen Sekunden von 0 auf 60 Meilen pro Stunde (0 auf 100 Kilometer pro Stunde) beschleunigen und erreicht eine H\u00f6chstgeschwindigkeit von \u00fcber 190 Meilen pro Stunde (300 Kilometer pro Stunde). Auch das Handling und die Kurveneigenschaften des Wagens sind beeindruckend.<\/div>","protected":false},"excerpt":{"rendered":"<p>Marke: MOLD KING<br \/>\nGeschlecht: Unisex<br \/>\nAltersspanne: &gt; 8 Jahre alt<br \/>\nModellnummer: 27045<br \/>\nEinstufung: Assemblage<br \/>\nKunststoffblockform: Selbstsichernde Steine<br \/>\nMaterial: Kunststoff<br \/>\nKunststofftyp: ABS<br \/>\nZiegelbl\u00f6cke: 336 +<br \/>\nKeine Originalverpackung<\/p>","protected":false},"featured_media":52088,"comment_status":"open","ping_status":"closed","template":"","meta":{"_acf_changed":false},"product_cat":[1360,1357,364,1875],"product_tag":[1456,457,12799,12798,7761,6633,11384,389,11080],"class_list":["product","first","instock","shipping-taxable","purchasable","product-type-simple"],"acf":[],"_links":{"self":[{"href":"https:\/\/mouldking.store\/de\/wp-json\/wp\/v2\/product\/52104","targetHints":{"allow":["GET"]}}],"collection":[{"href":"https:\/\/mouldking.store\/de\/wp-json\/wp\/v2\/product"}],"about":[{"href":"https:\/\/mouldking.store\/de\/wp-json\/wp\/v2\/types\/product"}],"replies":[{"embeddable":true,"href":"https:\/\/mouldking.store\/de\/wp-json\/wp\/v2\/comments?post=52104"}],"wp:featuredmedia":[{"embeddable":true,"href":"https:\/\/mouldking.store\/de\/wp-json\/wp\/v2\/media\/52088"}],"wp:attachment":[{"href":"https:\/\/mouldking.store\/de\/wp-json\/wp\/v2\/media?parent=52104"}],"wp:term":[{"taxonomy":"product_cat","embeddable":true,"href":"https:\/\/mouldking.store\/de\/wp-json\/wp\/v2\/product_cat?post=52104"},{"taxonomy":"product_tag","embeddable":true,"href":"https:\/\/mouldking.store\/de\/wp-json\/wp\/v2\/product_tag?post=52104"}],"curies":[{"name":"wp","href":"https:\/\/api.w.org\/{rel}","templated":true}]}}