{"id":52134,"date":"2023-10-25T18:52:11","date_gmt":"2023-10-25T11:52:11","guid":{"rendered":"https:\/\/mouldking.store\/shop\/sluban-m38-b1119-fishing-boat-with-610-pieces-3\/"},"modified":"2023-10-25T18:52:11","modified_gmt":"2023-10-25T11:52:11","slug":"sluban-m38-b1119-fishing-boat-with-610-pieces-3","status":"publish","type":"product","link":"https:\/\/mouldking.store\/de\/shop\/sluban-m38-b1119-fishing-boat-with-610-pieces-3\/","title":{"rendered":"Sluban M38-B1119 - Fischerboot mit 610 Teilen"},"content":{"rendered":"<div>\u2705Sluban M38-B1119 Fischerboot<br \/>&nbsp;<br \/>\u2705Ein Fischerboot ist ein Wasserfahrzeug, das f\u00fcr verschiedene Angelaktivit\u00e4ten konzipiert und ausgestattet ist. Fischerboote gibt es in den unterschiedlichsten Gr\u00f6\u00dfen und Ausf\u00fchrungen, je nach Angelart und Einsatzort.<br \/>&nbsp;<br \/>\ud83d\udeab WICHTIG!&nbsp;<br \/>&nbsp;<br \/>Produktname: Fischerboot<br \/>&nbsp;<br \/>Kategorie: Sch\u00f6pfer&nbsp;<br \/>&nbsp;<br \/>Dieses Set enth\u00e4lt: Sluban M38-B1119<br \/>&nbsp;<br \/>610 St\u00fcck hochwertige Steine&nbsp;<br \/>&nbsp;<br \/>Gr\u00f6\u00dfe: 26,8 cm<br \/>&nbsp;<br \/>Manuelle Anweisungen&nbsp;<br \/>&nbsp;<br \/>\ud83d\udcccNatur des Protagonisten&nbsp;<br \/>&nbsp;<br \/>Wir stellen Ihnen unsere stolze Kollektion mit dem Namen \u201eFischerboot\u201c vor, die Sie nicht verpassen sollten.&nbsp;<br \/>&nbsp;<br \/>Fischerboote sind mit speziellen Funktionen f\u00fcr die jeweilige Angelart ausgestattet. Dazu geh\u00f6ren beispielsweise spezielle Angelruten, Rollen, K\u00f6derbeh\u00e4lter, Fischfinder und GPS-Navigationssysteme. Viele Fischerboote verf\u00fcgen \u00fcber eingebaute Fischlagerf\u00e4cher, oft Fischkisten oder Lebendbeh\u00e4lter genannt, um den gefangenen Fisch frisch zu halten.<\/div>","protected":false},"excerpt":{"rendered":"<p>Marke: Sluban<br \/>\nGeschlecht: Unisex<br \/>\nAltersspanne: &gt; 6 Jahre alt<br \/>\nModellnummer: M38-B1119<br \/>\nEinstufung: Assemblage<br \/>\nKunststoffblockform: Selbstsichernde Steine<br \/>\nMaterial: Kunststoff<br \/>\nKunststofftyp: ABS<br \/>\nZiegelsteine: 610 +<br \/>\nKeine Originalverpackung<\/p>","protected":false},"featured_media":52114,"comment_status":"open","ping_status":"closed","template":"","meta":{"_acf_changed":false},"product_cat":[1365,371],"product_tag":[6471,11072,8452,7697,7698],"class_list":["product","first","instock","shipping-taxable","purchasable","product-type-simple"],"acf":[],"_links":{"self":[{"href":"https:\/\/mouldking.store\/de\/wp-json\/wp\/v2\/product\/52134","targetHints":{"allow":["GET"]}}],"collection":[{"href":"https:\/\/mouldking.store\/de\/wp-json\/wp\/v2\/product"}],"about":[{"href":"https:\/\/mouldking.store\/de\/wp-json\/wp\/v2\/types\/product"}],"replies":[{"embeddable":true,"href":"https:\/\/mouldking.store\/de\/wp-json\/wp\/v2\/comments?post=52134"}],"wp:featuredmedia":[{"embeddable":true,"href":"https:\/\/mouldking.store\/de\/wp-json\/wp\/v2\/media\/52114"}],"wp:attachment":[{"href":"https:\/\/mouldking.store\/de\/wp-json\/wp\/v2\/media?parent=52134"}],"wp:term":[{"taxonomy":"product_cat","embeddable":true,"href":"https:\/\/mouldking.store\/de\/wp-json\/wp\/v2\/product_cat?post=52134"},{"taxonomy":"product_tag","embeddable":true,"href":"https:\/\/mouldking.store\/de\/wp-json\/wp\/v2\/product_tag?post=52134"}],"curies":[{"name":"wp","href":"https:\/\/api.w.org\/{rel}","templated":true}]}}