{"id":53187,"date":"2023-11-21T18:49:29","date_gmt":"2023-11-21T11:49:29","guid":{"rendered":"https:\/\/mouldking.store\/shop\/mould-king-21044-arc-170-starfighter-with-4698-pieces\/"},"modified":"2023-11-21T18:49:29","modified_gmt":"2023-11-21T11:49:29","slug":"mould-king-21044-arc-170-starfighter-with-4698-pieces","status":"publish","type":"product","link":"https:\/\/mouldking.store\/de\/shop\/mould-king-21044-arc-170-starfighter-with-4698-pieces\/","title":{"rendered":"MOULD KING 21044 ARC-170 Starfighter mit 4698 Teilen"},"content":{"rendered":"<div>\u2705Mould King 21044 ARC-170 Starfighter<\/p>\n<p>\u2705Der ARC-170 (Aggressive Reconnaissance-170) Starfighter ist ein fiktiver Starfighter im Star Wars-Universum. Er taucht prominent in der Prequel-Trilogie auf, insbesondere im Film \u201eStar Wars: Episode III \u2013 Die Rache der Sith\u201c. Der ARC-170 wird haupts\u00e4chlich mit der Galaktischen Republik in Verbindung gebracht und von der Klonarmee w\u00e4hrend der Klonkriege eingesetzt.<br \/>&nbsp;<br \/>\ud83d\udeab WICHTIG!&nbsp;<br \/>&nbsp;<br \/>Produktname: ARC-170 Starfighter<br \/>&nbsp;<br \/>Kategorie: Krieg der Sterne&nbsp;<br \/>&nbsp;<br \/>Dieses Set enth\u00e4lt: Mould King 21044&nbsp;<br \/>&nbsp;<br \/>4698 St\u00fcck Ziegel von guter Qualit\u00e4t&nbsp;<br \/>&nbsp;<br \/>Gr\u00f6\u00dfe: 22,4 \u00d7 59,4 \u00d7 92,6 cm<br \/>&nbsp;<br \/>Manuelle Anweisungen&nbsp;<br \/>&nbsp;<br \/>\ud83d\udcccNatur des Protagonisten&nbsp;<br \/>&nbsp;<br \/>Wir stellen Ihnen unsere stolze Kollektion mit dem Namen \u201eARC-170 Starfighter\u201c vor, die Sie nicht verpassen sollten.&nbsp;<br \/>&nbsp;<br \/>Der ARC-170 ist ein Mehrzweck-Sternenj\u00e4ger, der sowohl f\u00fcr den Weltraum- als auch f\u00fcr den atmosph\u00e4rischen Kampf konzipiert ist. Es ist ein schwerer Sternenj\u00e4ger mit einem einzigartigen Dreifl\u00fcgeldesign. Die drei Fl\u00fcgel verleihen ihm ein unverwechselbares Aussehen und jeder Fl\u00fcgel hat an seiner Spitze eine Triebwerksgondel. Der ARC-170 ist ein bemannter Sternenj\u00e4ger, der normalerweise von einem Klonpiloten, einem Hecksch\u00fctzen und einem Klonkommandanten gesteuert wird. Der Klonpilot ist f\u00fcr das Fliegen des Schiffs verantwortlich, der Hecksch\u00fctze bedient den nach hinten gerichteten Blasterturm und der Klonkommandant \u00fcberwacht die Mission. Der Sternenj\u00e4ger ist mit einer Vielzahl von Waffen ausgestattet, darunter Laserkanonen und Torpedos. Er verf\u00fcgt \u00fcber nach vorne gerichtete Blaster, nach hinten gerichtete Blaster, die vom Sch\u00fctzen gesteuert werden, und Protonentorpedos zum Angreifen gr\u00f6\u00dferer feindlicher Schiffe.&nbsp;<\/div>","protected":false},"excerpt":{"rendered":"<p>Marke: MOLD KING<br \/>\nGeschlecht: Unisex<br \/>\nAltersspanne: &gt; 14 Jahre alt<br \/>\nModellnummer: 21044<br \/>\nEinstufung: Assemblage<br \/>\nKunststoffblockform: Selbstsichernde Steine<br \/>\nMaterial: Kunststoff<br \/>\nKunststofftyp: ABS<br \/>\nZiegelsteine: 4698 +<br \/>\nKeine Originalverpackung<\/p>","protected":false},"featured_media":53177,"comment_status":"open","ping_status":"closed","template":"","meta":{"_acf_changed":false},"product_cat":[1357,581,6016,415,364,1408],"product_tag":[12905,434,2276,436,11247,389],"class_list":["product","first","instock","shipping-taxable","purchasable","product-type-simple"],"acf":[],"_links":{"self":[{"href":"https:\/\/mouldking.store\/de\/wp-json\/wp\/v2\/product\/53187","targetHints":{"allow":["GET"]}}],"collection":[{"href":"https:\/\/mouldking.store\/de\/wp-json\/wp\/v2\/product"}],"about":[{"href":"https:\/\/mouldking.store\/de\/wp-json\/wp\/v2\/types\/product"}],"replies":[{"embeddable":true,"href":"https:\/\/mouldking.store\/de\/wp-json\/wp\/v2\/comments?post=53187"}],"wp:featuredmedia":[{"embeddable":true,"href":"https:\/\/mouldking.store\/de\/wp-json\/wp\/v2\/media\/53177"}],"wp:attachment":[{"href":"https:\/\/mouldking.store\/de\/wp-json\/wp\/v2\/media?parent=53187"}],"wp:term":[{"taxonomy":"product_cat","embeddable":true,"href":"https:\/\/mouldking.store\/de\/wp-json\/wp\/v2\/product_cat?post=53187"},{"taxonomy":"product_tag","embeddable":true,"href":"https:\/\/mouldking.store\/de\/wp-json\/wp\/v2\/product_tag?post=53187"}],"curies":[{"name":"wp","href":"https:\/\/api.w.org\/{rel}","templated":true}]}}