{"id":53466,"date":"2023-12-01T14:07:10","date_gmt":"2023-12-01T07:07:10","guid":{"rendered":"https:\/\/mouldking.store\/shop\/welleadz-6103-old-time-street-scene-barber-shop-with-504-pieces\/"},"modified":"2023-12-01T14:07:10","modified_gmt":"2023-12-01T07:07:10","slug":"welleadz-6103-old-time-street-scene-barber-shop-with-504-pieces","status":"publish","type":"product","link":"https:\/\/mouldking.store\/de\/shop\/welleadz-6103-old-time-street-scene-barber-shop-with-504-pieces\/","title":{"rendered":"Welleadz 6103 Old Time Stra\u00dfenszene Friseurladen mit 504 Teilen"},"content":{"rendered":"<div>\u2705 Welleadz 6103 Old Time Street Scene Barber Shop<br \/>&nbsp;<br \/>\u2705Eine Stra\u00dfenszene aus alter Zeit mit einem Friseursalon w\u00e4re reich an nostalgischen Details und f\u00e4ngt den Charme einer vergangenen \u00c4ra ein. Die Szene spielt in einer Kleinstadt im fr\u00fchen 20. Jahrhundert. Kopfsteinpflasterstra\u00dfen und alte Laternenpf\u00e4hle bilden eine malerische Kulisse f\u00fcr das gesch\u00e4ftige Treiben.&nbsp;<br \/>&nbsp;<br \/>\ud83d\udeab WICHTIG!&nbsp;<br \/>&nbsp;<br \/>Produktname: Old Time Street Scene Barber Shop<br \/>&nbsp;<br \/>Kategorie: Modulares Bauen<br \/>&nbsp;<br \/>Dieses Kit enth\u00e4lt: Welleadz 6103&nbsp;<br \/>&nbsp;<br \/>504 St\u00fcck hochwertige Steine&nbsp;<br \/>&nbsp;<br \/>Manuelle Anweisungen&nbsp;<br \/>&nbsp;<br \/>\ud83d\udcccNatur des Protagonisten&nbsp;<br \/>&nbsp;<br \/>Wir stellen Ihnen unsere stolze Kollektion mit dem Namen \u201eOld Time Street Scene Barber Shop\u201c vor, die Sie nicht verpassen sollten.&nbsp;<br \/>&nbsp;<br \/>Diese altmodische Stra\u00dfenszene f\u00e4ngt die Essenz eines klassischen Friseursalons ein und erm\u00f6glicht es dem Betrachter, in die Vergangenheit zur\u00fcckzureisen und den Charme klassischer Pflegerituale und der Kameradschaft der Gemeinschaft zu erleben.<\/div>","protected":false},"excerpt":{"rendered":"<p>Marke: Welleadz<br \/>\nGeschlecht: Unisex<br \/>\nAltersspanne: &gt; 6 Jahre alt<br \/>\nModellnummer: 6103<br \/>\nEinstufung: Assemblage<br \/>\nKunststoffblockform: Selbstsichernde Steine<br \/>\nMaterial: Kunststoff<br \/>\nKunststofftyp: ABS<br \/>\nZiegelsteine: 504 +<br \/>\nKeine Originalverpackung<\/p>","protected":false},"featured_media":53464,"comment_status":"open","ping_status":"closed","template":"","meta":{"_acf_changed":false},"product_cat":[1395,1502,390],"product_tag":[12924,4883,392,3012],"class_list":["product","first","instock","shipping-taxable","purchasable","product-type-simple"],"acf":[],"_links":{"self":[{"href":"https:\/\/mouldking.store\/de\/wp-json\/wp\/v2\/product\/53466","targetHints":{"allow":["GET"]}}],"collection":[{"href":"https:\/\/mouldking.store\/de\/wp-json\/wp\/v2\/product"}],"about":[{"href":"https:\/\/mouldking.store\/de\/wp-json\/wp\/v2\/types\/product"}],"replies":[{"embeddable":true,"href":"https:\/\/mouldking.store\/de\/wp-json\/wp\/v2\/comments?post=53466"}],"wp:featuredmedia":[{"embeddable":true,"href":"https:\/\/mouldking.store\/de\/wp-json\/wp\/v2\/media\/53464"}],"wp:attachment":[{"href":"https:\/\/mouldking.store\/de\/wp-json\/wp\/v2\/media?parent=53466"}],"wp:term":[{"taxonomy":"product_cat","embeddable":true,"href":"https:\/\/mouldking.store\/de\/wp-json\/wp\/v2\/product_cat?post=53466"},{"taxonomy":"product_tag","embeddable":true,"href":"https:\/\/mouldking.store\/de\/wp-json\/wp\/v2\/product_tag?post=53466"}],"curies":[{"name":"wp","href":"https:\/\/api.w.org\/{rel}","templated":true}]}}