{"id":53629,"date":"2023-12-04T12:34:57","date_gmt":"2023-12-04T05:34:57","guid":{"rendered":"https:\/\/mouldking.store\/shop\/welleadz-3103-christmas-surprise-with-500-pieces-2\/"},"modified":"2023-12-04T12:34:57","modified_gmt":"2023-12-04T05:34:57","slug":"welleadz-3103-christmas-surprise-with-500-pieces-2","status":"publish","type":"product","link":"https:\/\/mouldking.store\/de\/shop\/welleadz-3103-christmas-surprise-with-500-pieces-2\/","title":{"rendered":"Welleadz 3103 Christmas Surprise with 500 Pieces"},"content":{"rendered":"<div>\u2705Welleadz 3103 Christmas Surprise<br \/>&nbsp;<br \/>\u2705As the room fills with laughter, tears of joy, and expressions of gratitude, it becomes evident that the Christmas surprise has not only brightened the holiday but has also created a lasting memory etched in the hearts of all who share in the enchantment.<br \/>&nbsp;<br \/>\ud83d\udeab WICHTIG!&nbsp;<br \/>&nbsp;<br \/>Product Name: Christmas Surprise<br \/>&nbsp;<br \/>Kategorie: Sch\u00f6pfer&nbsp;<br \/>&nbsp;<br \/>This Kit Contains: Welleadz 3103<br \/>&nbsp;<br \/>500 St\u00fcck Steine von guter Qualit\u00e4t&nbsp;<br \/>&nbsp;<br \/>Size: 40 \u00d7 28 \u00d7 8 cm&nbsp;<br \/>&nbsp;<br \/>Manuelle Anweisungen&nbsp;<br \/>&nbsp;<br \/>\ud83d\udcccNatur des Protagonisten&nbsp;<br \/>&nbsp;<br \/>Introducing our proud collection named \u201cChristmas Surprise you should not miss.&nbsp;<br \/>&nbsp;<br \/>This Christmas surprise becomes a symbol of love, thoughtfulness, and the magic of the season\u2014a truly special gift that goes beyond material possessions and celebrates the beauty of family and connection during the most wonderful time of the year.<\/div>","protected":false},"excerpt":{"rendered":"<p>Marke: Welleadz<br \/>\nGeschlecht: Unisex<br \/>\nAltersspanne: &gt; 6 Jahre alt<br \/>\nModel Number: 3103<br \/>\nEinstufung: Assemblage<br \/>\nKunststoffblockform: Selbstsichernde Steine<br \/>\nMaterial: Kunststoff<br \/>\nKunststofftyp: ABS<br \/>\nZiegelsteine: 500 +<br \/>\nKeine Originalverpackung<br \/>\nSt\u00fccke k\u00f6nnen sich \u00e4ndern<\/p>","protected":false},"featured_media":53617,"comment_status":"open","ping_status":"closed","template":"","meta":{"_acf_changed":false},"product_cat":[1365,371],"product_tag":[1066,11072,8452,2727,12934],"class_list":["product","first","instock","shipping-taxable","purchasable","product-type-simple"],"acf":[],"_links":{"self":[{"href":"https:\/\/mouldking.store\/de\/wp-json\/wp\/v2\/product\/53629","targetHints":{"allow":["GET"]}}],"collection":[{"href":"https:\/\/mouldking.store\/de\/wp-json\/wp\/v2\/product"}],"about":[{"href":"https:\/\/mouldking.store\/de\/wp-json\/wp\/v2\/types\/product"}],"replies":[{"embeddable":true,"href":"https:\/\/mouldking.store\/de\/wp-json\/wp\/v2\/comments?post=53629"}],"wp:featuredmedia":[{"embeddable":true,"href":"https:\/\/mouldking.store\/de\/wp-json\/wp\/v2\/media\/53617"}],"wp:attachment":[{"href":"https:\/\/mouldking.store\/de\/wp-json\/wp\/v2\/media?parent=53629"}],"wp:term":[{"taxonomy":"product_cat","embeddable":true,"href":"https:\/\/mouldking.store\/de\/wp-json\/wp\/v2\/product_cat?post=53629"},{"taxonomy":"product_tag","embeddable":true,"href":"https:\/\/mouldking.store\/de\/wp-json\/wp\/v2\/product_tag?post=53629"}],"curies":[{"name":"wp","href":"https:\/\/api.w.org\/{rel}","templated":true}]}}