{"id":53631,"date":"2023-12-04T12:34:57","date_gmt":"2023-12-04T05:34:57","guid":{"rendered":"https:\/\/mouldking.store\/shop\/tuomu-t7003-steam-davinci-owl-with-400-pieces\/"},"modified":"2023-12-04T12:34:57","modified_gmt":"2023-12-04T05:34:57","slug":"tuomu-t7003-steam-davinci-owl-with-400-pieces","status":"publish","type":"product","link":"https:\/\/mouldking.store\/de\/shop\/tuomu-t7003-steam-davinci-owl-with-400-pieces\/","title":{"rendered":"TuoMu T7003 Steam Davinci Owl with 400 Pieces"},"content":{"rendered":"<div>\u2705 TUOMU T7003 Steam Davinci Owl<br \/>&nbsp;<br \/>\u2705&#8221;The House of Da Vinci&#8221; is a puzzle-adventure game developed by Blue Brain Games. It is available on various platforms, including iOS, Android, Windows, and macOS. The game was initially released in 2017.<br \/>&nbsp;<br \/>\ud83d\udeab WICHTIG!&nbsp;<br \/>&nbsp;<br \/>Product Name:&nbsp; Steam Davinci Owl<br \/>&nbsp;<br \/>Kategorie: Sch\u00f6pfer&nbsp;<br \/>&nbsp;<br \/>This Kit Contains:&nbsp; TUOMU T7003&nbsp;<br \/>&nbsp;<br \/>400 St\u00fcck Steine von guter Qualit\u00e4t&nbsp;<br \/>&nbsp;<br \/>Size: 23.3 \u00d7 20.7 cm<\/p>\n<p>Manuelle Anweisungen&nbsp;<br \/>&nbsp;<br \/>\ud83d\udcccNatur des Protagonisten&nbsp;<br \/>&nbsp;<br \/>Introducing our proud collection named \u201cSteam Davinci Owl\u201d you should not miss.&nbsp;<br \/>&nbsp;<br \/>&#8220;The House of Da Vinci&#8221; belongs to the puzzle-adventure genre. Players navigate through a series of intricately designed environments, solving puzzles and uncovering the story. The game is set in the Renaissance era, and players take on the role of an apprentice of Leonardo da Vinci. The main objective is to explore Da Vinci&#8217;s workshop, solve puzzles, and uncover the secrets hidden within the house.<\/div>","protected":false},"excerpt":{"rendered":"<p>Brand: TuoMu<br \/>\nGeschlecht: Unisex<br \/>\nAltersspanne: &gt; 8 Jahre alt<br \/>\nModel Number: T7003<br \/>\nEinstufung: Assemblage<br \/>\nKunststoffblockform: Selbstsichernde Steine<br \/>\nMaterial: Kunststoff<br \/>\nKunststofftyp: ABS<br \/>\nZiegelsteine: 400 +<br \/>\nKeine Originalverpackung<br \/>\nSt\u00fccke k\u00f6nnen sich \u00e4ndern<\/p>","protected":false},"featured_media":53613,"comment_status":"open","ping_status":"closed","template":"","meta":{"_acf_changed":false},"product_cat":[1365,371],"product_tag":[11072,8452,12937,12105,1006],"class_list":["product","first","instock","shipping-taxable","purchasable","product-type-simple"],"acf":[],"_links":{"self":[{"href":"https:\/\/mouldking.store\/de\/wp-json\/wp\/v2\/product\/53631","targetHints":{"allow":["GET"]}}],"collection":[{"href":"https:\/\/mouldking.store\/de\/wp-json\/wp\/v2\/product"}],"about":[{"href":"https:\/\/mouldking.store\/de\/wp-json\/wp\/v2\/types\/product"}],"replies":[{"embeddable":true,"href":"https:\/\/mouldking.store\/de\/wp-json\/wp\/v2\/comments?post=53631"}],"wp:featuredmedia":[{"embeddable":true,"href":"https:\/\/mouldking.store\/de\/wp-json\/wp\/v2\/media\/53613"}],"wp:attachment":[{"href":"https:\/\/mouldking.store\/de\/wp-json\/wp\/v2\/media?parent=53631"}],"wp:term":[{"taxonomy":"product_cat","embeddable":true,"href":"https:\/\/mouldking.store\/de\/wp-json\/wp\/v2\/product_cat?post=53631"},{"taxonomy":"product_tag","embeddable":true,"href":"https:\/\/mouldking.store\/de\/wp-json\/wp\/v2\/product_tag?post=53631"}],"curies":[{"name":"wp","href":"https:\/\/api.w.org\/{rel}","templated":true}]}}