{"id":54296,"date":"2024-01-04T18:57:55","date_gmt":"2024-01-04T11:57:55","guid":{"rendered":"https:\/\/mouldking.store\/shop\/k-box-10521-millennium-falcon-with-motor-with-11230-pieces\/"},"modified":"2024-01-04T18:57:55","modified_gmt":"2024-01-04T11:57:55","slug":"k-box-10521-millennium-falcon-with-motor-with-11230-pieces","status":"publish","type":"product","link":"https:\/\/mouldking.store\/de\/shop\/k-box-10521-millennium-falcon-with-motor-with-11230-pieces\/","title":{"rendered":"K-Box 10521 Millennium Falcon mit Motor mit 11230 Teilen"},"content":{"rendered":"<div>\u2705 K-Box 10521 Millennium Falcon mit Motor<br \/>&nbsp;<br \/>\u2705Der Millennium Falcon ist ein fiktives Raumschiff im Star Wars-Universum. Der Millennium Falcon wird vor allem mit der Figur Han Solo in Verbindung gebracht, einem charismatischen und talentierten Piloten. Er wird zu einem zentralen Element der Star Wars-Saga.<br \/>&nbsp;<br \/>\ud83d\udeab WICHTIG!&nbsp;<br \/>&nbsp;<br \/>Produktname: Millennium Falcon mit Motor<br \/>&nbsp;<br \/>Kategorie: Krieg der Sterne<br \/>&nbsp;<br \/>Dieses Kit enth\u00e4lt: K-Box 10521&nbsp;<br \/>&nbsp;<br \/>11230 St\u00fcck Hochwertige Steine&nbsp;<br \/>&nbsp;<br \/>Gr\u00f6\u00dfe: 82 \u00d7 64 \u00d7 20 cm<br \/>&nbsp;<br \/>Manuelle Anweisungen&nbsp;<br \/>&nbsp;<br \/>\ud83d\udcccNatur des Protagonisten&nbsp;<br \/>&nbsp;<br \/>Wir stellen Ihnen unsere stolze Kollektion mit dem Namen \u201eMillennium Falcon mit Motor\u201c vor, die Sie nicht verpassen sollten.&nbsp;<br \/>&nbsp;<br \/>Der Millennium Falcon ist ein leichter Frachter vom Typ Corellian YT-1300. Sein unverwechselbares Design zeichnet sich durch einen untertassenf\u00f6rmigen Rumpf mit nach vorn gerichteten Mandibeln aus. Trotz seines unscheinbaren Aussehens ist der Millennium Falcon f\u00fcr seine Geschwindigkeit und Wendigkeit bekannt. Der Millennium Falcon spielt eine entscheidende Rolle im Kampf der Rebellenallianz gegen das Galaktische Imperium. Er ist an Schl\u00fcsselereignissen der Star Wars-Saga beteiligt, darunter die Schlacht um Yavin, die Schlacht um Hoth und die Schlacht um Endor.<\/div>","protected":false},"excerpt":{"rendered":"<p>Marke: K-Box<br \/>\nGeschlecht: Unisex<br \/>\nAltersspanne: &gt; 14 Jahre alt<br \/>\nModellnummer: 10521<br \/>\nEinstufung: Assemblage<br \/>\nKunststoffblockform: Selbstsichernde Steine<br \/>\nMaterial: Kunststoff<br \/>\nKunststofftyp: ABS<br \/>\nZiegelsteine: 11230 +<br \/>\nKeine Originalverpackung<\/p>","protected":false},"featured_media":54292,"comment_status":"open","ping_status":"closed","template":"","meta":{"_acf_changed":false},"product_cat":[1357,581,6016,415,364,1408],"product_tag":[6470,12977,5349,5348,434,2276,436,389],"class_list":["product","first","instock","shipping-taxable","purchasable","product-type-simple"],"acf":[],"_links":{"self":[{"href":"https:\/\/mouldking.store\/de\/wp-json\/wp\/v2\/product\/54296","targetHints":{"allow":["GET"]}}],"collection":[{"href":"https:\/\/mouldking.store\/de\/wp-json\/wp\/v2\/product"}],"about":[{"href":"https:\/\/mouldking.store\/de\/wp-json\/wp\/v2\/types\/product"}],"replies":[{"embeddable":true,"href":"https:\/\/mouldking.store\/de\/wp-json\/wp\/v2\/comments?post=54296"}],"wp:featuredmedia":[{"embeddable":true,"href":"https:\/\/mouldking.store\/de\/wp-json\/wp\/v2\/media\/54292"}],"wp:attachment":[{"href":"https:\/\/mouldking.store\/de\/wp-json\/wp\/v2\/media?parent=54296"}],"wp:term":[{"taxonomy":"product_cat","embeddable":true,"href":"https:\/\/mouldking.store\/de\/wp-json\/wp\/v2\/product_cat?post=54296"},{"taxonomy":"product_tag","embeddable":true,"href":"https:\/\/mouldking.store\/de\/wp-json\/wp\/v2\/product_tag?post=54296"}],"curies":[{"name":"wp","href":"https:\/\/api.w.org\/{rel}","templated":true}]}}