{"id":54299,"date":"2024-01-04T18:58:06","date_gmt":"2024-01-04T11:58:06","guid":{"rendered":"https:\/\/mouldking.store\/shop\/xingbao-06024-across-the-battlefield-vbl-with-451-pieces\/"},"modified":"2024-01-04T18:58:06","modified_gmt":"2024-01-04T11:58:06","slug":"xingbao-06024-across-the-battlefield-vbl-with-451-pieces","status":"publish","type":"product","link":"https:\/\/mouldking.store\/de\/shop\/xingbao-06024-across-the-battlefield-vbl-with-451-pieces\/","title":{"rendered":"XINGBAO 06024 Across The Battlefield VBL mit 451 Teilen"},"content":{"rendered":"<div>\u2705 XINGBAO 06024 Across The Battlefield VBL<br \/>&nbsp;<br \/>\u2705The term &#8220;VBL&#8221; in the context of a wheeled armored vehicle typically refers to the &#8220;V\u00e9hicule Blind\u00e9 L\u00e9ger&#8221; (Light Armored Vehicle) used by the French military. The VBL is a versatile wheeled armored vehicle designed for various roles, including reconnaissance, scouting, and patrol missions.&nbsp;<br \/>&nbsp;<br \/>\ud83d\udeab WICHTIG!&nbsp;<br \/>&nbsp;<br \/>Product Name: Across The Battlefield VBL<br \/>&nbsp;<br \/>Kategorie: Milit\u00e4r<br \/>&nbsp;<br \/>This Kit Contains:&nbsp; XINGBAO 06024&nbsp;<br \/>&nbsp;<br \/>451 pcs Good Quality Bricks&nbsp;<br \/>&nbsp;<br \/>Manuelle Anweisungen&nbsp;<br \/>&nbsp;<br \/>\ud83d\udcccNatur des Protagonisten&nbsp;<br \/>&nbsp;<br \/>Introducing our proud collection named \u201cAcross The Battlefield VBL\u201d you should not miss.&nbsp;<br \/>&nbsp;<br \/>The VBL is manufactured by the French company Panhard (now a part of Renault Trucks Defense).&nbsp; It is a compact and lightweight armored vehicle with a 4&#215;4 configuration, providing good mobility both on and off-road. The VBL is equipped with armor to protect its occupants from small arms fire and shell splinters.<\/div>","protected":false},"excerpt":{"rendered":"<p>Marke: XINGBAO<br \/>\nGeschlecht: Unisex<br \/>\nAltersspanne: &gt; 6 Jahre alt<br \/>\nModel Number: 06024<br \/>\nEinstufung: Assemblage<br \/>\nKunststoffblockform: Selbstsichernde Steine<br \/>\nMaterial: Kunststoff<br \/>\nKunststofftyp: ABS<br \/>\nBricks Blocks: 451 +<br \/>\nKeine Originalverpackung<\/p>","protected":false},"featured_media":54297,"comment_status":"open","ping_status":"closed","template":"","meta":{"_acf_changed":false},"product_cat":[1384,1350,1357,372,364],"product_tag":[11753,374,389,12978,2803,12979],"class_list":["product","first","instock","shipping-taxable","purchasable","product-type-simple"],"acf":[],"_links":{"self":[{"href":"https:\/\/mouldking.store\/de\/wp-json\/wp\/v2\/product\/54299","targetHints":{"allow":["GET"]}}],"collection":[{"href":"https:\/\/mouldking.store\/de\/wp-json\/wp\/v2\/product"}],"about":[{"href":"https:\/\/mouldking.store\/de\/wp-json\/wp\/v2\/types\/product"}],"replies":[{"embeddable":true,"href":"https:\/\/mouldking.store\/de\/wp-json\/wp\/v2\/comments?post=54299"}],"wp:featuredmedia":[{"embeddable":true,"href":"https:\/\/mouldking.store\/de\/wp-json\/wp\/v2\/media\/54297"}],"wp:attachment":[{"href":"https:\/\/mouldking.store\/de\/wp-json\/wp\/v2\/media?parent=54299"}],"wp:term":[{"taxonomy":"product_cat","embeddable":true,"href":"https:\/\/mouldking.store\/de\/wp-json\/wp\/v2\/product_cat?post=54299"},{"taxonomy":"product_tag","embeddable":true,"href":"https:\/\/mouldking.store\/de\/wp-json\/wp\/v2\/product_tag?post=54299"}],"curies":[{"name":"wp","href":"https:\/\/api.w.org\/{rel}","templated":true}]}}