{"id":54520,"date":"2024-01-17T12:50:50","date_gmt":"2024-01-17T05:50:50","guid":{"rendered":"https:\/\/mouldking.store\/shop\/mould-king-17045-red-heavy-duty-stacker-with-motor-with-4579-pieces\/"},"modified":"2024-01-17T12:50:50","modified_gmt":"2024-01-17T05:50:50","slug":"mould-king-17045-red-heavy-duty-stacker-with-motor-with-4579-pieces","status":"publish","type":"product","link":"https:\/\/mouldking.store\/de\/shop\/mould-king-17045-red-heavy-duty-stacker-with-motor-with-4579-pieces\/","title":{"rendered":"MOULD KING 17045 Roter Hochleistungsstapler mit Motor mit 4579 Teilen"},"content":{"rendered":"<div>\u2705Mould King 17045 Roter Hochleistungsstapler mit Motor<br \/>&nbsp;<br \/>\u2705Stapler spielen eine entscheidende Rolle bei der Optimierung von Lagerfl\u00e4chen und der Erleichterung des Warentransports innerhalb einer Anlage. Sie geh\u00f6ren zur breiteren Kategorie der Materialtransportger\u00e4te, zu denen unter anderem auch Gabelstapler, Palettenwagen und F\u00f6rdersysteme geh\u00f6ren.<br \/>&nbsp;<br \/>\ud83d\udeab WICHTIG! <br \/>&nbsp;<br \/>Produktname: Roter Hochleistungsstapler mit Motor<br \/>&nbsp;<br \/>Kategorie: Technik<br \/>&nbsp;<br \/>Dieses Kit enth\u00e4lt: Mould King 17045<br \/>&nbsp;<br \/>4579 St\u00fcck hochwertige Steine <br \/>&nbsp;<br \/>Gr\u00f6\u00dfe: 64 \u00d7 28,6 \u00d7 39 cm<br \/>&nbsp;<br \/>Manuelle Anweisungen <br \/>&nbsp;<br \/>\ud83d\udcccNatur des Protagonisten <br \/>&nbsp;<br \/>Wir stellen Ihnen unsere stolze Kollektion mit dem Namen \u201eRoter Hochleistungsstapler mit Motor\u201c vor, die Sie nicht verpassen sollten. <br \/>&nbsp;<br \/><strong>Manueller Stapler:<\/strong> Dieser Staplertyp wird manuell bedient. Er verf\u00fcgt in der Regel \u00fcber einen hydraulischen Hebemechanismus zum Anheben von Lasten und kann \u00fcber Gabeln oder Plattformen zum Tragen und Anheben von Paletten oder anderen Materialien verf\u00fcgen. Manuelle Stapler werden h\u00e4ufig f\u00fcr Aufgaben eingesetzt, die vertikales Heben erfordern, jedoch keine schweren Lasten erfordern.<\/div>","protected":false},"excerpt":{"rendered":"<p>Marke: MOLD KING<br \/>\nGeschlecht: Unisex<br \/>\nAltersspanne: &gt; 14 Jahre alt<br \/>\nModellnummer: 17045<br \/>\nEinstufung: Assemblage<br \/>\nKunststoffblockform: Selbstsichernde Steine<br \/>\nMaterial: Kunststoff<br \/>\nKunststofftyp: ABS<br \/>\nZiegelsteine: 4579 +<br \/>\nKeine Originalverpackung<\/p>","protected":false},"featured_media":54514,"comment_status":"open","ping_status":"closed","template":"","meta":{"_acf_changed":false},"product_cat":[1357,364],"product_tag":[8243,12994,389,11080],"class_list":["product","first","instock","shipping-taxable","purchasable","product-type-simple"],"acf":[],"_links":{"self":[{"href":"https:\/\/mouldking.store\/de\/wp-json\/wp\/v2\/product\/54520","targetHints":{"allow":["GET"]}}],"collection":[{"href":"https:\/\/mouldking.store\/de\/wp-json\/wp\/v2\/product"}],"about":[{"href":"https:\/\/mouldking.store\/de\/wp-json\/wp\/v2\/types\/product"}],"replies":[{"embeddable":true,"href":"https:\/\/mouldking.store\/de\/wp-json\/wp\/v2\/comments?post=54520"}],"wp:featuredmedia":[{"embeddable":true,"href":"https:\/\/mouldking.store\/de\/wp-json\/wp\/v2\/media\/54514"}],"wp:attachment":[{"href":"https:\/\/mouldking.store\/de\/wp-json\/wp\/v2\/media?parent=54520"}],"wp:term":[{"taxonomy":"product_cat","embeddable":true,"href":"https:\/\/mouldking.store\/de\/wp-json\/wp\/v2\/product_cat?post=54520"},{"taxonomy":"product_tag","embeddable":true,"href":"https:\/\/mouldking.store\/de\/wp-json\/wp\/v2\/product_tag?post=54520"}],"curies":[{"name":"wp","href":"https:\/\/api.w.org\/{rel}","templated":true}]}}