{"id":54734,"date":"2024-02-01T18:53:05","date_gmt":"2024-02-01T11:53:05","guid":{"rendered":"https:\/\/mouldking.store\/shop\/taigaole-t5042b-ford-gt-supercar-with-motor-with-3056-pieces\/"},"modified":"2024-02-01T18:53:13","modified_gmt":"2024-02-01T11:53:13","slug":"taigaole-t5042b-ford-gt-supercar-with-motor-with-3056-pieces","status":"publish","type":"product","link":"https:\/\/mouldking.store\/de\/shop\/taigaole-t5042b-ford-gt-supercar-with-motor-with-3056-pieces\/","title":{"rendered":"TaiGaoLe T5042B Ford GT Supercar mit Motor mit 3056 Teilen"},"content":{"rendered":"<div>\u2705TGL T5042B Ford GT Supersportwagen mit Motor<br \/>&nbsp;<br \/>\u2705Der Ford GT ist ein Hochleistungs-Supersportwagen der Ford Motor Company. Inspiriert von den legend\u00e4ren GT40-Rennwagen der 1960er Jahre ist der moderne Ford GT ein hochmoderner Sportwagen, der fortschrittliche Technik, Aerodynamik und Leistung vereint.<br \/>&nbsp;<br \/>\ud83d\udeab WICHTIG!&nbsp;<br \/>&nbsp;<br \/>Produktname: Ford GT Supercar mit Motor<br \/>&nbsp;<br \/>Kategorie: Technik<br \/>&nbsp;<br \/>Dieses Kit enth\u00e4lt: TGL T5042B<br \/>&nbsp;<br \/>3056 St\u00fcck hochwertige Steine&nbsp;<br \/>&nbsp;<br \/>Gr\u00f6\u00dfe: 59,5 \u00d7 31 \u00d7 15,5 cm<br \/>&nbsp;<br \/>Manuelle Anweisungen&nbsp;<br \/>&nbsp;<br \/>\ud83d\udcccNatur des Protagonisten&nbsp;<br \/>&nbsp;<br \/>Wir stellen Ihnen unsere stolze Kollektion mit dem Namen \u201eFord GT Supercar mit Motor\u201c vor, die Sie nicht verpassen sollten.&nbsp;<br \/>&nbsp;<br \/>Der moderne Ford GT wurde 2002 anl\u00e4sslich des 100-j\u00e4hrigen Ford-Jubil\u00e4ums als Konzeptfahrzeug auf der North American International Auto Show vorgestellt. Das Konzept fand gro\u00dfen Anklang und veranlasste Ford, es zu einem Serienfahrzeug weiterzuentwickeln. Das Design des Ford GT ist eine Hommage an die klassischen GT40-Rennwagen, die von 1966 bis 1969 viermal in Folge das 24-Stunden-Rennen von Le Mans gewannen.<\/div>","protected":false},"excerpt":{"rendered":"<p>Marke: TaiGaoLe<br \/>\nGeschlecht: Unisex<br \/>\nAltersspanne: &gt; 8 Jahre alt<br \/>\nModellnummer: T5042B<br \/>\nEinstufung: Assemblage<br \/>\nKunststoffblockform: Selbstsichernde Steine<br \/>\nMaterial: Kunststoff<br \/>\nKunststofftyp: ABS<br \/>\nZiegelsteine: 3056 +<br \/>\nKeine Originalverpackung<\/p>","protected":false},"featured_media":54733,"comment_status":"open","ping_status":"closed","template":"","meta":{"_acf_changed":false},"product_cat":[1357,364],"product_tag":[1747,588,389,11080],"class_list":["product","first","instock","shipping-taxable","purchasable","product-type-simple"],"acf":[],"_links":{"self":[{"href":"https:\/\/mouldking.store\/de\/wp-json\/wp\/v2\/product\/54734","targetHints":{"allow":["GET"]}}],"collection":[{"href":"https:\/\/mouldking.store\/de\/wp-json\/wp\/v2\/product"}],"about":[{"href":"https:\/\/mouldking.store\/de\/wp-json\/wp\/v2\/types\/product"}],"replies":[{"embeddable":true,"href":"https:\/\/mouldking.store\/de\/wp-json\/wp\/v2\/comments?post=54734"}],"wp:featuredmedia":[{"embeddable":true,"href":"https:\/\/mouldking.store\/de\/wp-json\/wp\/v2\/media\/54733"}],"wp:attachment":[{"href":"https:\/\/mouldking.store\/de\/wp-json\/wp\/v2\/media?parent=54734"}],"wp:term":[{"taxonomy":"product_cat","embeddable":true,"href":"https:\/\/mouldking.store\/de\/wp-json\/wp\/v2\/product_cat?post=54734"},{"taxonomy":"product_tag","embeddable":true,"href":"https:\/\/mouldking.store\/de\/wp-json\/wp\/v2\/product_tag?post=54734"}],"curies":[{"name":"wp","href":"https:\/\/api.w.org\/{rel}","templated":true}]}}