{"id":54967,"date":"2024-02-06T18:26:16","date_gmt":"2024-02-06T11:26:16","guid":{"rendered":"https:\/\/mouldking.store\/shop\/wgc-66010-titanic-with-2288-pieces\/"},"modified":"2024-02-06T18:26:22","modified_gmt":"2024-02-06T11:26:22","slug":"wgc-66010-titanic-with-2288-pieces","status":"publish","type":"product","link":"https:\/\/mouldking.store\/de\/shop\/wgc-66010-titanic-with-2288-pieces\/","title":{"rendered":"WGC 66010 Titanic mit 2288 Teilen"},"content":{"rendered":"<div>\u2705 WGC 66010 Titanic<br \/>&nbsp;<br \/>\u2705Die Titanic war ein britisches Passagierschiff, das auf seiner Jungfernfahrt im Jahr 1912 sank, was zu einer der t\u00f6dlichsten Schiffskatastrophen der Geschichte f\u00fchrte.&nbsp;<\/p>\n<p>\ud83d\udeab WICHTIG!&nbsp;<br \/>&nbsp;<br \/>Produktname: Titanic<br \/>&nbsp;<br \/>Kategorie: Film<br \/>&nbsp;<br \/>Dieses Kit enth\u00e4lt: WGC 66010<br \/>&nbsp;<br \/>2288 St\u00fcck hochwertige Steine&nbsp;<br \/>&nbsp;<br \/>Gr\u00f6\u00dfe: 60 \u00d7 7 \u00d7 26 cm<br \/>&nbsp;<br \/>Manuelle Anweisungen&nbsp;<br \/>&nbsp;<br \/>\ud83d\udcccNatur des Protagonisten&nbsp;<br \/>&nbsp;<br \/>Wir stellen Ihnen unsere stolze Kollektion mit dem Namen \u201eTitanic\u201c vor, die Sie nicht verpassen sollten.&nbsp;<br \/>&nbsp;<br \/>Die Titanic wurde von der Harland &amp; Wolff Werft in Belfast, Nordirland, f\u00fcr die White Star Line gebaut. Sie war einer von drei Ozeandampfern der Olympic-Klasse, die das Unternehmen baute. Die Titanic war das gr\u00f6\u00dfte und luxuri\u00f6seste. Zum Zeitpunkt ihrer Fertigstellung war sie das gr\u00f6\u00dfte Schiff auf See. Sie war etwa 269 Meter lang und 53 Meter hoch. Das Schiff bot seinen Passagieren luxuri\u00f6se Annehmlichkeiten, darunter opulente Kabinen, gro\u00dfe Speises\u00e4le, ein Schwimmbad, einen Fitnessraum und sogar einen Squashplatz.<\/div>","protected":false},"excerpt":{"rendered":"<p>Marke: WGC<br \/>\nGeschlecht: Unisex<br \/>\nAltersspanne: &gt; 8 Jahre alt<br \/>\nModellnummer: 66010<br \/>\nEinstufung: Assemblage<br \/>\nKunststoffblockform: Selbstsichernde Steine<br \/>\nMaterial: Kunststoff<br \/>\nKunststofftyp: ABS<br \/>\nZiegelsteine: 2288 +<br \/>\nKeine Originalverpackung<\/p>","protected":false},"featured_media":54966,"comment_status":"open","ping_status":"closed","template":"","meta":{"_acf_changed":false},"product_cat":[1357,581,364,1408],"product_tag":[434,304,389,4068],"class_list":["product","first","instock","shipping-taxable","purchasable","product-type-simple"],"acf":[],"_links":{"self":[{"href":"https:\/\/mouldking.store\/de\/wp-json\/wp\/v2\/product\/54967","targetHints":{"allow":["GET"]}}],"collection":[{"href":"https:\/\/mouldking.store\/de\/wp-json\/wp\/v2\/product"}],"about":[{"href":"https:\/\/mouldking.store\/de\/wp-json\/wp\/v2\/types\/product"}],"replies":[{"embeddable":true,"href":"https:\/\/mouldking.store\/de\/wp-json\/wp\/v2\/comments?post=54967"}],"wp:featuredmedia":[{"embeddable":true,"href":"https:\/\/mouldking.store\/de\/wp-json\/wp\/v2\/media\/54966"}],"wp:attachment":[{"href":"https:\/\/mouldking.store\/de\/wp-json\/wp\/v2\/media?parent=54967"}],"wp:term":[{"taxonomy":"product_cat","embeddable":true,"href":"https:\/\/mouldking.store\/de\/wp-json\/wp\/v2\/product_cat?post=54967"},{"taxonomy":"product_tag","embeddable":true,"href":"https:\/\/mouldking.store\/de\/wp-json\/wp\/v2\/product_tag?post=54967"}],"curies":[{"name":"wp","href":"https:\/\/api.w.org\/{rel}","templated":true}]}}