{"id":55290,"date":"2024-02-20T19:05:19","date_gmt":"2024-02-20T12:05:19","guid":{"rendered":"https:\/\/mouldking.store\/shop\/zhegao-982003-pirate-ship-skeleton-adventure-with-968-pieces\/"},"modified":"2024-02-20T19:05:22","modified_gmt":"2024-02-20T12:05:22","slug":"zhegao-982003-pirate-ship-skeleton-adventure-with-968-pieces","status":"publish","type":"product","link":"https:\/\/mouldking.store\/de\/shop\/zhegao-982003-pirate-ship-skeleton-adventure-with-968-pieces\/","title":{"rendered":"ZHEGAO 982003 Piratenschiff-Skelett-Abenteuer mit 968 Teilen"},"content":{"rendered":"<div>\u2705ZHEGAO 982003 Piratenschiff-Skelett-Abenteuer<br \/>&nbsp;<br \/>\u2705Willkommen an Bord des Piratenschiff-Skelett-Abenteuers! Stell dir vor: Ein marodes Schiff, dessen Balken im Mondlicht knarren, w\u00e4hrend es durch die neblige See segelt. An Deck eine Crew von Skelettpiraten, deren Knochen bei jedem Schritt klappern, bereit f\u00fcr Abenteuer und Beute.<br \/>&nbsp;<br \/>\ud83d\udeab WICHTIG!&nbsp;<br \/>&nbsp;<br \/>Produktname: Piratenschiff-Skelett-Abenteuer<br \/>&nbsp;<br \/>Kategorie: Technik<br \/>&nbsp;<br \/>Dieses Kit enth\u00e4lt: ZHEGAO 982003<br \/>&nbsp;<br \/>968 hochwertige Bausteine&nbsp;<br \/>&nbsp;<br \/>Manuelle Anweisungen&nbsp;<br \/>&nbsp;<br \/>\ud83d\udcccNatur des Protagonisten&nbsp;<br \/>&nbsp;<br \/>Wir stellen Ihnen unsere stolze Kollektion mit dem Namen \u201ePirate Ship Skeleton Adventure\u201c vor, die Sie nicht verpassen sollten.&nbsp;<br \/>&nbsp;<br \/>An Bord begr\u00fc\u00dft dich Kapit\u00e4n Bones, der furchterregende Anf\u00fchrer dieser geisterhaften Crew. Er bietet dir einen Platz in seinen Reihen an und verspricht dir unvorstellbare Reicht\u00fcmer, wenn du dich ihrer Mission anschlie\u00dft. Gemeinsam stichst du in See und segelst durch gef\u00e4hrliche Gew\u00e4sser, vorbei an verwunschenen Inseln und gespenstischen St\u00fcrmen. Unterwegs triffst du auf Herausforderungen und R\u00e4tsel, jedes teuflischer als das andere. Von der Entzifferung alter Karten bis zum Kampf gegen Seeungeheuer \u2013 jeder Moment ist voller Spannung und Gefahr.<\/div>","protected":false},"excerpt":{"rendered":"<p>Marke: ZHEGAO<br \/>\nGeschlecht: Unisex<br \/>\nAltersspanne: &gt; 6 Jahre alt<br \/>\nModellnummer: 982003<br \/>\nEinstufung: Assemblage<br \/>\nKunststoffblockform: Selbstsichernde Steine<br \/>\nMaterial: Kunststoff<br \/>\nKunststofftyp: ABS<br \/>\nZiegelsteine: 968 +<br \/>\nKeine Originalverpackung<\/p>","protected":false},"featured_media":55289,"comment_status":"open","ping_status":"closed","template":"","meta":{"_acf_changed":false},"product_cat":[1357,364,1875],"product_tag":[6470,11216,8704,2429,9924,389,11080],"class_list":["product","first","instock","shipping-taxable","purchasable","product-type-simple"],"acf":[],"_links":{"self":[{"href":"https:\/\/mouldking.store\/de\/wp-json\/wp\/v2\/product\/55290","targetHints":{"allow":["GET"]}}],"collection":[{"href":"https:\/\/mouldking.store\/de\/wp-json\/wp\/v2\/product"}],"about":[{"href":"https:\/\/mouldking.store\/de\/wp-json\/wp\/v2\/types\/product"}],"replies":[{"embeddable":true,"href":"https:\/\/mouldking.store\/de\/wp-json\/wp\/v2\/comments?post=55290"}],"wp:featuredmedia":[{"embeddable":true,"href":"https:\/\/mouldking.store\/de\/wp-json\/wp\/v2\/media\/55289"}],"wp:attachment":[{"href":"https:\/\/mouldking.store\/de\/wp-json\/wp\/v2\/media?parent=55290"}],"wp:term":[{"taxonomy":"product_cat","embeddable":true,"href":"https:\/\/mouldking.store\/de\/wp-json\/wp\/v2\/product_cat?post=55290"},{"taxonomy":"product_tag","embeddable":true,"href":"https:\/\/mouldking.store\/de\/wp-json\/wp\/v2\/product_tag?post=55290"}],"curies":[{"name":"wp","href":"https:\/\/api.w.org\/{rel}","templated":true}]}}