{"id":58617,"date":"2024-05-29T12:32:18","date_gmt":"2024-05-29T05:32:18","guid":{"rendered":"https:\/\/mouldking.store\/shop\/moc-factory-89137-zelda-8-bit-link-master-sword-hylian-shield-with-1012-pieces\/"},"modified":"2025-12-16T20:59:09","modified_gmt":"2025-12-16T13:59:09","slug":"moc-factory-89137-zelda-8-bit-link-master-sword-hylian-shield-with-1012-pieces","status":"publish","type":"product","link":"https:\/\/mouldking.store\/de\/shop\/moc-factory-89137-zelda-8-bit-link-master-sword-hylian-shield-with-1012-pieces\/","title":{"rendered":"MOC Factory 89137 Zelda 8-Bit Link Master-Schwert Hylian Shield mit 1012 Teilen"},"content":{"rendered":"<div>\u2705 MOC-89137 Zelda 8-Bit Link Master-Schwert Hylian Shield<\/p>\n<p>\u2705Im Originalspiel \u201eThe Legend of Zelda\u201c, das 1986 f\u00fcr das Nintendo Entertainment System (NES) ver\u00f6ffentlicht wurde, schwingt der Protagonist Link das Master-Schwert und tr\u00e4gt den Hylian-Schild bei sich, um Prinzessin Zelda zu retten und den b\u00f6sen Ganon zu besiegen.<\/p>\n<p>\ud83d\udeab WICHTIG!<\/p>\n<p>Produktname: Zelda 8-Bit Link Master-Schwert Hylian Shield<\/p>\n<p>Kategorie: Film<\/p>\n<p>Dieses Kit enth\u00e4lt: C9883<\/p>\n<p>1012 St\u00fcck Ziegel von guter Qualit\u00e4t<\/p>\n<p>Gewicht: 0,72 kg<\/p>\n<p>PDF-Anleitung<\/p>\n<p>\ud83d\udcccNatur des Protagonisten<\/p>\n<p>Wir stellen Ihnen unsere stolze Kollektion mit dem Namen \u201eZelda 8-Bit Link Master Sword Hylian Shield\u201c vor, die Sie nicht verpassen sollten.<\/p>\n<p>Das Master-Schwert, auch bekannt als die Klinge des B\u00f6sen, ist eine der bekanntesten Waffen der \u201eLegend of Zelda\u201c-Reihe. Es wird normalerweise mit Link, dem Hauptprotagonisten, in Verbindung gebracht. Sein Deb\u00fct feierte das Master-Schwert jedoch erst 1991 mit \u201eThe Legend of Zelda: A Link to the Past\u201c f\u00fcr das Super Nintendo Entertainment System (SNES). Im Originalspiel \u201eThe Legend of Zelda\u201c verwendet Link ein Standardschwert, das er im Laufe des Spiels verbessert, indem er verschiedene Schwertverbesserungen findet und sammelt. Der Hylian-Schild ist ein weiteres Kultobjekt aus der \u201eLegend of Zelda\u201c-Reihe. Es ist ein Schild, der oft mit Link in Verbindung gebracht wird und ein blaues Hylian-Wappen aufweist. \u00c4hnlich wie das Master-Schwert erschien der Hylian-Schild jedoch nicht im Originalspiel \u201eThe Legend of Zelda\u201c f\u00fcr das NES. Stattdessen \u00e4hnelt Links Standardschild in diesem Spiel einem einfachen Holzschild. Der Hylian-Schild erschien erstmals zusammen mit dem Master-Schwert in \u201eThe Legend of Zelda: A Link to the Past\u201c.<\/p><\/div>","protected":false},"excerpt":{"rendered":"<p>Marke: MOC-Fabrik<br \/>\nGeschlecht: Unisex<br \/>\nAltersspanne: &gt; 6 Jahre alt<br \/>\nModellnummer: 89137<br \/>\nEinstufung: Assemblage<br \/>\nKunststoffblockform: Selbstsichernde Steine<br \/>\nMaterial: Kunststoff<br \/>\nKunststofftyp: ABS<br \/>\nZiegelsteine: 1012 +<br \/>\nKeine Originalverpackung<\/p>","protected":false},"featured_media":58616,"comment_status":"open","ping_status":"closed","template":"","meta":{"_acf_changed":false},"product_cat":[1365,371,581,1408],"product_tag":[11072,8452,11479,11083,7133,434,11480,2981,5773],"class_list":["product","first","instock","shipping-taxable","purchasable","product-type-simple"],"acf":[],"_links":{"self":[{"href":"https:\/\/mouldking.store\/de\/wp-json\/wp\/v2\/product\/58617","targetHints":{"allow":["GET"]}}],"collection":[{"href":"https:\/\/mouldking.store\/de\/wp-json\/wp\/v2\/product"}],"about":[{"href":"https:\/\/mouldking.store\/de\/wp-json\/wp\/v2\/types\/product"}],"replies":[{"embeddable":true,"href":"https:\/\/mouldking.store\/de\/wp-json\/wp\/v2\/comments?post=58617"}],"wp:featuredmedia":[{"embeddable":true,"href":"https:\/\/mouldking.store\/de\/wp-json\/wp\/v2\/media\/58616"}],"wp:attachment":[{"href":"https:\/\/mouldking.store\/de\/wp-json\/wp\/v2\/media?parent=58617"}],"wp:term":[{"taxonomy":"product_cat","embeddable":true,"href":"https:\/\/mouldking.store\/de\/wp-json\/wp\/v2\/product_cat?post=58617"},{"taxonomy":"product_tag","embeddable":true,"href":"https:\/\/mouldking.store\/de\/wp-json\/wp\/v2\/product_tag?post=58617"}],"curies":[{"name":"wp","href":"https:\/\/api.w.org\/{rel}","templated":true}]}}