{"id":58915,"date":"2024-05-29T17:20:59","date_gmt":"2024-05-29T10:20:59","guid":{"rendered":"https:\/\/mouldking.store\/shop\/sembo-705111-zoomlion-heavy-industry-excavators-with-735-pieces\/"},"modified":"2024-05-29T17:21:07","modified_gmt":"2024-05-29T10:21:07","slug":"sembo-705111-zoomlion-heavy-industry-excavators-with-735-pieces","status":"publish","type":"product","link":"https:\/\/mouldking.store\/de\/shop\/sembo-705111-zoomlion-heavy-industry-excavators-with-735-pieces\/","title":{"rendered":"SEMBO 705111 Zoomlion Schwerindustrie-Bagger mit 735 Teilen"},"content":{"rendered":"<div>\u2705SEMBO 705111 Zoomlion Schwerindustrie-Bagger<\/p>\n<p>\u2705Zoomlion Heavy Industry Science &amp; Technology Co., Ltd., allgemein bekannt als Zoomlion, ist einer der gr\u00f6\u00dften Baumaschinenhersteller Chinas. Das Unternehmen ist bekannt f\u00fcr sein breites Angebot an Baumaschinen, darunter Krane, Betonmaschinen und Hubarbeitsb\u00fchnen, produziert aber auch Bagger.<\/p>\n<p>\ud83d\udeab WICHTIG!<\/p>\n<p>Produktname: Zoomlion Schwerindustrie-Bagger<\/p>\n<p>Kategorie: Technik<\/p>\n<p>Dieses Set enth\u00e4lt: SEMBO 705111<\/p>\n<p>735 St\u00fcck hochwertige Ziegelsteine<\/p>\n<p>Manuelle Anweisungen<\/p>\n<p>\ud83d\udcccNatur des Protagonisten<\/p>\n<p>Wir pr\u00e4sentieren Ihnen unsere stolze Kollektion \u201eZoomlion Schwerindustrie-Bagger\u201c, die Sie sich nicht entgehen lassen sollten.<\/p>\n<p>Zoomlion fertigt eine Vielzahl von Baggern f\u00fcr unterschiedliche Anwendungen und Einsatzbedingungen. Dazu geh\u00f6ren Minibagger f\u00fcr kleinere Bauprojekte, mittelgro\u00dfe Bagger f\u00fcr allgemeine Aushub- und Erdbewegungsarbeiten sowie gro\u00dfe Bagger f\u00fcr anspruchsvolle Eins\u00e4tze wie im Bergbau und in Steinbr\u00fcchen. Die Bagger von Zoomlion sind mit fortschrittlichen Technologien und innovativen Funktionen ausgestattet, die Leistung, Effizienz und Bedienkomfort optimieren. Dazu z\u00e4hlen beispielsweise Hydrauliksysteme f\u00fcr pr\u00e4zise Steuerung und k\u00fcrzere Arbeitszyklen, moderne \u00dcberwachungs- und Diagnosesysteme f\u00fcr eine verbesserte Wartung sowie ergonomische Kabinen f\u00fcr mehr Komfort und Sicherheit des Bedieners.<\/p><\/div>","protected":false},"excerpt":{"rendered":"<p>Marke: SEMBO<br \/>\nGeschlecht: Unisex<br \/>\nAltersspanne: &gt; 6 Jahre alt<br \/>\nModellnummer: 705111<br \/>\nEinstufung: Assemblage<br \/>\nKunststoffblockform: Selbstsichernde Steine<br \/>\nMaterial: Kunststoff<br \/>\nKunststofftyp: ABS<br \/>\nZiegelsteine: 735 +<br \/>\nKeine Originalverpackung<\/p>","protected":false},"featured_media":58914,"comment_status":"open","ping_status":"closed","template":"","meta":{"_acf_changed":false},"product_cat":[1357,364],"product_tag":[8243,13371,13372,389,11080,7666],"class_list":["product","first","instock","shipping-taxable","purchasable","product-type-simple"],"acf":[],"_links":{"self":[{"href":"https:\/\/mouldking.store\/de\/wp-json\/wp\/v2\/product\/58915","targetHints":{"allow":["GET"]}}],"collection":[{"href":"https:\/\/mouldking.store\/de\/wp-json\/wp\/v2\/product"}],"about":[{"href":"https:\/\/mouldking.store\/de\/wp-json\/wp\/v2\/types\/product"}],"replies":[{"embeddable":true,"href":"https:\/\/mouldking.store\/de\/wp-json\/wp\/v2\/comments?post=58915"}],"wp:featuredmedia":[{"embeddable":true,"href":"https:\/\/mouldking.store\/de\/wp-json\/wp\/v2\/media\/58914"}],"wp:attachment":[{"href":"https:\/\/mouldking.store\/de\/wp-json\/wp\/v2\/media?parent=58915"}],"wp:term":[{"taxonomy":"product_cat","embeddable":true,"href":"https:\/\/mouldking.store\/de\/wp-json\/wp\/v2\/product_cat?post=58915"},{"taxonomy":"product_tag","embeddable":true,"href":"https:\/\/mouldking.store\/de\/wp-json\/wp\/v2\/product_tag?post=58915"}],"curies":[{"name":"wp","href":"https:\/\/api.w.org\/{rel}","templated":true}]}}