{"id":59242,"date":"2024-05-31T10:50:56","date_gmt":"2024-05-31T03:50:56","guid":{"rendered":"https:\/\/mouldking.store\/shop\/guly-10624-star-rambo-with-motor-with-4106-pieces\/"},"modified":"2024-05-31T10:51:10","modified_gmt":"2024-05-31T03:51:10","slug":"guly-10624-star-rambo-with-motor-with-4106-pieces","status":"publish","type":"product","link":"https:\/\/mouldking.store\/de\/shop\/guly-10624-star-rambo-with-motor-with-4106-pieces\/","title":{"rendered":"GULY 10624 Star Rambo mit Motor mit 4106 Teilen"},"content":{"rendered":"<div>\u2705GULY 10624 Star Rambo mit Motor<\/p>\n<p>\u2705Der Aventador besticht durch sein schlankes und aggressives Design, einen leistungsstarken V12-Saugmotor, fortschrittliche Aerodynamik und modernste Technologie. Er ist nach einem Stier benannt, der im Oktober 1993 eine Stierkampfarena im spanischen Saragossa betrat. Damit bleibt Lamborghinis Tradition treu, seine Fahrzeuge nach ber\u00fchmten Stieren oder stierkampfbezogenen Begriffen zu benennen.<\/p>\n<p>\ud83d\udeab WICHTIG!<\/p>\n<p>Produktname: Star Rambo mit Motor<\/p>\n<p>Kategorie: Technik<\/p>\n<p>Dieses Kit enth\u00e4lt: GULY 10624<\/p>\n<p>4106 St\u00fcck hochwertige Steine<\/p>\n<p>Gr\u00f6\u00dfe: 62 \u00d7 29,3 \u00d7 15 cm<\/p>\n<p>Manuelle Anweisungen<\/p>\n<p>\ud83d\udcccNatur des Protagonisten<\/p>\n<p>Wir stellen Ihnen unsere stolze Kollektion mit dem Namen \u201eStar Rambo mit Motor\u201c vor, die Sie nicht verpassen sollten.<\/p>\n<p>Der Aventador ist in verschiedenen Konfigurationen erh\u00e4ltlich, darunter als Coup\u00e9 und Cabrio (Roadster), und im Laufe der Jahre wurden mehrere Sondereditionen und Leistungsvarianten herausgebracht, beispielsweise der Aventador S, der Aventador SVJ und Modelle in limitierter Auflage wie der Aventador SV und der Aventador LP 750-4 Superveloce.<\/p><\/div>","protected":false},"excerpt":{"rendered":"<p>Marke: GULY<br \/>\nGeschlecht: Unisex<br \/>\nAltersspanne: &gt; 8 Jahre alt<br \/>\nModellnummer: 10624<br \/>\nEinstufung: Assemblage<br \/>\nKunststoffblockform: Selbstsichernde Steine<br \/>\nMaterial: Kunststoff<br \/>\nKunststofftyp: ABS<br \/>\nZiegelsteine: 4106 +<br \/>\nKeine Originalverpackung<\/p>","protected":false},"featured_media":59241,"comment_status":"open","ping_status":"closed","template":"","meta":{"_acf_changed":false},"product_cat":[1360,1357,415,364,1875],"product_tag":[7253,457,12317,673,389,11080],"class_list":["product","first","instock","shipping-taxable","purchasable","product-type-simple"],"acf":[],"_links":{"self":[{"href":"https:\/\/mouldking.store\/de\/wp-json\/wp\/v2\/product\/59242","targetHints":{"allow":["GET"]}}],"collection":[{"href":"https:\/\/mouldking.store\/de\/wp-json\/wp\/v2\/product"}],"about":[{"href":"https:\/\/mouldking.store\/de\/wp-json\/wp\/v2\/types\/product"}],"replies":[{"embeddable":true,"href":"https:\/\/mouldking.store\/de\/wp-json\/wp\/v2\/comments?post=59242"}],"wp:featuredmedia":[{"embeddable":true,"href":"https:\/\/mouldking.store\/de\/wp-json\/wp\/v2\/media\/59241"}],"wp:attachment":[{"href":"https:\/\/mouldking.store\/de\/wp-json\/wp\/v2\/media?parent=59242"}],"wp:term":[{"taxonomy":"product_cat","embeddable":true,"href":"https:\/\/mouldking.store\/de\/wp-json\/wp\/v2\/product_cat?post=59242"},{"taxonomy":"product_tag","embeddable":true,"href":"https:\/\/mouldking.store\/de\/wp-json\/wp\/v2\/product_tag?post=59242"}],"curies":[{"name":"wp","href":"https:\/\/api.w.org\/{rel}","templated":true}]}}