{"id":60848,"date":"2024-08-28T18:19:04","date_gmt":"2024-08-28T11:19:04","guid":{"rendered":"https:\/\/mouldking.store\/shop\/mould-king-10112-charger-with-1869-pieces\/"},"modified":"2024-08-28T18:19:09","modified_gmt":"2024-08-28T11:19:09","slug":"mould-king-10112-charger-with-1869-pieces","status":"publish","type":"product","link":"https:\/\/mouldking.store\/de\/shop\/mould-king-10112-charger-with-1869-pieces\/","title":{"rendered":"MOULD KING 10112 Ladeger\u00e4t mit 1869 Teilen"},"content":{"rendered":"<div>\u2705MouldKing 10112 Ladeger\u00e4t<\/p>\n<p>\u2705 Die <strong>Dodge Charger<\/strong> ist ein beliebtes amerikanisches Automobil, bekannt f\u00fcr seine Muscle-Car-Tradition und seine kraftvolle Leistung. Im Laufe der Jahre hat er sich vom klassischen Muscle-Car zu einer modernen Sportlimousine mit einer Reihe leistungsstarker Motoroptionen entwickelt.&nbsp;<\/p>\n<p>\ud83d\udeab WICHTIG!<\/p>\n<p>Produktname: Ladeger\u00e4t&nbsp;<\/p>\n<p>Kategorie: Technik<\/p>\n<p>Dieses Kit enth\u00e4lt: MouldKing 10112<\/p>\n<p>1869 St\u00fcck Ziegel von guter Qualit\u00e4t<\/p>\n<p>Gr\u00f6\u00dfe: 37,7 \u00d7 9,5 \u00d7 15,6 cm<\/p>\n<p>Manuelle Anweisungen<\/p>\n<p>\ud83d\udcccNatur des Protagonisten<\/p>\n<p>Wir stellen Ihnen unsere stolze Kollektion mit dem Namen \u201eCharger\u201c vor, die Sie nicht verpassen sollten.<\/p>\n<p>Der in den 1960er Jahren eingef\u00fchrte Charger entwickelte sich zu einer Ikone der amerikanischen Muscle-Car-Kultur. Er war bekannt f\u00fcr sein aggressives Design und seine leistungsstarken V8-Motoren. Die Modelle von 1968 bis 1970 erfreuen sich bei Autoliebhabern und Sammlern besonderer Beliebtheit. Der moderne Charger, der Mitte der 2000er Jahre wieder auf den Markt kam, ist eine Limousine in Oberklasse mit verschiedenen Ausstattungsvarianten und Motorisierungen, darunter V6- und V8-Motoren. Die Hochleistungsversion SRT Hellcat verf\u00fcgt \u00fcber einen V8-Kompressormotor mit \u00fcber 700 PS und ist damit eine der leistungsst\u00e4rksten Limousinen auf dem Markt.&nbsp;<\/p><\/div>","protected":false},"excerpt":{"rendered":"<p>Marke: MOLD KING<br \/>\nGeschlecht: Unisex<br \/>\nAltersspanne: &gt; 14 Jahre alt<br \/>\nModellnummer: 10112<br \/>\nEinstufung: Assemblage<br \/>\nKunststoffblockform: Selbstsichernde Steine<br \/>\nMaterial: Kunststoff<br \/>\nKunststofftyp: ABS<br \/>\nZiegelsteine: 1869 +<br \/>\nKeine Originalverpackung<br \/>\nDas Produkt enth\u00e4lt keine AUFKLEBER und GEDRUCKTEN Teile. Alle gedruckten Teile werden durch Standardteile ersetzt und werden nicht mit Zubeh\u00f6r von Drittanbietern geliefert.<\/p>","protected":false},"featured_media":60847,"comment_status":"open","ping_status":"closed","template":"","meta":{"_acf_changed":false},"product_cat":[1360,1357,371,372,390,581,6016,415,364,1875],"product_tag":[457,11154,13586,366,389,11080],"class_list":["product","first","instock","shipping-taxable","purchasable","product-type-simple"],"acf":[],"_links":{"self":[{"href":"https:\/\/mouldking.store\/de\/wp-json\/wp\/v2\/product\/60848","targetHints":{"allow":["GET"]}}],"collection":[{"href":"https:\/\/mouldking.store\/de\/wp-json\/wp\/v2\/product"}],"about":[{"href":"https:\/\/mouldking.store\/de\/wp-json\/wp\/v2\/types\/product"}],"replies":[{"embeddable":true,"href":"https:\/\/mouldking.store\/de\/wp-json\/wp\/v2\/comments?post=60848"}],"wp:featuredmedia":[{"embeddable":true,"href":"https:\/\/mouldking.store\/de\/wp-json\/wp\/v2\/media\/60847"}],"wp:attachment":[{"href":"https:\/\/mouldking.store\/de\/wp-json\/wp\/v2\/media?parent=60848"}],"wp:term":[{"taxonomy":"product_cat","embeddable":true,"href":"https:\/\/mouldking.store\/de\/wp-json\/wp\/v2\/product_cat?post=60848"},{"taxonomy":"product_tag","embeddable":true,"href":"https:\/\/mouldking.store\/de\/wp-json\/wp\/v2\/product_tag?post=60848"}],"curies":[{"name":"wp","href":"https:\/\/api.w.org\/{rel}","templated":true}]}}