{"id":63358,"date":"2025-07-29T12:16:08","date_gmt":"2025-07-29T05:16:08","guid":{"rendered":"https:\/\/mouldking.store\/shop\/moc-factory-c9312-nasa-space-shuttle-discovery-10283-external-fuel-tank-srb-addon-with-7669-pieces\/"},"modified":"2025-12-16T20:58:48","modified_gmt":"2025-12-16T13:58:48","slug":"moc-factory-c9312-nasa-space-shuttle-discovery-10283-external-fuel-tank-srb-addon-with-7669-pieces","status":"publish","type":"product","link":"https:\/\/mouldking.store\/de\/shop\/moc-factory-c9312-nasa-space-shuttle-discovery-10283-external-fuel-tank-srb-addon-with-7669-pieces\/","title":{"rendered":"MOC Factory C9312 NASA Space Shuttle Discovery (10283) \u2013 Externer Kraftstofftank &amp; SRB Addon mit 7669 Teilen"},"content":{"rendered":"<div>\u2705 MOC-76210+MOC-76240+MOC-102642 NASA Space Shuttle Discovery (10283) \u2013 Externer Kraftstofftank &amp; SRB Addon<\/p>\n<p>\u2705Das NASA Space Shuttle Discovery (10283) ist ein Backsteinbausatz, der das Space Shuttle Discovery nachbildet, einen Orbiter im Ruhestand, der f\u00fcr verschiedene Missionen der NASA verwendet wurde.&nbsp;<\/p>\n<p>\ud83d\udeab WICHTIG!<\/p>\n<p>Produktname: NASA Space Shuttle Discovery (10283) \u2013 Externer Kraftstofftank &amp; SRB Addon<\/p>\n<p>Kategorie: Weltraum<\/p>\n<p>Dieses Kit enth\u00e4lt: C9312<\/p>\n<p>7669 St\u00fcck Steine von guter Qualit\u00e4t<\/p>\n<p>Gr\u00f6\u00dfe: 24 x 12 x 96 cm<\/p>\n<p>Gewicht: 5,76 kg<\/p>\n<p>PDF-Anleitung<\/p>\n<p>\ud83d\udcccNatur des Protagonisten<\/p>\n<p>Die Einf\u00fchrung unserer stolzen Kollektion mit dem Namen \u201eNASA Space Shuttle Discovery (10283) \u2013 External Fuel Tank &amp; SRB Addon\u201c sollten Sie nicht verpassen.<\/p>\n<p>Das External Fuel Tank &amp; SRB Addon ist ein Erweiterungsset, das dem NASA Space Shuttle Discovery Set hinzugef\u00fcgt werden kann. Es enth\u00e4lt zus\u00e4tzliche Komponenten, die den kompletten Space-Shuttle-Stack bilden, einschlie\u00dflich des externen Treibstofftanks und zwei Feststoffraketen-Booster (SRBs), die an den Seiten des Treibstofftanks befestigt werden. Das Set enth\u00e4lt auch einen Pr\u00e4sentationsst\u00e4nder f\u00fcr den kompletten Stapel. Das Bausteinset NASA Space Shuttle Discovery (10283) und das externe Kraftstofftank- und SRB-Addon wurden f\u00fcr \u00e4ltere Baumeister und Sammler entwickelt, die sich f\u00fcr die Weltraumforschung und die Geschichte der NASA interessieren. Diese Sets bieten eine detaillierte und realistische Darstellung des legend\u00e4ren Raumschiffs und bieten ein lustiges und herausforderndes Bauerlebnis.<\/p><\/div>","protected":false},"excerpt":{"rendered":"<p>Marke: MOC-Fabrik<br \/>\nGeschlecht: Unisex<br \/>\nAltersspanne: &gt; 8 Jahre alt<br \/>\nModellnummer: C9312<br \/>\nEinstufung: Assemblage<br \/>\nKunststoffblockform: Selbstsichernde Steine<br \/>\nMaterial: Kunststoff<br \/>\nKunststofftyp: ABS<br \/>\nZiegelsteine: 7669 +<br \/>\nKeine Originalverpackung<\/p>","protected":false},"featured_media":63357,"comment_status":"open","ping_status":"closed","template":"","meta":{"_acf_changed":false},"product_cat":[1357,6016,364],"product_tag":[11680,11679,11296,11297,6111,9235,2276,485,389],"class_list":["product","first","instock","shipping-taxable","purchasable","product-type-simple"],"acf":[],"_links":{"self":[{"href":"https:\/\/mouldking.store\/de\/wp-json\/wp\/v2\/product\/63358","targetHints":{"allow":["GET"]}}],"collection":[{"href":"https:\/\/mouldking.store\/de\/wp-json\/wp\/v2\/product"}],"about":[{"href":"https:\/\/mouldking.store\/de\/wp-json\/wp\/v2\/types\/product"}],"replies":[{"embeddable":true,"href":"https:\/\/mouldking.store\/de\/wp-json\/wp\/v2\/comments?post=63358"}],"wp:featuredmedia":[{"embeddable":true,"href":"https:\/\/mouldking.store\/de\/wp-json\/wp\/v2\/media\/63357"}],"wp:attachment":[{"href":"https:\/\/mouldking.store\/de\/wp-json\/wp\/v2\/media?parent=63358"}],"wp:term":[{"taxonomy":"product_cat","embeddable":true,"href":"https:\/\/mouldking.store\/de\/wp-json\/wp\/v2\/product_cat?post=63358"},{"taxonomy":"product_tag","embeddable":true,"href":"https:\/\/mouldking.store\/de\/wp-json\/wp\/v2\/product_tag?post=63358"}],"curies":[{"name":"wp","href":"https:\/\/api.w.org\/{rel}","templated":true}]}}