{"id":63538,"date":"2025-08-06T10:40:32","date_gmt":"2025-08-06T03:40:32","guid":{"rendered":"https:\/\/mouldking.store\/shop\/moc-factory-79236-10254-additional-carriages-with-575-pieces\/"},"modified":"2025-12-16T20:58:46","modified_gmt":"2025-12-16T13:58:46","slug":"moc-factory-79236-10254-additional-carriages-with-575-pieces","status":"publish","type":"product","link":"https:\/\/mouldking.store\/de\/shop\/moc-factory-79236-10254-additional-carriages-with-575-pieces\/","title":{"rendered":"MOC Factory 79236 10254 Zus\u00e4tzliche Waggons mit 575 Teilen"},"content":{"rendered":"<div>\u2705 MOC-79236 10254 Zus\u00e4tzliche Wagen<\/p>\n<\/div>\n<div>\u2705 MOC-79236 \u201eZus\u00e4tzliche Waggons f\u00fcr 10254\u201c ist ein von Fans entworfenes LEGO-Modell, das von \u201eLittle_Thomas\u201c f\u00fcr den LEGO Winter Holiday Train (Set #10254) erstellt wurde. Ein MOC (My Own Creation) ist ein individuell aus LEGO-Steinen gebautes Modell, dessen Bauanleitung der Designer anderen zum Nachbauen zur Verf\u00fcgung stellt.<\/p>\n<\/div>\n<div>\ud83d\udeab WICHTIG!<\/p>\n<\/div>\n<div>Produktname: 10254 Zus\u00e4tzliche Waggons<\/p>\n<\/div>\n<div>Kategorie: Technik<\/p>\n<\/div>\n<div>Dieses Set enth\u00e4lt: MOC-79236<\/p>\n<\/div>\n<div>575 St\u00fcck hochwertige Ziegelsteine<\/p>\n<\/div>\n<div>Gr\u00f6\u00dfe: B 27 cm, L 17 cm, H 7 cm<\/p>\n<\/div>\n<div>Gewicht: 600 g&nbsp;<\/p>\n<\/div>\n<div>PDF-Anleitung<\/p>\n<\/div>\n<div>\ud83d\udcccNatur des Protagonisten<br \/>Der zus\u00e4tzliche Wagen MOC-79236 wurde von Little_Thomas lizenziert und entworfen und ist kompatibel mit 10254 Train \/ 60197 \/ 10259 etc.<br \/>Kreativer Hintergrund: Dies sind einige zus\u00e4tzliche Waggons des Winterzuges 10254. Ich mag diesen Zug sehr. Schade, dass er noch eine Weile nicht im Handel erh\u00e4ltlich sein wird, aber es ist trotzdem wundersch\u00f6n, ihn unter dem Weihnachtsbaum fahren zu sehen. Mit mehr Waggons sieht er noch sch\u00f6ner aus. Ich habe versucht, den kleinen Charme der Originalszene in diese Waggons zu \u00fcbertragen. Im Speisewagen gibt es eine kleine Kaffee- und Schokoladenbar, und die Fahrg\u00e4ste k\u00f6nnen es sich an kalten Tagen auf den bequemen Ledersitzen gem\u00fctlich machen. Auch die Personenwagen sind mit diesen bequemen Ledersitzen ausgestattet. Au\u00dferdem gibt es einen kleinen Tisch, an dem man seine Weihnachtsw\u00fcnsche aufschreiben kann. Die Waggons sind jetzt mit mehr Geschenken beladen, als man denkt. Es ist einfach fantastisch \u2013 vom Weihnachtsmann pers\u00f6nlich (oder seinen Elfen) gemacht!<\/div>\n<div><\/div>","protected":false},"excerpt":{"rendered":"<p>Marke: MOC-Fabrik<br \/>\nGeschlecht: Unisex<br \/>\nAltersgruppe: &gt; 7 Jahre<br \/>\nModellnummer: 79236<br \/>\nEinstufung: Assemblage<br \/>\nKunststoffblockform: Selbstsichernde Steine<br \/>\nMaterial: Kunststoff<br \/>\nKunststofftyp: ABS<br \/>\nZiegelsteine: 575 +<br \/>\nKein Kasten<\/p>","protected":false},"author":83,"featured_media":63537,"comment_status":"open","ping_status":"closed","template":"","meta":{"_acf_changed":false},"product_cat":[1357,364],"product_tag":[389,13782,11080,13811],"class_list":["product","first","instock","shipping-taxable","purchasable","product-type-simple"],"acf":[],"_links":{"self":[{"href":"https:\/\/mouldking.store\/de\/wp-json\/wp\/v2\/product\/63538","targetHints":{"allow":["GET"]}}],"collection":[{"href":"https:\/\/mouldking.store\/de\/wp-json\/wp\/v2\/product"}],"about":[{"href":"https:\/\/mouldking.store\/de\/wp-json\/wp\/v2\/types\/product"}],"author":[{"embeddable":true,"href":"https:\/\/mouldking.store\/de\/wp-json\/wp\/v2\/users\/83"}],"replies":[{"embeddable":true,"href":"https:\/\/mouldking.store\/de\/wp-json\/wp\/v2\/comments?post=63538"}],"wp:featuredmedia":[{"embeddable":true,"href":"https:\/\/mouldking.store\/de\/wp-json\/wp\/v2\/media\/63537"}],"wp:attachment":[{"href":"https:\/\/mouldking.store\/de\/wp-json\/wp\/v2\/media?parent=63538"}],"wp:term":[{"taxonomy":"product_cat","embeddable":true,"href":"https:\/\/mouldking.store\/de\/wp-json\/wp\/v2\/product_cat?post=63538"},{"taxonomy":"product_tag","embeddable":true,"href":"https:\/\/mouldking.store\/de\/wp-json\/wp\/v2\/product_tag?post=63538"}],"curies":[{"name":"wp","href":"https:\/\/api.w.org\/{rel}","templated":true}]}}