{"id":8901,"date":"2021-01-28T09:43:54","date_gmt":"2021-01-28T09:43:54","guid":{"rendered":"https:\/\/mouldking.store\/shop\/mould-king-17019-rc-tractor-fastrac-4000er-series\/"},"modified":"2025-12-25T09:29:55","modified_gmt":"2025-12-25T02:29:55","slug":"mould-king-17019-rc-tractor-fastrac-4000er-series","status":"publish","type":"product","link":"https:\/\/mouldking.store\/de\/shop\/mould-king-17019-rc-tractor-fastrac-4000er-series\/","title":{"rendered":"MOLD KING 17019 MOC-25371 Traktor Fastrac 4000er Serie mit RC"},"content":{"rendered":"<p><span data-mce-fragment=\"1\">Produktinformation:<\/span><br data-mce-fragment=\"1\" \/><span data-mce-fragment=\"1\">1. Model Number:\u00a017019<\/span><br data-mce-fragment=\"1\" \/><span data-mce-fragment=\"1\">2. Warnung: kann nicht essen<\/span><br data-mce-fragment=\"1\" \/><span data-mce-fragment=\"1\">3. Altersspanne: &gt; 6 Jahre alt<\/span><br data-mce-fragment=\"1\" \/><span data-mce-fragment=\"1\">4. Zertifizierung: 3C<\/span><br data-mce-fragment=\"1\" \/><span data-mce-fragment=\"1\">5. Klassifizierung: Assemblage<\/span><br data-mce-fragment=\"1\" \/><span data-mce-fragment=\"1\">6. Kunststoffblockform: Selbstsichernde Steine<\/span><br data-mce-fragment=\"1\" \/><span data-mce-fragment=\"1\">7. Material: Kunststoff<\/span><br data-mce-fragment=\"1\" \/><span data-mce-fragment=\"1\">8. Kunststofftyp: ABS<\/span><br data-mce-fragment=\"1\" \/><span data-mce-fragment=\"1\">9. Bricks Blocks: ~2596 +PCS<\/span><br data-mce-fragment=\"1\" \/><span data-mce-fragment=\"1\">10. Contains detailed assembly instructions, PF parts<\/span><br data-mce-fragment=\"1\" \/><br data-mce-fragment=\"1\" \/><span data-mce-fragment=\"1\">Notiz:<\/span><br data-mce-fragment=\"1\" \/><span data-mce-fragment=\"1\">1. Ohne Originalverpackung, aber wir garantieren, dass unsere Produkte eine Qualit\u00e4tssicherung und eine sch\u00f6ne Verpackung haben.<\/span><br data-mce-fragment=\"1\" \/><span data-mce-fragment=\"1\">2. Wie alle Teile, die wir vor dem Versand \u00fcberpr\u00fcft haben, machen Sie sich keine Sorgen, wenn Sie feststellen, dass einige Teile fehlen oder besch\u00e4digt sind, und kontaktieren Sie uns einfach, und wir k\u00f6nnen sie Ihnen umgehend kostenlos erneut zusenden.<\/span><\/p>","protected":false},"excerpt":{"rendered":"<p>Product information:1. Model Number:\u00a0170192. Warning: can not eat3. Age Range: &gt; 6 years old4. Certification: 3C5. Classification: Assemblage6. Plastic Block Shape: Self-Locking Bricks7. Material: Plastic8. Plastic Type: ABS9. Bricks Blocks: ~2596 +PCS10. Contains detailed assembly instructions, PF partsNotice:1. Without original box, but we guarantee our products have quality assurance and nice packaging.2. As all the [&hellip;]<\/p>","protected":false},"featured_media":9393,"comment_status":"open","ping_status":"closed","template":"","meta":{"_acf_changed":false},"product_cat":[364],"product_tag":[1299,1298,1297,1300],"class_list":["product","first","instock","sale","shipping-taxable","purchasable","product-type-simple"],"acf":[],"_links":{"self":[{"href":"https:\/\/mouldking.store\/de\/wp-json\/wp\/v2\/product\/8901","targetHints":{"allow":["GET"]}}],"collection":[{"href":"https:\/\/mouldking.store\/de\/wp-json\/wp\/v2\/product"}],"about":[{"href":"https:\/\/mouldking.store\/de\/wp-json\/wp\/v2\/types\/product"}],"replies":[{"embeddable":true,"href":"https:\/\/mouldking.store\/de\/wp-json\/wp\/v2\/comments?post=8901"}],"wp:featuredmedia":[{"embeddable":true,"href":"https:\/\/mouldking.store\/de\/wp-json\/wp\/v2\/media\/9393"}],"wp:attachment":[{"href":"https:\/\/mouldking.store\/de\/wp-json\/wp\/v2\/media?parent=8901"}],"wp:term":[{"taxonomy":"product_cat","embeddable":true,"href":"https:\/\/mouldking.store\/de\/wp-json\/wp\/v2\/product_cat?post=8901"},{"taxonomy":"product_tag","embeddable":true,"href":"https:\/\/mouldking.store\/de\/wp-json\/wp\/v2\/product_tag?post=8901"}],"curies":[{"name":"wp","href":"https:\/\/api.w.org\/{rel}","templated":true}]}}