{"id":8993,"date":"2021-01-28T09:44:08","date_gmt":"2021-01-28T02:44:08","guid":{"rendered":"https:\/\/mouldking.store\/shop\/mould-king-21009-ucs-sandcrawler\/"},"modified":"2025-12-25T09:28:27","modified_gmt":"2025-12-25T02:28:27","slug":"mould-king-21009-ucs-sandcrawler","status":"publish","type":"product","link":"https:\/\/mouldking.store\/de\/shop\/mould-king-21009-ucs-sandcrawler\/","title":{"rendered":"MOLD KING 21009 MOC-12922 SANDCRAWLER MIT VOLLEM INNENRAUM mit 13168 Teilen"},"content":{"rendered":"<p><span data-mce-fragment=\"1\">Produktinformation:<\/span><br data-mce-fragment=\"1\" \/><span data-mce-fragment=\"1\">1. Modellnummer: 21009<\/span><br data-mce-fragment=\"1\" \/><span data-mce-fragment=\"1\">2. Warnung: kann nicht essen<\/span><br data-mce-fragment=\"1\" \/><span data-mce-fragment=\"1\">3. Altersspanne: &gt; 6 Jahre alt<\/span><br data-mce-fragment=\"1\" \/><span data-mce-fragment=\"1\">4. Zertifizierung: 3C<\/span><br data-mce-fragment=\"1\" \/><span data-mce-fragment=\"1\">5. Kunststoffblockform: Selbstsichernde Steine<\/span><br data-mce-fragment=\"1\" \/><span data-mce-fragment=\"1\">6. Material: Kunststoff<\/span><br data-mce-fragment=\"1\" \/><span data-mce-fragment=\"1\">7. Kunststofftyp: ABS<\/span><br data-mce-fragment=\"1\" \/><span data-mce-fragment=\"1\">8. Ziegelsteine: ~13168+PCS<\/span><br data-mce-fragment=\"1\" \/><span data-mce-fragment=\"1\">9. Enth\u00e4lt eine detaillierte Montageanleitung<\/span><br data-mce-fragment=\"1\" \/><br data-mce-fragment=\"1\" \/><span data-mce-fragment=\"1\">Notiz:<\/span><br data-mce-fragment=\"1\" \/><span data-mce-fragment=\"1\">1. Ohne Originalverpackung, aber wir garantieren, dass unsere Produkte eine Qualit\u00e4tssicherung und eine sch\u00f6ne Verpackung haben.<\/span><br data-mce-fragment=\"1\" \/><span data-mce-fragment=\"1\">2. Wie alle Teile, die wir vor dem Versand \u00fcberpr\u00fcft haben, machen Sie sich keine Sorgen, wenn Sie feststellen, dass einige Teile fehlen oder besch\u00e4digt sind, und kontaktieren Sie uns einfach, und wir k\u00f6nnen sie Ihnen umgehend kostenlos erneut zusenden.<\/span><\/p>","protected":false},"excerpt":{"rendered":"<p>Product information:1. Model Number:\u00a0210092. Warning: can not eat3. Age Range: &gt; 6 years old4. Certification: 3C5. Plastic Block Shape: Self-Locking Bricks6. Material: Plastic7. Plastic Type: ABS8. Bricks Blocks: ~13168+PCS9. Contains detailed assembly instructionsNotice:1. Without original box, but we guarantee our products have quality assurance and nice packaging.2. As all the parts we have checked before [&hellip;]<\/p>","protected":false},"featured_media":9510,"comment_status":"open","ping_status":"closed","template":"","meta":{"_acf_changed":false},"product_cat":[415],"product_tag":[1044,1041,430,1042,1038,1039,1043,187,436,1040],"class_list":["product","first","instock","shipping-taxable","purchasable","product-type-simple"],"acf":[],"_links":{"self":[{"href":"https:\/\/mouldking.store\/de\/wp-json\/wp\/v2\/product\/8993","targetHints":{"allow":["GET"]}}],"collection":[{"href":"https:\/\/mouldking.store\/de\/wp-json\/wp\/v2\/product"}],"about":[{"href":"https:\/\/mouldking.store\/de\/wp-json\/wp\/v2\/types\/product"}],"replies":[{"embeddable":true,"href":"https:\/\/mouldking.store\/de\/wp-json\/wp\/v2\/comments?post=8993"}],"wp:featuredmedia":[{"embeddable":true,"href":"https:\/\/mouldking.store\/de\/wp-json\/wp\/v2\/media\/9510"}],"wp:attachment":[{"href":"https:\/\/mouldking.store\/de\/wp-json\/wp\/v2\/media?parent=8993"}],"wp:term":[{"taxonomy":"product_cat","embeddable":true,"href":"https:\/\/mouldking.store\/de\/wp-json\/wp\/v2\/product_cat?post=8993"},{"taxonomy":"product_tag","embeddable":true,"href":"https:\/\/mouldking.store\/de\/wp-json\/wp\/v2\/product_tag?post=8993"}],"curies":[{"name":"wp","href":"https:\/\/api.w.org\/{rel}","templated":true}]}}