{"id":8994,"date":"2021-01-28T09:44:08","date_gmt":"2021-01-28T09:44:08","guid":{"rendered":"https:\/\/mouldking.store\/shop\/mould-king-19007-rc-penumatic-truck\/"},"modified":"2021-12-23T09:56:20","modified_gmt":"2021-12-23T09:56:20","slug":"mould-king-19007-rc-penumatic-truck","status":"publish","type":"product","link":"https:\/\/mouldking.store\/de\/shop\/mould-king-19007-rc-penumatic-truck\/","title":{"rendered":"FORMK\u00d6NIG 19007 Mercedes-Benz Arocs 3245 mit 2891 Teilen"},"content":{"rendered":"<p data-mce-fragment=\"1\">Produktinformation:<\/p>\n<ol data-mce-fragment=\"1\">\n<li data-mce-fragment=\"1\">Typ: Bl\u00f6cke<\/li>\n<li data-mce-fragment=\"1\">Geschlecht: Unisex<\/li>\n<li data-mce-fragment=\"1\">Achtung: kann nicht essen<\/li>\n<li data-mce-fragment=\"1\">Altersspanne: &gt; 6 Jahre alt<\/li>\n<li data-mce-fragment=\"1\">Modellnummer: 19007<\/li>\n<li data-mce-fragment=\"1\">Einstufung: Assemblage<\/li>\n<li data-mce-fragment=\"1\">Kunststoffblockform: Selbstsichernde Steine<\/li>\n<li data-mce-fragment=\"1\">Material: Kunststoff<\/li>\n<li data-mce-fragment=\"1\">Kunststofftyp: ABS<\/li>\n<li data-mce-fragment=\"1\">Ziegelsteine: ~2891+PCS<\/li>\n<li data-mce-fragment=\"1\">Enth\u00e4lt eine ausf\u00fchrliche Montageanleitung.<\/li>\n<\/ol>\n<p><br data-mce-fragment=\"1\" \/><span data-mce-fragment=\"1\">Notiz:<\/span><br data-mce-fragment=\"1\" \/><span data-mce-fragment=\"1\">1. Ohne Originalverpackung, aber wir garantieren, dass unsere Produkte eine Qualit\u00e4tssicherung und eine sch\u00f6ne Verpackung haben.<\/span><br data-mce-fragment=\"1\" \/><span data-mce-fragment=\"1\">2. Wie alle Teile, die wir vor dem Versand \u00fcberpr\u00fcft haben, machen Sie sich keine Sorgen, wenn Sie feststellen, dass einige Teile fehlen oder besch\u00e4digt sind, und kontaktieren Sie uns einfach, und wir k\u00f6nnen sie Ihnen umgehend kostenlos erneut zusenden.<\/span><span data-mce-fragment=\"1\">\u00a0<\/span><span data-mce-fragment=\"1\">\u00a0<\/span><\/p>","protected":false},"excerpt":{"rendered":"<p>Product information: Type: Blocks Gender: Unisex Warning: can not eat Age Range: &gt; 6 years old Model Number:\u00a019007 Classification: Assemblage Plastic Block Shape: Self-Locking Bricks Material: Plastic Plastic Type: ABS Bricks Blocks: ~2891+PCS Contains detailed assembly instructions. Notice:1. Without original box, but we guarantee our products have quality assurance and nice packaging.2. As all the [&hellip;]<\/p>","protected":false},"featured_media":9515,"comment_status":"open","ping_status":"closed","template":"","meta":{"_acf_changed":false},"product_cat":[364],"product_tag":[1033,1036,1037,1034,1035,166],"class_list":["product","first","instock","sale","shipping-taxable","purchasable","product-type-simple"],"acf":[],"_links":{"self":[{"href":"https:\/\/mouldking.store\/de\/wp-json\/wp\/v2\/product\/8994","targetHints":{"allow":["GET"]}}],"collection":[{"href":"https:\/\/mouldking.store\/de\/wp-json\/wp\/v2\/product"}],"about":[{"href":"https:\/\/mouldking.store\/de\/wp-json\/wp\/v2\/types\/product"}],"replies":[{"embeddable":true,"href":"https:\/\/mouldking.store\/de\/wp-json\/wp\/v2\/comments?post=8994"}],"wp:featuredmedia":[{"embeddable":true,"href":"https:\/\/mouldking.store\/de\/wp-json\/wp\/v2\/media\/9515"}],"wp:attachment":[{"href":"https:\/\/mouldking.store\/de\/wp-json\/wp\/v2\/media?parent=8994"}],"wp:term":[{"taxonomy":"product_cat","embeddable":true,"href":"https:\/\/mouldking.store\/de\/wp-json\/wp\/v2\/product_cat?post=8994"},{"taxonomy":"product_tag","embeddable":true,"href":"https:\/\/mouldking.store\/de\/wp-json\/wp\/v2\/product_tag?post=8994"}],"curies":[{"name":"wp","href":"https:\/\/api.w.org\/{rel}","templated":true}]}}