{"id":9033,"date":"2021-01-28T09:44:19","date_gmt":"2021-01-28T09:44:19","guid":{"rendered":"https:\/\/mouldking.store\/shop\/mould-king-13081-rc-muscle-car\/"},"modified":"2025-12-25T09:28:26","modified_gmt":"2025-12-25T02:28:26","slug":"mould-king-13081-rc-muscle-car","status":"publish","type":"product","link":"https:\/\/mouldking.store\/de\/shop\/mould-king-13081-rc-muscle-car\/","title":{"rendered":"MOLD KING 13081 MOC-17750 Ultimate Muscle Car mit 1098 Teilen"},"content":{"rendered":"<p>Produktinformation:<\/p>\n<ol>\n<li>Typ: Bl\u00f6cke<\/li>\n<li>Geschlecht: Unisex<\/li>\n<li>Achtung: kann nicht essen<\/li>\n<li>Altersspanne: &gt; 6 Jahre alt<\/li>\n<li>Modellnummer: 13081<\/li>\n<li>Einstufung: Assemblage<\/li>\n<li>Kunststoffblockform: Selbstsichernde Steine<\/li>\n<li>Material: Kunststoff<\/li>\n<li>Kunststofftyp: ABS<\/li>\n<li>Ziegelsteine: ~1098+PCS<\/li>\n<li>Enth\u00e4lt eine detaillierte Montageanleitung, PF-Teile und Lichter.<\/li>\n<li><span style=\"color: #ff2a00\"><strong>APP-Link<\/strong><\/span>: Wenn Sie die App nicht \u00fcber den QR-Code erhalten k\u00f6nnen, wenden Sie sich bitte an den Verk\u00e4ufer, um sie zu erhalten.<\/li>\n<\/ol>\n<p>Notiz:<br \/>\n1. Ohne Originalverpackung, aber wir garantieren, dass unsere Produkte eine Qualit\u00e4tssicherung und eine sch\u00f6ne Verpackung haben.<br \/>\n2. Wie alle Teile, die wir vor dem Versand \u00fcberpr\u00fcft haben, machen Sie sich keine Sorgen, wenn Sie feststellen, dass einige Teile fehlen oder besch\u00e4digt sind, und kontaktieren Sie uns einfach, und wir k\u00f6nnen sie Ihnen umgehend kostenlos erneut zusenden.<\/p>","protected":false},"excerpt":{"rendered":"<p>Produktinformationen: Typ: Bl\u00f6cke Geschlecht: Unisex Warnung: Kann nicht essen Altersgruppe: &gt; 6 Jahre Modellnummer: 13081 Klassifizierung: Assemblage Kunststoffblockform: Selbstsichernde Steine Material: Kunststoff Kunststofftyp: ABS-Steine Bl\u00f6cke: ~ 1098 + PCS Enth\u00e4lt eine detaillierte Montageanleitung, PF-Teile und Lichter. APP-Link: Wenn Sie die App nicht \u00fcber den QR-Code erhalten k\u00f6nnen, wenden Sie sich bitte an den Verk\u00e4ufer, um [\u2026]<\/p>","protected":false},"featured_media":9597,"comment_status":"open","ping_status":"closed","template":"","meta":{"_acf_changed":false},"product_cat":[364],"product_tag":[966,969,967,963,964,965,166,968],"class_list":["product","first","instock","sale","shipping-taxable","purchasable","product-type-simple"],"acf":[],"_links":{"self":[{"href":"https:\/\/mouldking.store\/de\/wp-json\/wp\/v2\/product\/9033","targetHints":{"allow":["GET"]}}],"collection":[{"href":"https:\/\/mouldking.store\/de\/wp-json\/wp\/v2\/product"}],"about":[{"href":"https:\/\/mouldking.store\/de\/wp-json\/wp\/v2\/types\/product"}],"replies":[{"embeddable":true,"href":"https:\/\/mouldking.store\/de\/wp-json\/wp\/v2\/comments?post=9033"}],"wp:featuredmedia":[{"embeddable":true,"href":"https:\/\/mouldking.store\/de\/wp-json\/wp\/v2\/media\/9597"}],"wp:attachment":[{"href":"https:\/\/mouldking.store\/de\/wp-json\/wp\/v2\/media?parent=9033"}],"wp:term":[{"taxonomy":"product_cat","embeddable":true,"href":"https:\/\/mouldking.store\/de\/wp-json\/wp\/v2\/product_cat?post=9033"},{"taxonomy":"product_tag","embeddable":true,"href":"https:\/\/mouldking.store\/de\/wp-json\/wp\/v2\/product_tag?post=9033"}],"curies":[{"name":"wp","href":"https:\/\/api.w.org\/{rel}","templated":true}]}}