{"id":9064,"date":"2021-01-28T09:44:27","date_gmt":"2021-01-28T09:44:27","guid":{"rendered":"https:\/\/mouldking.store\/shop\/mould-king-15003-rc-transport-truck\/"},"modified":"2021-12-23T09:56:18","modified_gmt":"2021-12-23T09:56:18","slug":"mould-king-15003-rc-transport-truck","status":"publish","type":"product","link":"https:\/\/mouldking.store\/de\/shop\/mould-king-15003-rc-transport-truck\/","title":{"rendered":"MOLD KING 15003 Autotransporter"},"content":{"rendered":"<p>Produktinformation:<\/p>\n<ol>\n<li>Typ: Bl\u00f6cke<\/li>\n<li>Geschlecht: Unisex<\/li>\n<li>Achtung: kann nicht essen<\/li>\n<li>Altersspanne: &gt; 6 Jahre alt<\/li>\n<li>Modellnummer: 15003<\/li>\n<li>Einstufung: Assemblage<\/li>\n<li>Kunststoffblockform: Selbstsichernde Steine<\/li>\n<li>Material: Kunststoff<\/li>\n<li>Kunststofftyp: ABS<\/li>\n<li>Ziegelsteine: 577+PCS<\/li>\n<li>Enth\u00e4lt eine ausf\u00fchrliche Montageanleitung, PF-Teil<\/li>\n<li>\n<span style=\"color: #ff2a00;\"><strong>APP-Link<\/strong><\/span>: Wenn Sie die App nicht \u00fcber den QR-Code erhalten k\u00f6nnen, wenden Sie sich bitte an den Verk\u00e4ufer, um sie zu erhalten.<\/li>\n<\/ol>\n<p><span>Notiz:<\/span><br \/><s>1.W<br \/>\nohne Originalverpackung, aber wir garantieren, dass unsere Produkte eine Qualit\u00e4tssicherung und eine sch\u00f6ne Verpackung haben.<br \/><span>2. Wie alle Teile, die wir vor dem Versand \u00fcberpr\u00fcft haben, machen Sie sich keine Sorgen, wenn Sie feststellen, dass einige Teile fehlen oder besch\u00e4digt sind, und kontaktieren Sie uns einfach, und wir k\u00f6nnen sie Ihnen umgehend kostenlos erneut zusenden.<\/span><span>\u00a0<\/span><span>\u00a0<\/span>&#8211;<br \/>\n<iframe width=\"840\" height=\"472.5\" src=\"https:\/\/www.youtube.com\/embed\/Zbzl8hnwNxA\" frameborder=\"0\" allow=\"accelerometer; autoplay; encrypted-media; gyroscope; picture-in-picture\" allowfullscreen><\/iframe><br \/>\n<\/s><\/p>","protected":false},"excerpt":{"rendered":"<p>Product information: Type: Blocks Gender: Unisex Warning: can not eat Age Range: > 6 years old Model Number:\u00a015003 Classification: Assemblage Plastic Block Shape: Self-Locking Bricks Material: Plastic Plastic Type: ABS Bricks Blocks: 577+PCS Contains detailed assembly instructions, PF part APP link: if can&#8217;t get app through QR code, just pls contact seller to get it. [&hellip;]<\/p>","protected":false},"featured_media":9705,"comment_status":"open","ping_status":"closed","template":"","meta":{"_acf_changed":false},"product_cat":[],"product_tag":[165,166,167],"class_list":["product","first","instock","sale","shipping-taxable","purchasable","product-type-simple"],"acf":[],"_links":{"self":[{"href":"https:\/\/mouldking.store\/de\/wp-json\/wp\/v2\/product\/9064","targetHints":{"allow":["GET"]}}],"collection":[{"href":"https:\/\/mouldking.store\/de\/wp-json\/wp\/v2\/product"}],"about":[{"href":"https:\/\/mouldking.store\/de\/wp-json\/wp\/v2\/types\/product"}],"replies":[{"embeddable":true,"href":"https:\/\/mouldking.store\/de\/wp-json\/wp\/v2\/comments?post=9064"}],"wp:featuredmedia":[{"embeddable":true,"href":"https:\/\/mouldking.store\/de\/wp-json\/wp\/v2\/media\/9705"}],"wp:attachment":[{"href":"https:\/\/mouldking.store\/de\/wp-json\/wp\/v2\/media?parent=9064"}],"wp:term":[{"taxonomy":"product_cat","embeddable":true,"href":"https:\/\/mouldking.store\/de\/wp-json\/wp\/v2\/product_cat?post=9064"},{"taxonomy":"product_tag","embeddable":true,"href":"https:\/\/mouldking.store\/de\/wp-json\/wp\/v2\/product_tag?post=9064"}],"curies":[{"name":"wp","href":"https:\/\/api.w.org\/{rel}","templated":true}]}}