{"id":9070,"date":"2021-01-28T09:44:30","date_gmt":"2021-01-28T09:44:30","guid":{"rendered":"https:\/\/mouldking.store\/shop\/mould-king-11003-paradise-corner-restaurant\/"},"modified":"2023-05-16T05:43:52","modified_gmt":"2023-05-15T22:43:52","slug":"mould-king-11003-paradise-corner-restaurant","status":"publish","type":"product","link":"https:\/\/mouldking.store\/de\/shop\/mould-king-11003-paradise-corner-restaurant\/","title":{"rendered":"MOLD KING 11003 MKingLand: Paradise Corner Restaurant mit 2527 Teilen"},"content":{"rendered":"<ul>\n<li>Produktinformation:<\/li>\n<\/ul>\n<ol>\n<li>Model Number: 11003<\/li>\n<li>Achtung: kann nicht essen<\/li>\n<li>Altersspanne: &gt; 6 Jahre alt<\/li>\n<li><span class=\"propery-title\">Zertifizierung:\u00a0<\/span><span class=\"propery-des\" title=\"3C\">3C<\/span><\/li>\n<li>Einstufung: Assemblage<\/li>\n<li>Kunststoffblockform: Selbstsichernde Steine<\/li>\n<li>Material: Kunststoff<\/li>\n<li>Kunststofftyp: ABS<\/li>\n<li>Bricks Blocks: ~2527+PCS<\/li>\n<li>Contains detailed assembly instructions, LED Light kits<\/li>\n<\/ol>\n<ul>\n<li>Notiz:<\/li>\n<\/ul>\n<ol>\n<li>Ohne Originalverpackung, aber wir garantieren, dass unsere Produkte eine Qualit\u00e4tssicherung und eine sch\u00f6ne Verpackung haben.<\/li>\n<li>Wie alle Teile, die wir vor dem Versand \u00fcberpr\u00fcft haben, machen Sie sich keine Sorgen, wenn Sie feststellen, dass einige Teile fehlen oder besch\u00e4digt sind, und kontaktieren Sie uns einfach, und wir k\u00f6nnen sie Ihnen umgehend kostenlos erneut zusenden.<\/li>\n<\/ol>","protected":false},"excerpt":{"rendered":"<p>Product information: Model Number: 11003 Warning: can not eat Age Range: &gt;\u00a06 years old Certification:\u00a03C Classification: Assemblage Plastic Block Shape: Self-Locking Bricks Material: Plastic Plastic Type: ABS Bricks Blocks: ~2527+PCS Contains detailed assembly instructions, LED Light kits Notice: Without original box, but we guarantee our products have quality assurance and nice packaging. As all the [&hellip;]<\/p>","protected":false},"featured_media":9757,"comment_status":"open","ping_status":"closed","template":"","meta":{"_acf_changed":false},"product_cat":[390],"product_tag":[881,271,880,876,879,877,878],"class_list":["product","first","instock","sale","shipping-taxable","purchasable","product-type-simple"],"acf":[],"_links":{"self":[{"href":"https:\/\/mouldking.store\/de\/wp-json\/wp\/v2\/product\/9070","targetHints":{"allow":["GET"]}}],"collection":[{"href":"https:\/\/mouldking.store\/de\/wp-json\/wp\/v2\/product"}],"about":[{"href":"https:\/\/mouldking.store\/de\/wp-json\/wp\/v2\/types\/product"}],"replies":[{"embeddable":true,"href":"https:\/\/mouldking.store\/de\/wp-json\/wp\/v2\/comments?post=9070"}],"wp:featuredmedia":[{"embeddable":true,"href":"https:\/\/mouldking.store\/de\/wp-json\/wp\/v2\/media\/9757"}],"wp:attachment":[{"href":"https:\/\/mouldking.store\/de\/wp-json\/wp\/v2\/media?parent=9070"}],"wp:term":[{"taxonomy":"product_cat","embeddable":true,"href":"https:\/\/mouldking.store\/de\/wp-json\/wp\/v2\/product_cat?post=9070"},{"taxonomy":"product_tag","embeddable":true,"href":"https:\/\/mouldking.store\/de\/wp-json\/wp\/v2\/product_tag?post=9070"}],"curies":[{"name":"wp","href":"https:\/\/api.w.org\/{rel}","templated":true}]}}