{"id":9071,"date":"2021-01-28T09:44:30","date_gmt":"2021-01-28T09:44:30","guid":{"rendered":"https:\/\/mouldking.store\/shop\/mould-king-11002-dream-crystal-parade-float\/"},"modified":"2021-12-23T09:56:17","modified_gmt":"2021-12-23T09:56:17","slug":"mould-king-11002-dream-crystal-parade-float","status":"publish","type":"product","link":"https:\/\/mouldking.store\/de\/shop\/mould-king-11002-dream-crystal-parade-float\/","title":{"rendered":"MOLD KING 11002 MKingLand: Traumkristall-Paradewagen mit 901 Teilen"},"content":{"rendered":"<ul>\n<li>Produktinformation:<\/li>\n<\/ul>\n<ol>\n<li>Modellnummer: 11002<\/li>\n<li>Achtung: kann nicht essen<\/li>\n<li>Altersspanne: &gt; 6 Jahre alt<\/li>\n<li><span class=\"propery-title\">Zertifizierung:\u00a0<\/span><span class=\"propery-des\" title=\"3C\">3C<\/span><\/li>\n<li>Einstufung: Assemblage<\/li>\n<li>Kunststoffblockform: Selbstsichernde Steine<\/li>\n<li>Material: Kunststoff<\/li>\n<li>Kunststofftyp: ABS<\/li>\n<li>Ziegelsteine: ~901+PCS<\/li>\n<li>Enth\u00e4lt eine detaillierte Montageanleitung, LED-Licht-Kits.<\/li>\n<\/ol>\n<ul>\n<li>Notiz:<\/li>\n<\/ul>\n<ol>\n<li>Ohne Originalverpackung, aber wir garantieren, dass unsere Produkte eine Qualit\u00e4tssicherung und eine sch\u00f6ne Verpackung haben.<\/li>\n<li>Wie alle Teile, die wir vor dem Versand \u00fcberpr\u00fcft haben, machen Sie sich keine Sorgen, wenn Sie feststellen, dass einige Teile fehlen oder besch\u00e4digt sind, und kontaktieren Sie uns einfach, und wir k\u00f6nnen sie Ihnen umgehend kostenlos erneut zusenden.<\/li>\n<\/ol>","protected":false},"excerpt":{"rendered":"<p>Product information: Model Number: 11002 Warning: can not eat Age Range: &gt;\u00a06 years old Certification:\u00a03C Classification: Assemblage Plastic Block Shape: Self-Locking Bricks Material: Plastic Plastic Type: ABS Bricks Blocks: ~901+PCS Contains detailed assembly instructions, \u00a0LED Light kits. Notice: Without original box, but we guarantee our products have quality assurance and nice packaging. As all the [&hellip;]<\/p>","protected":false},"featured_media":9760,"comment_status":"open","ping_status":"closed","template":"","meta":{"_acf_changed":false},"product_cat":[371,390],"product_tag":[865,271,293,860,864,861,862,863],"class_list":["product","first","instock","sale","shipping-taxable","purchasable","product-type-simple"],"acf":[],"_links":{"self":[{"href":"https:\/\/mouldking.store\/de\/wp-json\/wp\/v2\/product\/9071","targetHints":{"allow":["GET"]}}],"collection":[{"href":"https:\/\/mouldking.store\/de\/wp-json\/wp\/v2\/product"}],"about":[{"href":"https:\/\/mouldking.store\/de\/wp-json\/wp\/v2\/types\/product"}],"replies":[{"embeddable":true,"href":"https:\/\/mouldking.store\/de\/wp-json\/wp\/v2\/comments?post=9071"}],"wp:featuredmedia":[{"embeddable":true,"href":"https:\/\/mouldking.store\/de\/wp-json\/wp\/v2\/media\/9760"}],"wp:attachment":[{"href":"https:\/\/mouldking.store\/de\/wp-json\/wp\/v2\/media?parent=9071"}],"wp:term":[{"taxonomy":"product_cat","embeddable":true,"href":"https:\/\/mouldking.store\/de\/wp-json\/wp\/v2\/product_cat?post=9071"},{"taxonomy":"product_tag","embeddable":true,"href":"https:\/\/mouldking.store\/de\/wp-json\/wp\/v2\/product_tag?post=9071"}],"curies":[{"name":"wp","href":"https:\/\/api.w.org\/{rel}","templated":true}]}}