{"id":9200,"date":"2021-01-28T09:44:49","date_gmt":"2021-01-28T02:44:49","guid":{"rendered":"https:\/\/mouldking.store\/shop\/mould-king-13145-1-8-mclaren-720s\/"},"modified":"2025-12-25T09:28:24","modified_gmt":"2025-12-25T02:28:24","slug":"mould-king-13145-1-8-mclaren-720s","status":"publish","type":"product","link":"https:\/\/mouldking.store\/de\/shop\/mould-king-13145-1-8-mclaren-720s\/","title":{"rendered":"MOLD KING 13145 MOC-46762 McLaren 720S 1:8 mit 3180 Teilen"},"content":{"rendered":"<p>Produktinformation:<\/p>\n<ol>\n<li>Typ: Bl\u00f6cke<\/li>\n<li>Achtung: kann nicht essen<\/li>\n<li>Altersspanne: &gt; 6 Jahre alt<\/li>\n<li>Modellnummer: 13145<\/li>\n<li>Einstufung: Assemblage<\/li>\n<li>Kunststoffblockform: Selbstsichernde Steine<\/li>\n<li>Material: Kunststoff<\/li>\n<li>Kunststofftyp: ABS<\/li>\n<li>Ziegelsteine: 3180+PCS\u00a0<span style=\"color: #ff2a00;\"><strong>(statische Version)<\/strong><\/span><\/li>\n<li>Enth\u00e4lt eine ausf\u00fchrliche Montageanleitung<\/li>\n<li><strong><span style=\"color: #ff2a00;\">PF-Paket muss separat bestellt werden, es ist noch nicht freigegeben !<\/span><\/strong><\/li>\n<\/ol>\n<p>Notiz:<br \/>\n1. Ohne Originalverpackung, aber wir garantieren, dass unsere Produkte eine Qualit\u00e4tssicherung und eine sch\u00f6ne Verpackung haben.<br \/>\n2. Wie alle Teile, die wir vor dem Versand \u00fcberpr\u00fcft haben, machen Sie sich keine Sorgen, wenn Sie feststellen, dass einige Teile fehlen oder besch\u00e4digt sind, und kontaktieren Sie uns einfach, und wir k\u00f6nnen sie Ihnen umgehend kostenlos erneut zusenden.<\/p>","protected":false},"excerpt":{"rendered":"<p>Product information: Type: Blocks Warning: can not eat Age Range: &gt; 6 years old Model Number:\u00a013145 Classification: Assemblage Plastic Block Shape: Self-Locking Bricks Material: Plastic Plastic Type: ABS Bricks Blocks: 3180+PCS\u00a0\uff08static version\uff09 Contains detailed assembly instructions PF package need to be ordered seperately, it haven&#8217;t been\u00a0released ! Notice: 1. Without original box, but we guarantee [&hellip;]<\/p>","protected":false},"featured_media":9980,"comment_status":"open","ping_status":"closed","template":"","meta":{"_acf_changed":false},"product_cat":[364],"product_tag":[598,741,742,419,457,430,740,462,739,366,738,480,166],"class_list":["product","first","outofstock","sale","shipping-taxable","purchasable","product-type-simple"],"acf":[],"_links":{"self":[{"href":"https:\/\/mouldking.store\/de\/wp-json\/wp\/v2\/product\/9200","targetHints":{"allow":["GET"]}}],"collection":[{"href":"https:\/\/mouldking.store\/de\/wp-json\/wp\/v2\/product"}],"about":[{"href":"https:\/\/mouldking.store\/de\/wp-json\/wp\/v2\/types\/product"}],"replies":[{"embeddable":true,"href":"https:\/\/mouldking.store\/de\/wp-json\/wp\/v2\/comments?post=9200"}],"wp:featuredmedia":[{"embeddable":true,"href":"https:\/\/mouldking.store\/de\/wp-json\/wp\/v2\/media\/9980"}],"wp:attachment":[{"href":"https:\/\/mouldking.store\/de\/wp-json\/wp\/v2\/media?parent=9200"}],"wp:term":[{"taxonomy":"product_cat","embeddable":true,"href":"https:\/\/mouldking.store\/de\/wp-json\/wp\/v2\/product_cat?post=9200"},{"taxonomy":"product_tag","embeddable":true,"href":"https:\/\/mouldking.store\/de\/wp-json\/wp\/v2\/product_tag?post=9200"}],"curies":[{"name":"wp","href":"https:\/\/api.w.org\/{rel}","templated":true}]}}