{"id":9209,"date":"2021-01-28T09:44:52","date_gmt":"2021-01-28T09:44:52","guid":{"rendered":"https:\/\/mouldking.store\/shop\/mould-king-bricks-tool\/"},"modified":"2021-12-23T09:54:58","modified_gmt":"2021-12-23T09:54:58","slug":"mould-king-bricks-tool","status":"publish","type":"product","link":"https:\/\/mouldking.store\/de\/shop\/mould-king-bricks-tool\/","title":{"rendered":"MOULD KING Brick Tool"},"content":{"rendered":"<ul>\n<li>Produktinformation:<\/li>\n<\/ul>\n<ol>\n<li><span>Brand Name: Mould King<\/span><\/li>\n<li>Achtung: kann nicht essen<\/li>\n<li>Age Range: > 6\u00a0years old<\/li>\n<li>\n<span class=\"propery-title\">Certification<span>:\u00a0<\/span><\/span><span class=\"propery-des\" title=\"3C\">3C<\/span>\n<\/li>\n<li>Einstufung: Assemblage<\/li>\n<li>Kunststoffblockform: Selbstsichernde Steine<\/li>\n<li>Material: Kunststoff<\/li>\n<li>Kunststofftyp: ABS<\/li>\n<\/ol>\n<ul>\n<li>Notiz:<\/li>\n<\/ul>\n<ol>\n<li>Ohne Originalverpackung, aber wir garantieren, dass unsere Produkte eine Qualit\u00e4tssicherung und eine sch\u00f6ne Verpackung haben.<\/li>\n<li>Wie alle Teile, die wir vor dem Versand \u00fcberpr\u00fcft haben, machen Sie sich keine Sorgen, wenn Sie feststellen, dass einige Teile fehlen oder besch\u00e4digt sind, und kontaktieren Sie uns einfach, und wir k\u00f6nnen sie Ihnen umgehend kostenlos erneut zusenden.<\/li>\n<\/ol>\n<p><iframe width=\"840\" height=\"472.5\" src=\"https:\/\/www.youtube.com\/embed\/D-Xt3jwgtXw\" frameborder=\"0\" allow=\"accelerometer; autoplay; encrypted-media; gyroscope; picture-in-picture\" allowfullscreen=\"\"><\/iframe><\/p>","protected":false},"excerpt":{"rendered":"<p>Product information: Brand Name: Mould King Warning: can not eat Age Range: > 6\u00a0years old Certification:\u00a03C Classification: Assemblage Plastic Block Shape: Self-Locking Bricks Material: Plastic Plastic Type: ABS Notice: Without original box, but we guarantee our products have quality assurance and nice packaging. As all the parts we have checked before shipping, so if you [&hellip;]<\/p>","protected":false},"featured_media":10014,"comment_status":"open","ping_status":"closed","template":"","meta":{"_acf_changed":false},"product_cat":[],"product_tag":[331,172,166,167],"class_list":["product","first","instock","sale","shipping-taxable","purchasable","product-type-variable"],"acf":[],"_links":{"self":[{"href":"https:\/\/mouldking.store\/de\/wp-json\/wp\/v2\/product\/9209","targetHints":{"allow":["GET"]}}],"collection":[{"href":"https:\/\/mouldking.store\/de\/wp-json\/wp\/v2\/product"}],"about":[{"href":"https:\/\/mouldking.store\/de\/wp-json\/wp\/v2\/types\/product"}],"replies":[{"embeddable":true,"href":"https:\/\/mouldking.store\/de\/wp-json\/wp\/v2\/comments?post=9209"}],"wp:featuredmedia":[{"embeddable":true,"href":"https:\/\/mouldking.store\/de\/wp-json\/wp\/v2\/media\/10014"}],"wp:attachment":[{"href":"https:\/\/mouldking.store\/de\/wp-json\/wp\/v2\/media?parent=9209"}],"wp:term":[{"taxonomy":"product_cat","embeddable":true,"href":"https:\/\/mouldking.store\/de\/wp-json\/wp\/v2\/product_cat?post=9209"},{"taxonomy":"product_tag","embeddable":true,"href":"https:\/\/mouldking.store\/de\/wp-json\/wp\/v2\/product_tag?post=9209"}],"curies":[{"name":"wp","href":"https:\/\/api.w.org\/{rel}","templated":true}]}}