{"id":9212,"date":"2021-01-28T09:44:52","date_gmt":"2021-01-28T02:44:52","guid":{"rendered":"https:\/\/mouldking.store\/shop\/mould-king-13175-1-8-lands-rovers-defender\/"},"modified":"2023-08-03T18:01:26","modified_gmt":"2023-08-03T11:01:26","slug":"mould-king-13175-1-8-lands-rovers-defender","status":"publish","type":"product","link":"https:\/\/mouldking.store\/de\/shop\/mould-king-13175-1-8-lands-rovers-defender\/","title":{"rendered":"MOLD KING 13175 1:8 Land Rover Defender mit 2668 Teilen"},"content":{"rendered":"<p>Produktinformation:<\/p>\n<ol>\n<li>Typ: Bl\u00f6cke<\/li>\n<li>Achtung: kann nicht essen<\/li>\n<li>Altersspanne: &gt; 6 Jahre alt<\/li>\n<li>Modellnummer: 13175<\/li>\n<li>Einstufung: Assemblage<\/li>\n<li>Kunststoffblockform: Selbstsichernde Steine<\/li>\n<li>Material: Kunststoff<\/li>\n<li>Kunststofftyp: ABS<\/li>\n<li>Ziegelsteine: 2668+PCS\u00a0<span style=\"color: #ff2a00\"><strong>(statische Version)<\/strong><\/span><\/li>\n<li>Enth\u00e4lt eine ausf\u00fchrliche Montageanleitung<\/li>\n<li><strong><span style=\"color: #ff2a00\">Mold King 13175-EX ist die statische Version 13175 + EX-Paket<\/span><\/strong><\/li>\n<\/ol>\n<p>Notiz:<br \/>\n1. Ohne Originalverpackung, aber wir garantieren, dass unsere Produkte eine Qualit\u00e4tssicherung und eine sch\u00f6ne Verpackung haben.<br \/>\n2. Wie alle Teile, die wir vor dem Versand \u00fcberpr\u00fcft haben, machen Sie sich keine Sorgen, wenn Sie feststellen, dass einige Teile fehlen oder besch\u00e4digt sind, und kontaktieren Sie uns einfach, und wir k\u00f6nnen sie Ihnen umgehend kostenlos erneut zusenden.<\/p>","protected":false},"excerpt":{"rendered":"<p>Produktinformationen: Typ: Bl\u00f6cke Warnung: Kann nicht essen Altersgruppe: &gt; 6 Jahre Modellnummer: 13175 Klassifizierung: Assemblage Kunststoffblockform: Selbstsichernde Steine Material: Kunststoff Kunststofftyp: ABS-Steine Bl\u00f6cke: 2668+PCS (statische Version) Enth\u00e4lt eine detaillierte Montageanleitung Mold King 13175-EX ist 13175 statische Version + EX-Paket Hinweis: 1. Ohne Originalverpackung, aber wir garantieren, dass unsere Produkte [\u2026]<\/p>","protected":false},"featured_media":10015,"comment_status":"open","ping_status":"closed","template":"","meta":{"_acf_changed":false},"product_cat":[364],"product_tag":[598,720,721,366,719,166],"class_list":["product","first","instock","sale","shipping-taxable","purchasable","product-type-simple"],"acf":[],"_links":{"self":[{"href":"https:\/\/mouldking.store\/de\/wp-json\/wp\/v2\/product\/9212","targetHints":{"allow":["GET"]}}],"collection":[{"href":"https:\/\/mouldking.store\/de\/wp-json\/wp\/v2\/product"}],"about":[{"href":"https:\/\/mouldking.store\/de\/wp-json\/wp\/v2\/types\/product"}],"replies":[{"embeddable":true,"href":"https:\/\/mouldking.store\/de\/wp-json\/wp\/v2\/comments?post=9212"}],"wp:featuredmedia":[{"embeddable":true,"href":"https:\/\/mouldking.store\/de\/wp-json\/wp\/v2\/media\/10015"}],"wp:attachment":[{"href":"https:\/\/mouldking.store\/de\/wp-json\/wp\/v2\/media?parent=9212"}],"wp:term":[{"taxonomy":"product_cat","embeddable":true,"href":"https:\/\/mouldking.store\/de\/wp-json\/wp\/v2\/product_cat?post=9212"},{"taxonomy":"product_tag","embeddable":true,"href":"https:\/\/mouldking.store\/de\/wp-json\/wp\/v2\/product_tag?post=9212"}],"curies":[{"name":"wp","href":"https:\/\/api.w.org\/{rel}","templated":true}]}}